{"id":38,"date":"2025-03-13T08:34:01","date_gmt":"2025-03-13T11:34:01","guid":{"rendered":"https:\/\/wp.ufpel.edu.br\/30encontroasphe\/?page_id=38"},"modified":"2025-09-19T19:20:22","modified_gmt":"2025-09-19T22:20:22","slug":"submissao-de-trabalhos","status":"publish","type":"page","link":"https:\/\/wp.ufpel.edu.br\/30encontroasphe\/submissao-de-trabalhos\/","title":{"rendered":"Submiss\u00e3o de trabalhos"},"content":{"rendered":"\n<div class=\"wp-block-group is-nowrap is-layout-flex wp-container-core-group-is-layout-ad2f72ca wp-block-group-is-layout-flex\"><\/div>\n\n\n\n<p class=\"has-kb-palette-5-color has-text-color has-link-color wp-elements-56f0d0398e107023f4044b25718bbdc5\"><strong>PER\u00cdODO E FORMA DE SUBMISS\u00c3O DE TRABALHOS:<\/strong><\/p>\n\n\n\n<p><strong>Entre 05\/05\/2025 e 13\/07\/2025<\/strong><\/p>\n\n\n\n<p>Submiss\u00e3o dos trabalhos: Somente pelo e-mail &#8211; <a href=\"mailto:30asphe@gmail.com\">30asphe@gmail.com<\/a><\/p>\n\n\n\n<div class=\"wp-block-group is-nowrap is-layout-flex wp-container-core-group-is-layout-ad2f72ca wp-block-group-is-layout-flex\">\n<div class=\"wp-block-group is-vertical is-nowrap is-layout-flex wp-container-core-group-is-layout-fc43baa9 wp-block-group-is-layout-flex\"><\/div>\n<\/div>\n\n\n\n<p class=\"has-kb-palette-5-color has-text-color has-link-color wp-elements-c758673667c57a8849c532c84f777d40\"><strong>INFORMA\u00c7\u00d5ES SOBRE A SUBMISS\u00c3O E APRESENTA\u00c7\u00c3O DE TRABALHOS<\/strong>:<\/p>\n\n\n\n<p>&#8211; Para o envio de trabalhos para o evento os temas precisam estar em conson\u00e2ncia com a Hist\u00f3ria da Educa\u00e7\u00e3o. Al\u00e9m disso, nesta edi\u00e7\u00e3o o tema est\u00e1 voltado para a discuss\u00e3o do Patrim\u00f4nio Hist\u00f3rico Educativo;<\/p>\n\n\n\n<p>&#8211; A submiss\u00e3o de trabalho para o evento \u00e9 apenas para apresenta\u00e7\u00e3o oral (n\u00e3o ser\u00e3o aceitos outras modalidades de apresenta\u00e7\u00e3o tais como banner, etc.);<\/p>\n\n\n\n<p>&#8211; As propostas aprovadas ser\u00e3o divididas conforme a afinidade dos temas para a apresenta\u00e7\u00e3o presencial nos dias do evento, de acordo como os turnos e dias da programa\u00e7\u00e3o;<\/p>\n\n\n\n<p>&#8211; Cada sala de apresenta\u00e7\u00e3o contar\u00e1 com equipamento (<em>notebook<\/em> e projetor\/<em>datashow<\/em>) para a apresenta\u00e7\u00e3o de slides (o uso de<em> slides<\/em> n\u00e3o \u00e9 obrigat\u00f3rio);<\/p>\n\n\n\n<p>&#8211; O(a) apresentador(a) \u00e9 respons\u00e1vel por trazer sua apresenta\u00e7\u00e3o de <em>slides<\/em> em arquivo no formato PDF, em pendrive. Se for de seu interesse, h\u00e1 um <em>template<\/em> padr\u00e3o do evento &#8211; n\u00e3o obrigat\u00f3rio, dispon\u00edvel em: <a href=\"https:\/\/drive.google.com\/drive\/folders\/1Pb6IX18enfwbvAWPI2vZfKBbVNUeP98B?usp=sharing\">https:\/\/drive.google.com\/drive\/folders\/1Pb6IX18enfwbvAWPI2vZfKBbVNUeP98B?usp=sharing<\/a>;<\/p>\n\n\n\n<p>&#8211; O tempo de apresenta\u00e7\u00e3o de trabalhos ser\u00e1 entre 10 a 12 minutos, que ser\u00e1 controlado pela pessoa respons\u00e1vel por coordenar os trabalhos da sala e pelo(a) monitor(a) da sala;<\/p>\n\n\n\n<p>&#8211; Recomenda-se no m\u00e1ximo 15 <em>slides<\/em> para o tempo dispon\u00edvel de apresenta\u00e7\u00e3o.<\/p>\n\n\n\n<div class=\"wp-block-group is-nowrap is-layout-flex wp-container-core-group-is-layout-ad2f72ca wp-block-group-is-layout-flex\">\n<div class=\"wp-block-group is-vertical is-nowrap is-layout-flex wp-container-core-group-is-layout-fc43baa9 wp-block-group-is-layout-flex\"><\/div>\n<\/div>\n\n\n\n<p class=\"has-kb-palette-5-color has-text-color has-link-color wp-elements-4935c11982e1b49e43ed1d35a31039fb\"><strong>REGULAMENTO:<\/strong><\/p>\n\n\n\n<p>&#8211; Os trabalhos dever\u00e3o seguir o <em>template<\/em> do evento para organiza\u00e7\u00e3o do texto, dispon\u00edvel no link: <a href=\"https:\/\/docs.google.com\/document\/d\/1SYFtjd35e2b1nuPK7SHb-96-D-Os7SEXaXVX4mI2Cec\/edit?usp=drive_link\">https:\/\/docs.google.com\/document\/d\/1Kw1y2dBcrHpStBnzYy0Ga8UxkQhza_N2GbXxJbm4H4U\/edit?usp=sharing<\/a>;<\/p>\n\n\n\n<p>&#8211; Os trabalhos dever\u00e3o ser submetidos exclusivamente pelo e-mail do evento (<a href=\"mailto:30asphe@gmail.com\">30asphe@gmail.com<\/a>) e os arquivos devem estar em formato de <em>Word<\/em>;<\/p>\n\n\n\n<p>&#8211; Os trabalhos dever\u00e3o ser enviados na forma de resumo expandido, e ser\u00e3o apresentados na modalidade de comunica\u00e7\u00e3o oral no evento;<\/p>\n\n\n\n<p>&#8211; Os resumos expandidos devem ter entre 6000 e 10000 caracteres com espa\u00e7os, explicitando objetivos, perspectivas te\u00f3rico-metodol\u00f3gicas, temporalidade, conclus\u00f5es e refer\u00eancias. Os trabalhos devem estar relacionados ao campo da Hist\u00f3ria da Educa\u00e7\u00e3o;<\/p>\n\n\n\n<p>&#8211; O t\u00edtulo do artigo e os nomes dos autores e dados de identifica\u00e7\u00e3o devem seguir o template, de acordo com a configura\u00e7\u00e3o j\u00e1 estabelecida. O t\u00edtulo deve estar em vermelho, letras mai\u00fasculas, alinhado \u00e0 esquerda e com fonte Arial 15 pt. Os nomes dos autores, entre mai\u00fasculas e min\u00fasculas devem estar alinhados \u00e0 esquerda, bem como seus dados de institui\u00e7\u00e3o e e-mail, sendo que o nome deve estar em negrito e Arial 12 pt, e os seus dados institucionais e de contato devem estar em Arial regular e tamanho 10 pt. Conforme a ordem explicitada no template, na primeira linha deve constar o nome completo do autor, na segunda linha a institui\u00e7\u00e3o por extenso acompanhada pela sua sigla (separada por h\u00edfen) e na terceira linha o seu e-mail de contato. Os espa\u00e7amentos entrelinhas devem seguir o modelo do template;<\/p>\n\n\n\n<p>&#8211; Em caso de utilizar Figuras, Quadros e Tabelas, \u00e9 obrigat\u00f3rio constar a sua legenda e a fonte. A legenda desses tr\u00eas itens deve ir logo acima desse item, centralizada, em fonte Arial 10 e a sua numera\u00e7\u00e3o tamb\u00e9m deve estar indicada na parte a qual se refere, no texto. A fonte desses itens necessita sempre constar, mesmo sendo produzida pelo pr\u00f3prio autor, devendo ficar abaixo e centralizada, em fonte Arial 10;<\/p>\n\n\n\n<p>&#8211; As refer\u00eancias devem seguir o padr\u00e3o de normas t\u00e9cnicas da ABNT (NBR6023 &#8211; 2018). Dispon\u00edvel em: <a href=\"https:\/\/drive.google.com\/file\/d\/1TDhJCU0uRLsuLra92OAlvbcIajr5YI0O\/view?usp=sharing\">https:\/\/drive.google.com\/file\/d\/1TDhJCU0uRLsuLra92OAlvbcIajr5YI0O\/view?usp=sharing<\/a>;<\/p>\n\n\n\n<p>&#8211; Cada autor poder\u00e1 submeter at\u00e9 um trabalho como autor principal e participar como coautor em mais um trabalho. Bolsistas de inicia\u00e7\u00e3o cient\u00edfica, mestrado e doutorado devem incluir seus orientadores como coautores, n\u00e3o havendo limite de submiss\u00f5es para os orientadores;<\/p>\n\n\n\n<p>&#8211; Cada trabalho poder\u00e1 ter um autor e no m\u00e1ximo at\u00e9 dois coautores;<\/p>\n\n\n\n<p>&#8211; A comiss\u00e3o organizadora confirmar\u00e1 o recebimento do trabalho submetido, em resposta ao e-mail do proponente;<\/p>\n\n\n\n<p>&#8211; Os trabalhos aceitos pela comiss\u00e3o cient\u00edfica do evento ser\u00e3o apresentados presencialmente durante o Encontro em Pelotas\/RS;<\/p>\n\n\n\n<p>&#8211; As propostas ser\u00e3o avaliadas e os trabalhos aprovados ser\u00e3o divulgados neste site. Ap\u00f3s isso, para apresentar trabalho no evento e ter o texto publicado no Caderno de resumos, ser\u00e1 necess\u00e1rio que o participante se inscreva e deve pagar a taxa do evento e a da anuidade da Asphe de 2025 (valores e categorias abaixo), cujos comprovantes dever\u00e3o ser enviados pelo formul\u00e1rio de inscri\u00e7\u00e3o (link ser\u00e1 disponibilizado aqui em breve);<\/p>\n\n\n\n<p>&#8211; Os trabalhos aceitos ser\u00e3o publicados em um Caderno de resumos a ser disponibilizado antes do evento;<\/p>\n\n\n\n<p>&#8211; Se desejarem, os apresentadores de trabalho poder\u00e3o utilizar o template dos slides com o padr\u00e3o do evento. N\u00e3o \u00e9 obrigat\u00f3ria a ades\u00e3o a este modelo. O link est\u00e1 em: <a href=\"https:\/\/drive.google.com\/drive\/folders\/1Pb6IX18enfwbvAWPI2vZfKBbVNUeP98B?usp=sharing\">https:\/\/drive.google.com\/drive\/folders\/1Pb6IX18enfwbvAWPI2vZfKBbVNUeP98B?usp=sharing<\/a><\/p>\n\n\n\n<p>&#8211; Ap\u00f3s o evento, os interessados poder\u00e3o enviar suas comunica\u00e7\u00f5es em formato de artigo completo para a composi\u00e7\u00e3o do e-book do 30\u00ba Encontro da Asphe. Os textos completos, de car\u00e1ter opcional, devem ter de 12 a 15 p\u00e1ginas, incluindo resumo e refer\u00eancias, submetidos de acordo com o template (que ser\u00e1 disponibilizado posteriormente). Os artigos submetidos passar\u00e3o por processo de revis\u00e3o e edi\u00e7\u00e3o final.<\/p>\n\n\n\n<div class=\"wp-block-group is-nowrap is-layout-flex wp-container-core-group-is-layout-ad2f72ca wp-block-group-is-layout-flex\">\n<div class=\"wp-block-group is-vertical is-nowrap is-layout-flex wp-container-core-group-is-layout-fc43baa9 wp-block-group-is-layout-flex\"><\/div>\n<\/div>\n\n\n\n<p class=\"has-kb-palette-5-color has-text-color has-link-color wp-elements-6e25dcde59bc8ec827376593001b0cf7\"><strong>INSCRI\u00c7\u00d5ES<\/strong><\/p>\n\n\n\n<p>&#8211; Os apresentadores de trabalhos dever\u00e3o pagar a taxa de anuidade da Asphe e de inscri\u00e7\u00e3o no evento, de acordo com a sua categoria;<\/p>\n\n\n\n<p>&#8211; Interessados em participar somente como ouvintes poder\u00e3o se inscrever tamb\u00e9m, e devem observar a sua categoria, pois estar\u00e3o isentos de algumas das taxas, como constam as informa\u00e7\u00f5es no quadro abaixo;<\/p>\n\n\n\n<p>&#8211; Para efetivar a inscri\u00e7\u00e3o no evento, em ambos os casos \u2013 apresentador e ouvinte, todos os participantes dever\u00e3o preencher o formul\u00e1rio de inscri\u00e7\u00e3o (em breve ser\u00e1 disponibilizado o link aqui), com envio do comprovante de pagamento da anuidade e inscri\u00e7\u00e3o.<\/p>\n\n\n\n<p>&#8211; Os pagamentos (da inscri\u00e7\u00e3o e anuidade da Asphe 2025) dever\u00e3o ser realizados previamente diretamente para a conta da Associa\u00e7\u00e3o, conforme os seguintes dados:<\/p>\n\n\n\n<p>Banco do Brasil: 001<\/p>\n\n\n\n<p>Conta Corrente: 92.616-7<\/p>\n\n\n\n<p>Ag\u00eancia: 0034-5<\/p>\n\n\n\n<p>CNPJ: 40.056.625\/0001-90<\/p>\n\n\n\n<p>O pagamento tamb\u00e9m pode ser feito via PIX, para a chave:<\/p>\n\n\n\n<p>CNPJ: 40.056.625\/0001-90<\/p>\n\n\n\n<div class=\"wp-block-group is-nowrap is-layout-flex wp-container-core-group-is-layout-ad2f72ca wp-block-group-is-layout-flex\"><\/div>\n\n\n\n<p class=\"has-kb-palette-5-color has-text-color has-link-color wp-elements-10285c96355a33fe22c8171653672380\"><strong>Acompanhe as principais datas:<\/strong><\/p>\n\n\n\n<p><strong><mark style=\"background-color:rgba(0, 0, 0, 0);color:#a9282d\" class=\"has-inline-color\">Submiss\u00e3o de trabalhos<\/mark>:<\/strong> 05\/05\/2025 a 13\/07\/2025 (Somente pelo e-mail: 30asphe@gmail.com)<\/p>\n\n\n\n<p><strong><mark style=\"background-color:rgba(0, 0, 0, 0);color:#a9282d\" class=\"has-inline-color\">Avalia\u00e7\u00e3o dos trabalhos pelo comit\u00ea cient\u00edfico<\/mark>:<\/strong> de 28\/07\/2025 a 15\/08\/2025<\/p>\n\n\n\n<p><strong><mark style=\"background-color:rgba(0, 0, 0, 0);color:#a9282d\" class=\"has-inline-color\">Divulga\u00e7\u00e3o das comunica\u00e7\u00f5es aprovadas<\/mark>:<\/strong> a partir de 20\/08\/2025<\/p>\n\n\n\n<div style=\"height:16px\" aria-hidden=\"true\" class=\"wp-block-spacer\"><\/div>\n\n\n\n<p><strong><mark style=\"background-color:rgba(0, 0, 0, 0);color:#a9282d\" class=\"has-inline-color\">Inscri\u00e7\u00e3o com apresenta\u00e7\u00e3o de trabalhos + pagamento da anuidade<\/mark>:<\/strong> at\u00e9 06\/09\/2025<\/p>\n\n\n\n<p><mark style=\"background-color:rgba(0, 0, 0, 0);color:#a9282d\" class=\"has-inline-color\"><strong>Inscri\u00e7\u00e3o como ouvinte<\/strong> <\/mark>(sem apresenta\u00e7\u00e3o de trabalhos): at\u00e9 15\/09\/2025<\/p>\n\n\n\n<div class=\"wp-block-group is-nowrap is-layout-flex wp-container-core-group-is-layout-ad2f72ca wp-block-group-is-layout-flex\"><\/div>\n\n\n\n<p class=\"has-kb-palette-4-color has-kb-palette-6-background-color has-text-color has-background has-link-color wp-elements-98443f7944df61d8a35adae0d00bb25b\"><strong>Acesse aqui o formul\u00e1rio de inscri\u00e7\u00e3o: <a href=\"https:\/\/forms.gle\/X2ccHNPrdtm9Tvv4A\" target=\"_blank\" rel=\"noreferrer noopener\">https:\/\/forms.gle\/X2ccHNPrdtm9Tvv4A<\/a><\/strong><\/p>\n\n\n\n<div style=\"height:16px\" aria-hidden=\"true\" class=\"wp-block-spacer\"><\/div>\n\n\n\n<figure class=\"wp-block-table is-style-stripes\"><table class=\"has-fixed-layout\"><thead><tr><th><strong>Valores<\/strong><\/th><th><strong>Anuidade da ASPHE<\/strong><\/th><th><strong>Inscri\u00e7\u00e3o no evento<\/strong><\/th><\/tr><\/thead><tbody><tr><td>Docentes do Ensino Superior<\/td><td>R$ 150,00<\/td><td>R$ 80,00<\/td><\/tr><tr><td>Estudantes de P\u00f3s-gradua\u00e7\u00e3o<\/td><td>R$ 70,00<\/td><td>R$ 50,00<\/td><\/tr><tr><td>Estudantes de Gradua\u00e7\u00e3o<\/td><td>R$ 70,00<\/td><td>R$ 30,00<\/td><\/tr><tr><td>Docentes da Educa\u00e7\u00e3o B\u00e1sica<\/td><td>R$ 70,00<\/td><td>R$ 30,00<\/td><\/tr><tr><td>Ouvintes<\/td><td>Isentos<\/td><td>R$ 30,00<\/td><\/tr><tr><td>Ouvintes &#8211; Estudantes de Gradua\u00e7\u00e3o<\/td><td>Isentos<\/td><td>Isentos<\/td><\/tr><\/tbody><\/table><\/figure>\n\n\n\n<p>Acompanhe esta se\u00e7\u00e3o para informa\u00e7\u00f5es atualizadas, no decorrer dos pr\u00f3ximos meses.<\/p>\n\n\n\n<div class=\"wp-block-group is-nowrap is-layout-flex wp-container-core-group-is-layout-ad2f72ca wp-block-group-is-layout-flex\"><\/div>\n\n\n\n<footer class=\"wp-block-group alignfull rodape-apoiadores has-background\" style=\"background-color:#e9e9e9\"><div class=\"wp-block-group__inner-container is-layout-constrained wp-block-group-is-layout-constrained\">\n<div class=\"wp-block-columns is-layout-flex wp-container-core-columns-is-layout-9d6595d7 wp-block-columns-is-layout-flex\">\n<div class=\"wp-block-column is-layout-flow wp-block-column-is-layout-flow\" style=\"flex-basis:50%\">\n<h2 class=\"wp-block-heading\" style=\"font-size:1em\">Realiza\u00e7\u00e3o:<\/h2>\n\n\n\n<div class=\"wp-block-group is-nowrap is-layout-flex wp-container-core-group-is-layout-ad2f72ca wp-block-group-is-layout-flex\">\n<figure class=\"wp-block-image size-full img-apoiadores\"><a href=\"https:\/\/portal.ufpel.edu.br\/\"><img loading=\"lazy\" decoding=\"async\" width=\"120\" height=\"120\" src=\"https:\/\/wp.ufpel.edu.br\/30encontroasphe\/files\/2025\/03\/logo-ufpel.png\" alt=\"Logo colorido da UFPel\" class=\"wp-image-68\" style=\"object-fit:cover\"\/><\/a><\/figure>\n\n\n\n<figure class=\"wp-block-image size-full is-resized img-apoiadores\"><a href=\"https:\/\/asphers.wordpress.com\/\"><img loading=\"lazy\" decoding=\"async\" width=\"120\" height=\"120\" src=\"https:\/\/wp.ufpel.edu.br\/30encontroasphe\/files\/2025\/03\/logo-asphe.png\" alt=\"Logo da Associa\u00e7\u00e3o Sul-Rio-Grandense de Pesquisadores em Hist\u00f3ria da Educa\u00e7\u00e3o - ASPHE\" class=\"wp-image-66\" style=\"object-fit:cover;width:64px;height:auto\"\/><\/a><\/figure>\n<\/div>\n<\/div>\n\n\n\n<div class=\"wp-block-column is-layout-flow wp-block-column-is-layout-flow\">\n<h2 class=\"wp-block-heading\" style=\"font-size:1em\">Organiza\u00e7\u00e3o:<\/h2>\n\n\n\n<div class=\"wp-block-group is-nowrap is-layout-flex wp-container-core-group-is-layout-ad2f72ca wp-block-group-is-layout-flex\">\n<figure class=\"wp-block-image size-full img-apoiadores\"><a href=\"https:\/\/wp.ufpel.edu.br\/hisales\/\"><img loading=\"lazy\" decoding=\"async\" width=\"120\" height=\"120\" src=\"https:\/\/wp.ufpel.edu.br\/30encontroasphe\/files\/2025\/03\/logo-hisales.png\" alt=\"Logo do Centro de mem\u00f3ria e pesquisa Hist\u00f3ria da Alfabetiza\u00e7\u00e3o, Leitura, Escrita e dos Livros Escolares - HISALES\" class=\"wp-image-65\" style=\"aspect-ratio:16\/9;object-fit:cover\"\/><\/a><\/figure>\n\n\n\n<figure class=\"wp-block-image size-full is-resized img-apoiadores\"><a href=\"https:\/\/wp.ufpel.edu.br\/ceihe\/\"><img loading=\"lazy\" decoding=\"async\" width=\"120\" height=\"120\" src=\"https:\/\/wp.ufpel.edu.br\/30encontroasphe\/files\/2025\/04\/logo-ceihe-02.png\" alt=\"Logo do Centro de estudos e investiga\u00e7\u00f5es em Hist\u00f3ria da Educa\u00e7\u00e3o - CEIHE\" class=\"wp-image-998\" style=\"aspect-ratio:16\/9;object-fit:cover;width:106px\"\/><\/a><\/figure>\n\n\n\n<figure class=\"wp-block-image size-full is-resized img-apoiadores\"><a href=\"https:\/\/wp.ufpel.edu.br\/leh\/heduca\/\"><img loading=\"lazy\" decoding=\"async\" width=\"120\" height=\"120\" src=\"https:\/\/wp.ufpel.edu.br\/30encontroasphe\/files\/2025\/04\/logo-heduca-02.png\" alt=\"Logo do Grupo de pesquisa Hist\u00f3ria e Educa\u00e7\u00e3o: textos, escritas e leituras - HEDUCA\" class=\"wp-image-837\" style=\"aspect-ratio:16\/9;object-fit:cover;width:106px\"\/><\/a><\/figure>\n<\/div>\n<\/div>\n<\/div>\n\n\n\n<hr class=\"wp-block-separator has-text-color has-alpha-channel-opacity has-background separador\" style=\"background-color:#d9d9d9;color:#d9d9d9\"\/>\n\n\n\n<div class=\"wp-block-group is-vertical is-layout-flex wp-container-core-group-is-layout-8cad6afd wp-block-group-is-layout-flex\">\n<h2 class=\"wp-block-heading\" style=\"font-size:1em\">Colabora\u00e7\u00e3o:<\/h2>\n\n\n\n<div class=\"wp-block-group is-layout-flex wp-block-group-is-layout-flex\">\n<figure class=\"wp-block-image size-full is-resized img-apoiadores\"><a href=\"https:\/\/wp.ufpel.edu.br\/ca\/\"><img loading=\"lazy\" decoding=\"async\" width=\"2133\" height=\"2133\" src=\"https:\/\/wp.ufpel.edu.br\/30encontroasphe\/files\/2025\/04\/logo-ca-edited.png\" alt=\"Logo do Centro de Artes - CA\/UFPel\" class=\"wp-image-1023\" style=\"width:95px\" srcset=\"https:\/\/wp.ufpel.edu.br\/30encontroasphe\/files\/2025\/04\/logo-ca-edited.png 2133w, https:\/\/wp.ufpel.edu.br\/30encontroasphe\/files\/2025\/04\/logo-ca-edited-400x400.png 400w, https:\/\/wp.ufpel.edu.br\/30encontroasphe\/files\/2025\/04\/logo-ca-edited-1024x1024.png 1024w, https:\/\/wp.ufpel.edu.br\/30encontroasphe\/files\/2025\/04\/logo-ca-edited-200x200.png 200w, https:\/\/wp.ufpel.edu.br\/30encontroasphe\/files\/2025\/04\/logo-ca-edited-768x768.png 768w, https:\/\/wp.ufpel.edu.br\/30encontroasphe\/files\/2025\/04\/logo-ca-edited-1536x1536.png 1536w, https:\/\/wp.ufpel.edu.br\/30encontroasphe\/files\/2025\/04\/logo-ca-edited-2048x2048.png 2048w\" sizes=\"auto, (max-width: 2133px) 100vw, 2133px\" \/><\/a><\/figure>\n\n\n\n<figure class=\"wp-block-image size-full is-resized img-apoiadores\"><a href=\"https:\/\/wp.ufpel.edu.br\/ceihe\/\"><img loading=\"lazy\" decoding=\"async\" width=\"120\" height=\"68\" src=\"https:\/\/wp.ufpel.edu.br\/30encontroasphe\/files\/2025\/04\/logo-cedoc-edited.png\" alt=\"Logo do Centro de documenta\u00e7\u00e3o - CEDOC \/ CEIHE\" class=\"wp-image-1022\" style=\"width:125px;height:auto\"\/><\/a><\/figure>\n\n\n\n<figure class=\"wp-block-image size-large is-resized\"><a href=\"https:\/\/wp.ufpel.edu.br\/cehus\/\"><img loading=\"lazy\" decoding=\"async\" width=\"1024\" height=\"621\" src=\"https:\/\/wp.ufpel.edu.br\/30encontroasphe\/files\/2025\/08\/cehus-1024x621.png\" alt=\"Logo do CEHUS.\" class=\"wp-image-1674\" style=\"width:80px\" srcset=\"https:\/\/wp.ufpel.edu.br\/30encontroasphe\/files\/2025\/08\/cehus-1024x621.png 1024w, https:\/\/wp.ufpel.edu.br\/30encontroasphe\/files\/2025\/08\/cehus-400x243.png 400w, https:\/\/wp.ufpel.edu.br\/30encontroasphe\/files\/2025\/08\/cehus-768x466.png 768w, https:\/\/wp.ufpel.edu.br\/30encontroasphe\/files\/2025\/08\/cehus-1536x931.png 1536w, https:\/\/wp.ufpel.edu.br\/30encontroasphe\/files\/2025\/08\/cehus.png 1583w\" sizes=\"auto, (max-width: 1024px) 100vw, 1024px\" \/><\/a><\/figure>\n\n\n\n<figure class=\"wp-block-image size-full is-resized img-apoiadores\"><a href=\"https:\/\/centrodememoriadaeducacaofurg.blogspot.com\/\"><img loading=\"lazy\" decoding=\"async\" width=\"120\" height=\"120\" src=\"https:\/\/wp.ufpel.edu.br\/30encontroasphe\/files\/2025\/03\/logo-cemedu.png\" alt=\"Logo do Centro de mem\u00f3ria da educa\u00e7\u00e3o - CEMEDU - IE\/FURG\" class=\"wp-image-60\" style=\"width:98px;height:auto\"\/><\/a><\/figure>\n\n\n\n<figure class=\"wp-block-image size-full is-resized img-apoiadores\"><a href=\"https:\/\/wp.ufpel.edu.br\/fae\/\"><img loading=\"lazy\" decoding=\"async\" width=\"120\" height=\"120\" src=\"https:\/\/wp.ufpel.edu.br\/30encontroasphe\/files\/2025\/03\/logo-fae-1.png\" alt=\"\" class=\"wp-image-70\" style=\"width:67px;height:auto\"\/><\/a><\/figure>\n\n\n\n<figure class=\"wp-block-image size-full is-resized img-apoiadores\"><a href=\"https:\/\/wp.ufpel.edu.br\/leh\/\"><img loading=\"lazy\" decoding=\"async\" width=\"120\" height=\"120\" src=\"https:\/\/wp.ufpel.edu.br\/30encontroasphe\/files\/2025\/03\/logo-leh.png\" alt=\"Logo do Laborat\u00f3rio de Ensino de Hist\u00f3ria - LEH\" class=\"wp-image-59\" style=\"width:105px;height:auto\"\/><\/a><\/figure>\n\n\n\n<figure class=\"wp-block-image size-full is-resized img-apoiadores\"><a href=\"https:\/\/wp.ufpel.edu.br\/ppge\/\"><img loading=\"lazy\" decoding=\"async\" width=\"120\" height=\"120\" src=\"https:\/\/wp.ufpel.edu.br\/30encontroasphe\/files\/2025\/03\/logo-ppge.png\" alt=\"Logo do Programa de P\u00f3s-gradua\u00e7\u00e3o em Educa\u00e7\u00e3o - PPGE\/UFPel\" class=\"wp-image-58\" style=\"width:87px;height:auto\"\/><\/a><\/figure>\n\n\n\n<figure class=\"wp-block-image size-full is-resized img-apoiadores\"><a href=\"https:\/\/wp.ufpel.edu.br\/ppgemat\/\"><img loading=\"lazy\" decoding=\"async\" width=\"120\" height=\"120\" src=\"https:\/\/wp.ufpel.edu.br\/30encontroasphe\/files\/2025\/03\/logo-ppgemat.png\" alt=\"Logo do Programa de P\u00f3s-Gradua\u00e7\u00e3o em Educa\u00e7\u00e3o Matem\u00e1tica - PPGEMAT\" class=\"wp-image-57\" style=\"width:75px;height:auto\"\/><\/a><\/figure>\n\n\n\n<figure class=\"wp-block-image size-full is-resized\"><img loading=\"lazy\" decoding=\"async\" width=\"120\" height=\"120\" src=\"https:\/\/wp.ufpel.edu.br\/30encontroasphe\/files\/2025\/03\/logo-ppgh.png\" alt=\"Logo do Programa de P\u00f3s-Gradua\u00e7\u00e3o em Hist\u00f3ria - PPGH\" class=\"wp-image-56\" style=\"width:90px;height:auto\"\/><\/figure>\n<\/div>\n<\/div>\n<\/div><\/footer>\n","protected":false},"excerpt":{"rendered":"<p>PER\u00cdODO E FORMA DE SUBMISS\u00c3O DE TRABALHOS: Entre 05\/05\/2025 e 13\/07\/2025 Submiss\u00e3o dos trabalhos: Somente pelo e-mail &#8211; 30asphe@gmail.com INFORMA\u00c7\u00d5ES SOBRE A SUBMISS\u00c3O E APRESENTA\u00c7\u00c3O DE TRABALHOS: &#8211; Para o envio de trabalhos para o evento os temas precisam estar em conson\u00e2ncia com a Hist\u00f3ria da Educa\u00e7\u00e3o. Al\u00e9m disso, nesta edi\u00e7\u00e3o o tema est\u00e1 voltado [&hellip;]<\/p>\n","protected":false},"author":1421,"featured_media":0,"parent":0,"menu_order":0,"comment_status":"closed","ping_status":"closed","template":"templates\/template-full.php","meta":{"footnotes":""},"class_list":["post-38","page","type-page","status-publish","hentry","post"],"_links":{"self":[{"href":"https:\/\/wp.ufpel.edu.br\/30encontroasphe\/wp-json\/wp\/v2\/pages\/38","targetHints":{"allow":["GET"]}}],"collection":[{"href":"https:\/\/wp.ufpel.edu.br\/30encontroasphe\/wp-json\/wp\/v2\/pages"}],"about":[{"href":"https:\/\/wp.ufpel.edu.br\/30encontroasphe\/wp-json\/wp\/v2\/types\/page"}],"author":[{"embeddable":true,"href":"https:\/\/wp.ufpel.edu.br\/30encontroasphe\/wp-json\/wp\/v2\/users\/1421"}],"replies":[{"embeddable":true,"href":"https:\/\/wp.ufpel.edu.br\/30encontroasphe\/wp-json\/wp\/v2\/comments?post=38"}],"version-history":[{"count":3,"href":"https:\/\/wp.ufpel.edu.br\/30encontroasphe\/wp-json\/wp\/v2\/pages\/38\/revisions"}],"predecessor-version":[{"id":1851,"href":"https:\/\/wp.ufpel.edu.br\/30encontroasphe\/wp-json\/wp\/v2\/pages\/38\/revisions\/1851"}],"wp:attachment":[{"href":"https:\/\/wp.ufpel.edu.br\/30encontroasphe\/wp-json\/wp\/v2\/media?parent=38"}],"curies":[{"name":"wp","href":"https:\/\/api.w.org\/{rel}","templated":true}]}}