{"id":1755,"date":"2025-08-27T12:02:22","date_gmt":"2025-08-27T15:02:22","guid":{"rendered":"https:\/\/wp.ufpel.edu.br\/30encontroasphe\/?page_id=1755"},"modified":"2025-09-26T23:44:07","modified_gmt":"2025-09-27T02:44:07","slug":"feira-de-produtos","status":"publish","type":"page","link":"https:\/\/wp.ufpel.edu.br\/30encontroasphe\/feira-de-produtos\/","title":{"rendered":"Feira de produtos"},"content":{"rendered":"\n<p>Entre os 01 e 03 de outubro, durante a programa\u00e7\u00e3o do 30\u00ba Encontro da Asphe, acontecer\u00e1 uma Feira de produtos, com materiais diversos e produ\u00e7\u00f5es locais.<\/p>\n\n\n\n<p>Os estandes estar\u00e3o no Espa\u00e7o Expositivo do CEHUS, o mesmo pr\u00e9dio em que ser\u00e3o realizadas as atividades da programa\u00e7\u00e3o do encontro. O local fica logo \u00e0 entrada, no t\u00e9rreo, \u00e0 direita.<\/p>\n\n\n\n<p>Confira, a seguir, os participantes confirmados, conforme os dias e turnos. Aproveite a oportunidade para conhecer e adquirir lembran\u00e7as de Pelotas e da UFPel!<\/p>\n\n\n\n<div class=\"wp-block-group is-nowrap is-layout-flex wp-container-core-group-is-layout-ad2f72ca wp-block-group-is-layout-flex\"><\/div>\n\n\n\n<div class=\"wp-block-group is-nowrap is-layout-flex wp-container-core-group-is-layout-ad2f72ca wp-block-group-is-layout-flex\"><style>.kb-gallery-id-1755_473ec7-10.kb-gallery-ul.kb-gallery-type-fluidcarousel .kt-blocks-carousel figure .kb-gal-image-radius, .kb-gallery-id-1755_473ec7-10.kb-gallery-ul.kb-gallery-type-fluidcarousel .kt-blocks-carousel figure .kb-gal-image-radius img{height:210px;}.kb-gallery-id-1755_473ec7-10 .kadence-blocks-gallery-item .kb-gal-image-radius, .kb-gallery-id-1755_473ec7-10 .kb-slide-item .kb-gal-image-radius img{border-radius:0px 0px 0px 0px;;}.kb-gallery-wrap-id-1755_473ec7-10.wp-block-kadence-advancedgallery{overflow:visible;}.kb-gallery-wrap-id-1755_473ec7-10.wp-block-kadence-advancedgallery .kt-blocks-carousel{overflow:visible;max-width:100%;}<\/style><div class=\"kb-gallery-wrap-id-1755_473ec7-10 alignnone wp-block-kadence-advancedgallery\"><div class=\"kb-gallery-ul kb-gallery-non-static kb-gallery-type-fluidcarousel kb-gallery-id-1755_473ec7-10 kb-gallery-caption-style-bottom-hover kb-gallery-filter-none\" data-image-filter=\"none\" data-lightbox-caption=\"true\"><div class=\"kt-blocks-carousel splide kt-carousel-container-dotstyle-dark\" data-slider-anim-speed=\"100\" data-slider-scroll=\"1\" data-slider-arrows=\"true\" data-slider-dots=\"true\" data-slider-hover-pause=\"false\" data-slider-auto=\"1\" data-slider-speed=\"2620\" data-slider-type=\"fluidcarousel\" data-slider-center-mode=\"true\" data-slider-gap=\"36px\" data-slider-gap-tablet=\"36px\" data-slider-gap-mobile=\"36px\" data-show-pause-button=\"false\"><div class=\"splide__track\"><ul class=\"kt-blocks-carousel-init kb-blocks-fluid-carousel splide__list kt-carousel-arrowstyle-whiteondark kt-carousel-dotstyle-dark kb-slider-group-arrow kb-slider-arrow-position-center\"><li class=\"kb-slide-item kb-gallery-carousel-item splide__slide\"><div class=\"kadence-blocks-gallery-item\"><div class=\"kadence-blocks-gallery-item-inner\"><figure class=\"kb-gallery-figure kb-gallery-item-has-link kadence-blocks-gallery-item-hide-caption\"><a href=\"https:\/\/www.instagram.com\/editoraufpel\/\" class=\"kb-gallery-item-link\" target=\"_blank\" rel=\"noopener noreferrer\"><div class=\"kb-gal-image-radius\"><div class=\"kb-gallery-image-contain\" ><img loading=\"lazy\" decoding=\"async\" src=\"https:\/\/wp.ufpel.edu.br\/30encontroasphe\/files\/2025\/09\/18.09.19-logo_editora.png\" width=\"178\" height=\"297\" alt=\"\" data-full-image=\"https:\/\/wp.ufpel.edu.br\/30encontroasphe\/files\/2025\/09\/18.09.19-logo_editora.png\" data-light-image=\"https:\/\/wp.ufpel.edu.br\/30encontroasphe\/files\/2025\/09\/18.09.19-logo_editora.png\" data-id=\"2037\" class=\"wp-image-2037 skip-lazy\"\/><\/div><\/div><\/a><\/figure><\/div><\/div><\/li><li class=\"kb-slide-item kb-gallery-carousel-item splide__slide\"><div class=\"kadence-blocks-gallery-item\"><div class=\"kadence-blocks-gallery-item-inner\"><figure class=\"kb-gallery-figure kb-gallery-item-has-link kadence-blocks-gallery-item-hide-caption\"><a href=\"https:\/\/www.instagram.com\/linhaufpel\/\" class=\"kb-gallery-item-link\" target=\"_blank\" rel=\"noopener noreferrer\"><div class=\"kb-gal-image-radius\"><div class=\"kb-gallery-image-contain\" ><img loading=\"lazy\" decoding=\"async\" src=\"https:\/\/wp.ufpel.edu.br\/30encontroasphe\/files\/2025\/09\/Logo-Linha-UFPEL-preto-e1758864768948.png\" width=\"526\" height=\"872\" alt=\"\" data-full-image=\"https:\/\/wp.ufpel.edu.br\/30encontroasphe\/files\/2025\/09\/Logo-Linha-UFPEL-preto-e1758864768948.png\" data-light-image=\"https:\/\/wp.ufpel.edu.br\/30encontroasphe\/files\/2025\/09\/Logo-Linha-UFPEL-preto-e1758864768948.png\" data-id=\"2028\" class=\"wp-image-2028 skip-lazy\" srcset=\"https:\/\/wp.ufpel.edu.br\/30encontroasphe\/files\/2025\/09\/Logo-Linha-UFPEL-preto-e1758864768948.png 526w, https:\/\/wp.ufpel.edu.br\/30encontroasphe\/files\/2025\/09\/Logo-Linha-UFPEL-preto-e1758864768948-241x400.png 241w\" sizes=\"auto, (max-width: 526px) 100vw, 526px\" \/><\/div><\/div><\/a><\/figure><\/div><\/div><\/li><li class=\"kb-slide-item kb-gallery-carousel-item splide__slide\"><div class=\"kadence-blocks-gallery-item\"><div class=\"kadence-blocks-gallery-item-inner\"><figure class=\"kb-gallery-figure kb-gallery-item-has-link kadence-blocks-gallery-item-hide-caption\"><a href=\"https:\/\/www.instagram.com\/xanoarart\/\" class=\"kb-gallery-item-link\" target=\"_blank\" rel=\"noopener noreferrer\"><div class=\"kb-gal-image-radius\"><div class=\"kb-gallery-image-contain\" ><img loading=\"lazy\" decoding=\"async\" src=\"https:\/\/wp.ufpel.edu.br\/30encontroasphe\/files\/2025\/09\/Xanoarart-e1758865034452.jpg\" width=\"382\" height=\"430\" alt=\"\" data-full-image=\"https:\/\/wp.ufpel.edu.br\/30encontroasphe\/files\/2025\/09\/Xanoarart-e1758865034452.jpg\" data-light-image=\"https:\/\/wp.ufpel.edu.br\/30encontroasphe\/files\/2025\/09\/Xanoarart-e1758865034452.jpg\" data-id=\"2027\" class=\"wp-image-2027 skip-lazy\" srcset=\"https:\/\/wp.ufpel.edu.br\/30encontroasphe\/files\/2025\/09\/Xanoarart-e1758865034452.jpg 382w, https:\/\/wp.ufpel.edu.br\/30encontroasphe\/files\/2025\/09\/Xanoarart-e1758865034452-355x400.jpg 355w\" sizes=\"auto, (max-width: 382px) 100vw, 382px\" \/><\/div><\/div><\/a><\/figure><\/div><\/div><\/li><li class=\"kb-slide-item kb-gallery-carousel-item splide__slide\"><div class=\"kadence-blocks-gallery-item\"><div class=\"kadence-blocks-gallery-item-inner\"><figure class=\"kb-gallery-figure kb-gallery-item-has-link kadence-blocks-gallery-item-hide-caption\"><a href=\"https:\/\/www.instagram.com\/artistaruim\/\" class=\"kb-gallery-item-link\" target=\"_blank\" rel=\"noopener noreferrer\"><div class=\"kb-gal-image-radius\"><div class=\"kb-gallery-image-contain\" ><img loading=\"lazy\" decoding=\"async\" src=\"https:\/\/wp.ufpel.edu.br\/30encontroasphe\/files\/2025\/09\/Artista-Ruim-Karine-scaled-e1758865960815.jpg\" width=\"1792\" height=\"1650\" alt=\"\" data-full-image=\"https:\/\/wp.ufpel.edu.br\/30encontroasphe\/files\/2025\/09\/Artista-Ruim-Karine-scaled-e1758865960815.jpg\" data-light-image=\"https:\/\/wp.ufpel.edu.br\/30encontroasphe\/files\/2025\/09\/Artista-Ruim-Karine-scaled-e1758865960815.jpg\" data-id=\"2025\" class=\"wp-image-2025 skip-lazy\" srcset=\"https:\/\/wp.ufpel.edu.br\/30encontroasphe\/files\/2025\/09\/Artista-Ruim-Karine-scaled-e1758865960815.jpg 1792w, https:\/\/wp.ufpel.edu.br\/30encontroasphe\/files\/2025\/09\/Artista-Ruim-Karine-scaled-e1758865960815-400x368.jpg 400w, https:\/\/wp.ufpel.edu.br\/30encontroasphe\/files\/2025\/09\/Artista-Ruim-Karine-scaled-e1758865960815-1024x943.jpg 1024w, https:\/\/wp.ufpel.edu.br\/30encontroasphe\/files\/2025\/09\/Artista-Ruim-Karine-scaled-e1758865960815-768x707.jpg 768w, https:\/\/wp.ufpel.edu.br\/30encontroasphe\/files\/2025\/09\/Artista-Ruim-Karine-scaled-e1758865960815-1536x1414.jpg 1536w\" sizes=\"auto, (max-width: 1792px) 100vw, 1792px\" \/><\/div><\/div><\/a><\/figure><\/div><\/div><\/li><li class=\"kb-slide-item kb-gallery-carousel-item splide__slide\"><div class=\"kadence-blocks-gallery-item\"><div class=\"kadence-blocks-gallery-item-inner\"><figure class=\"kb-gallery-figure kb-gallery-item-has-link kadence-blocks-gallery-item-hide-caption\"><a href=\"https:\/\/www.instagram.com\/afetoanalogico\/\" class=\"kb-gallery-item-link\" target=\"_blank\" rel=\"noopener noreferrer\"><div class=\"kb-gal-image-radius\"><div class=\"kb-gallery-image-contain\" ><img loading=\"lazy\" decoding=\"async\" src=\"https:\/\/wp.ufpel.edu.br\/30encontroasphe\/files\/2025\/09\/Afeto-Analogico-e1758865091377.png\" width=\"284\" height=\"286\" alt=\"\" data-full-image=\"https:\/\/wp.ufpel.edu.br\/30encontroasphe\/files\/2025\/09\/Afeto-Analogico-e1758865091377.png\" data-light-image=\"https:\/\/wp.ufpel.edu.br\/30encontroasphe\/files\/2025\/09\/Afeto-Analogico-e1758865091377.png\" data-id=\"2024\" class=\"wp-image-2024 skip-lazy\" srcset=\"https:\/\/wp.ufpel.edu.br\/30encontroasphe\/files\/2025\/09\/Afeto-Analogico-e1758865091377.png 284w, https:\/\/wp.ufpel.edu.br\/30encontroasphe\/files\/2025\/09\/Afeto-Analogico-e1758865091377-200x200.png 200w\" sizes=\"auto, (max-width: 284px) 100vw, 284px\" \/><\/div><\/div><\/a><\/figure><\/div><\/div><\/li><li class=\"kb-slide-item kb-gallery-carousel-item splide__slide\"><div class=\"kadence-blocks-gallery-item\"><div class=\"kadence-blocks-gallery-item-inner\"><figure class=\"kb-gallery-figure kb-gallery-item-has-link kadence-blocks-gallery-item-hide-caption\"><a href=\"https:\/\/www.instagram.com\/firmatecla\/\" class=\"kb-gallery-item-link\" target=\"_blank\" rel=\"noopener noreferrer\"><div class=\"kb-gal-image-radius\"><div class=\"kb-gallery-image-contain\" ><img loading=\"lazy\" decoding=\"async\" src=\"https:\/\/wp.ufpel.edu.br\/30encontroasphe\/files\/2025\/09\/firmatecla-100.jpg\" width=\"986\" height=\"1194\" alt=\"\" data-full-image=\"https:\/\/wp.ufpel.edu.br\/30encontroasphe\/files\/2025\/09\/firmatecla-100.jpg\" data-light-image=\"https:\/\/wp.ufpel.edu.br\/30encontroasphe\/files\/2025\/09\/firmatecla-100.jpg\" data-id=\"2048\" class=\"wp-image-2048 skip-lazy\" srcset=\"https:\/\/wp.ufpel.edu.br\/30encontroasphe\/files\/2025\/09\/firmatecla-100.jpg 986w, https:\/\/wp.ufpel.edu.br\/30encontroasphe\/files\/2025\/09\/firmatecla-100-330x400.jpg 330w, https:\/\/wp.ufpel.edu.br\/30encontroasphe\/files\/2025\/09\/firmatecla-100-846x1024.jpg 846w, https:\/\/wp.ufpel.edu.br\/30encontroasphe\/files\/2025\/09\/firmatecla-100-768x930.jpg 768w\" sizes=\"auto, (max-width: 986px) 100vw, 986px\" \/><\/div><\/div><\/a><\/figure><\/div><\/div><\/li><\/ul><\/div><\/div><\/div><\/div><\/div>\n\n\n\n<div class=\"wp-block-group is-nowrap is-layout-flex wp-container-core-group-is-layout-ad2f72ca wp-block-group-is-layout-flex\"><\/div>\n\n\n\n<p class=\"has-kb-palette-5-color has-text-color has-link-color has-medium-font-size wp-elements-950c104886625575e3f94d3e83805465\"><strong>Dia 01 de outubro (quarta-feira) &#8211; manh\u00e3:<\/strong><\/p>\n\n\n\n<ul class=\"wp-block-list\">\n<li>N\u00facleo de Editora, Livraria e Gr\u00e1fica da UFPel &#8211; <a href=\"https:\/\/www.instagram.com\/editoraufpel\/\">@editoraufpel<\/a> \/ <a href=\"https:\/\/www.instagram.com\/linhaufpel\/\">@linhaufpel<\/a><\/li>\n\n\n\n<li>Firma Tecla&nbsp; &#8211; <a href=\"https:\/\/www.instagram.com\/firmatecla\/\">@firmatecla<\/a><\/li>\n\n\n\n<li>Artista Ruim &#8211; <a href=\"https:\/\/www.instagram.com\/artistaruim\/\">@artistaruim<\/a><\/li>\n\n\n\n<li>Xanoar Velas Arom\u00e1ticas Artesanais &#8211; <a href=\"https:\/\/www.instagram.com\/xanoarart\/\">@xanoarart<\/a><\/li>\n\n\n\n<li>Afeto Anal\u00f3gico &#8211; <a href=\"https:\/\/www.instagram.com\/afetoanalogico\/\">@afetoanalogico<\/a><\/li>\n<\/ul>\n\n\n\n<div class=\"wp-block-group is-nowrap is-layout-flex wp-container-core-group-is-layout-ad2f72ca wp-block-group-is-layout-flex\"><\/div>\n\n\n\n<div class=\"wp-block-group is-nowrap is-layout-flex wp-container-core-group-is-layout-ad2f72ca wp-block-group-is-layout-flex\"><\/div>\n\n\n\n<p class=\"has-kb-palette-5-color has-text-color has-link-color has-medium-font-size wp-elements-a1e382ef1141809fa698dedfc2bb156e\"><strong>Dia 01 de outubro <strong>(quarta-feira)<\/strong> &#8211; tarde:<\/strong><\/p>\n\n\n\n<ul class=\"wp-block-list\">\n<li>N\u00facleo de Editora, Livraria e Gr\u00e1fica da UFPel &#8211; <a href=\"https:\/\/www.instagram.com\/editoraufpel\/\">@editoraufpel<\/a> \/ <a href=\"https:\/\/www.instagram.com\/linhaufpel\/\">@linhaufpel<\/a><\/li>\n\n\n\n<li>Firma Tecla&nbsp; &#8211; <a href=\"https:\/\/www.instagram.com\/firmatecla\/\">@firmatecla<\/a><\/li>\n\n\n\n<li>Artista Ruim &#8211; <a href=\"https:\/\/www.instagram.com\/artistaruim\/\">@artistaruim<\/a><\/li>\n\n\n\n<li>Xanoar Velas Arom\u00e1ticas Artesanais &#8211; <a href=\"https:\/\/www.instagram.com\/xanoarart\/\">@xanoarart<\/a><\/li>\n\n\n\n<li>Afeto Anal\u00f3gico &#8211; <a href=\"https:\/\/www.instagram.com\/afetoanalogico\/\">@afetoanalogico<\/a><\/li>\n<\/ul>\n\n\n\n<div class=\"wp-block-group is-nowrap is-layout-flex wp-container-core-group-is-layout-ad2f72ca wp-block-group-is-layout-flex\"><\/div>\n\n\n\n<div class=\"wp-block-group is-nowrap is-layout-flex wp-container-core-group-is-layout-ad2f72ca wp-block-group-is-layout-flex\"><\/div>\n\n\n\n<p class=\"has-kb-palette-5-color has-text-color has-link-color has-medium-font-size wp-elements-027a6186b5a7af1211a3b2439b96c311\"><strong>Dia 02 de outubro <strong>(quinta-feira)<\/strong> &#8211; manh\u00e3:<\/strong><\/p>\n\n\n\n<ul class=\"wp-block-list\">\n<li>Firma Tecla&nbsp; &#8211; <a href=\"https:\/\/www.instagram.com\/firmatecla\/\">@firmatecla<\/a><\/li>\n\n\n\n<li>Xanoar Velas Arom\u00e1ticas Artesanais &#8211; <a href=\"https:\/\/www.instagram.com\/xanoarart\/\">@xanoarart<\/a><\/li>\n\n\n\n<li>Afeto Anal\u00f3gico &#8211; <a href=\"https:\/\/www.instagram.com\/afetoanalogico\/\">@afetoanalogico<\/a><\/li>\n<\/ul>\n\n\n\n<div class=\"wp-block-group is-nowrap is-layout-flex wp-container-core-group-is-layout-ad2f72ca wp-block-group-is-layout-flex\"><\/div>\n\n\n\n<div class=\"wp-block-group is-nowrap is-layout-flex wp-container-core-group-is-layout-ad2f72ca wp-block-group-is-layout-flex\"><\/div>\n\n\n\n<p class=\"has-kb-palette-5-color has-text-color has-link-color has-medium-font-size wp-elements-78f33a4f54147ad6b66b54ea403672e6\"><strong>Dia 02 de outubro <strong>(quinta-feira)<\/strong> &#8211; tarde:<\/strong><\/p>\n\n\n\n<ul class=\"wp-block-list\">\n<li>Firma Tecla&nbsp; &#8211; <a href=\"https:\/\/www.instagram.com\/firmatecla\/\">@firmatecla<\/a><\/li>\n\n\n\n<li>Xanoar Velas Arom\u00e1ticas Artesanais &#8211; <a href=\"https:\/\/www.instagram.com\/xanoarart\/\">@xanoarart<\/a><\/li>\n\n\n\n<li>Afeto Anal\u00f3gico &#8211; <a href=\"https:\/\/www.instagram.com\/afetoanalogico\/\">@afetoanalogico<\/a><\/li>\n<\/ul>\n\n\n\n<div class=\"wp-block-group is-nowrap is-layout-flex wp-container-core-group-is-layout-ad2f72ca wp-block-group-is-layout-flex\"><\/div>\n\n\n\n<div class=\"wp-block-group is-nowrap is-layout-flex wp-container-core-group-is-layout-ad2f72ca wp-block-group-is-layout-flex\"><\/div>\n\n\n\n<p class=\"has-kb-palette-5-color has-text-color has-link-color has-medium-font-size wp-elements-56bcaa15d6740f5b805e447d562a1b12\"><strong>Dia 03 de outubro <strong>(sexta-feira)<\/strong> &#8211; manh\u00e3:<\/strong><\/p>\n\n\n\n<ul class=\"wp-block-list\">\n<li>Firma Tecla&nbsp; &#8211; <a href=\"https:\/\/www.instagram.com\/firmatecla\/\">@firmatecla<\/a><\/li>\n\n\n\n<li>Artista Ruim &#8211; <a href=\"https:\/\/www.instagram.com\/artistaruim\/\">@artistaruim<\/a><\/li>\n\n\n\n<li>Xanoar Velas Arom\u00e1ticas Artesanais &#8211; <a href=\"https:\/\/www.instagram.com\/xanoarart\/\">@xanoarart<\/a><\/li>\n\n\n\n<li>Afeto Anal\u00f3gico &#8211; <a href=\"https:\/\/www.instagram.com\/afetoanalogico\/\">@afetoanalogico<\/a><\/li>\n<\/ul>\n\n\n\n<div class=\"wp-block-group is-nowrap is-layout-flex wp-container-core-group-is-layout-ad2f72ca wp-block-group-is-layout-flex\"><\/div>\n\n\n\n<div class=\"wp-block-group is-nowrap is-layout-flex wp-container-core-group-is-layout-ad2f72ca wp-block-group-is-layout-flex\"><\/div>\n\n\n\n<footer class=\"wp-block-group alignfull rodape-apoiadores has-background\" style=\"background-color:#e9e9e9\"><div class=\"wp-block-group__inner-container is-layout-constrained wp-block-group-is-layout-constrained\">\n<div class=\"wp-block-columns is-layout-flex wp-container-core-columns-is-layout-9d6595d7 wp-block-columns-is-layout-flex\">\n<div class=\"wp-block-column is-layout-flow wp-block-column-is-layout-flow\" style=\"flex-basis:50%\">\n<h2 class=\"wp-block-heading\" style=\"font-size:1em\">Realiza\u00e7\u00e3o:<\/h2>\n\n\n\n<div class=\"wp-block-group is-nowrap is-layout-flex wp-container-core-group-is-layout-ad2f72ca wp-block-group-is-layout-flex\">\n<figure class=\"wp-block-image size-full img-apoiadores\"><a href=\"https:\/\/portal.ufpel.edu.br\/\"><img loading=\"lazy\" decoding=\"async\" width=\"120\" height=\"120\" src=\"https:\/\/wp.ufpel.edu.br\/30encontroasphe\/files\/2025\/03\/logo-ufpel.png\" alt=\"Logo colorido da UFPel\" class=\"wp-image-68\" style=\"object-fit:cover\"\/><\/a><\/figure>\n\n\n\n<figure class=\"wp-block-image size-full is-resized img-apoiadores\"><a href=\"https:\/\/asphers.wordpress.com\/\"><img loading=\"lazy\" decoding=\"async\" width=\"120\" height=\"120\" src=\"https:\/\/wp.ufpel.edu.br\/30encontroasphe\/files\/2025\/03\/logo-asphe.png\" alt=\"Logo da Associa\u00e7\u00e3o Sul-Rio-Grandense de Pesquisadores em Hist\u00f3ria da Educa\u00e7\u00e3o - ASPHE\" class=\"wp-image-66\" style=\"object-fit:cover;width:64px;height:auto\"\/><\/a><\/figure>\n<\/div>\n<\/div>\n\n\n\n<div class=\"wp-block-column is-layout-flow wp-block-column-is-layout-flow\">\n<h2 class=\"wp-block-heading\" style=\"font-size:1em\">Organiza\u00e7\u00e3o:<\/h2>\n\n\n\n<div class=\"wp-block-group is-nowrap is-layout-flex wp-container-core-group-is-layout-ad2f72ca wp-block-group-is-layout-flex\">\n<figure class=\"wp-block-image size-full img-apoiadores\"><a href=\"https:\/\/wp.ufpel.edu.br\/hisales\/\"><img loading=\"lazy\" decoding=\"async\" width=\"120\" height=\"120\" src=\"https:\/\/wp.ufpel.edu.br\/30encontroasphe\/files\/2025\/03\/logo-hisales.png\" alt=\"Logo do Centro de mem\u00f3ria e pesquisa Hist\u00f3ria da Alfabetiza\u00e7\u00e3o, Leitura, Escrita e dos Livros Escolares - HISALES\" class=\"wp-image-65\" style=\"aspect-ratio:16\/9;object-fit:cover\"\/><\/a><\/figure>\n\n\n\n<figure class=\"wp-block-image size-full is-resized img-apoiadores\"><a href=\"https:\/\/wp.ufpel.edu.br\/ceihe\/\"><img loading=\"lazy\" decoding=\"async\" width=\"120\" height=\"120\" src=\"https:\/\/wp.ufpel.edu.br\/30encontroasphe\/files\/2025\/04\/logo-ceihe-02.png\" alt=\"Logo do Centro de estudos e investiga\u00e7\u00f5es em Hist\u00f3ria da Educa\u00e7\u00e3o - CEIHE\" class=\"wp-image-998\" style=\"aspect-ratio:16\/9;object-fit:cover;width:106px\"\/><\/a><\/figure>\n\n\n\n<figure class=\"wp-block-image size-full is-resized img-apoiadores\"><a href=\"https:\/\/wp.ufpel.edu.br\/leh\/heduca\/\"><img loading=\"lazy\" decoding=\"async\" width=\"120\" height=\"120\" src=\"https:\/\/wp.ufpel.edu.br\/30encontroasphe\/files\/2025\/04\/logo-heduca-02.png\" alt=\"Logo do Grupo de pesquisa Hist\u00f3ria e Educa\u00e7\u00e3o: textos, escritas e leituras - HEDUCA\" class=\"wp-image-837\" style=\"aspect-ratio:16\/9;object-fit:cover;width:106px\"\/><\/a><\/figure>\n<\/div>\n<\/div>\n<\/div>\n\n\n\n<hr class=\"wp-block-separator has-text-color has-alpha-channel-opacity has-background separador\" style=\"background-color:#d9d9d9;color:#d9d9d9\"\/>\n\n\n\n<div class=\"wp-block-group is-vertical is-layout-flex wp-container-core-group-is-layout-8cad6afd wp-block-group-is-layout-flex\">\n<h2 class=\"wp-block-heading\" style=\"font-size:1em\">Colabora\u00e7\u00e3o:<\/h2>\n\n\n\n<div class=\"wp-block-group is-layout-flex wp-block-group-is-layout-flex\">\n<figure class=\"wp-block-image size-full is-resized img-apoiadores\"><a href=\"https:\/\/wp.ufpel.edu.br\/ca\/\"><img loading=\"lazy\" decoding=\"async\" width=\"2133\" height=\"2133\" src=\"https:\/\/wp.ufpel.edu.br\/30encontroasphe\/files\/2025\/04\/logo-ca-edited.png\" alt=\"Logo do Centro de Artes - CA\/UFPel\" class=\"wp-image-1023\" style=\"width:95px\" srcset=\"https:\/\/wp.ufpel.edu.br\/30encontroasphe\/files\/2025\/04\/logo-ca-edited.png 2133w, https:\/\/wp.ufpel.edu.br\/30encontroasphe\/files\/2025\/04\/logo-ca-edited-400x400.png 400w, https:\/\/wp.ufpel.edu.br\/30encontroasphe\/files\/2025\/04\/logo-ca-edited-1024x1024.png 1024w, https:\/\/wp.ufpel.edu.br\/30encontroasphe\/files\/2025\/04\/logo-ca-edited-200x200.png 200w, https:\/\/wp.ufpel.edu.br\/30encontroasphe\/files\/2025\/04\/logo-ca-edited-768x768.png 768w, https:\/\/wp.ufpel.edu.br\/30encontroasphe\/files\/2025\/04\/logo-ca-edited-1536x1536.png 1536w, https:\/\/wp.ufpel.edu.br\/30encontroasphe\/files\/2025\/04\/logo-ca-edited-2048x2048.png 2048w\" sizes=\"auto, (max-width: 2133px) 100vw, 2133px\" \/><\/a><\/figure>\n\n\n\n<figure class=\"wp-block-image size-full is-resized img-apoiadores\"><a href=\"https:\/\/wp.ufpel.edu.br\/ceihe\/\"><img loading=\"lazy\" decoding=\"async\" width=\"120\" height=\"68\" src=\"https:\/\/wp.ufpel.edu.br\/30encontroasphe\/files\/2025\/04\/logo-cedoc-edited.png\" alt=\"Logo do Centro de documenta\u00e7\u00e3o - CEDOC \/ CEIHE\" class=\"wp-image-1022\" style=\"width:125px;height:auto\"\/><\/a><\/figure>\n\n\n\n<figure class=\"wp-block-image size-large is-resized\"><a href=\"https:\/\/wp.ufpel.edu.br\/cehus\/\"><img loading=\"lazy\" decoding=\"async\" width=\"1024\" height=\"621\" src=\"https:\/\/wp.ufpel.edu.br\/30encontroasphe\/files\/2025\/08\/cehus-1024x621.png\" alt=\"Logo do CEHUS.\" class=\"wp-image-1674\" style=\"width:80px\" srcset=\"https:\/\/wp.ufpel.edu.br\/30encontroasphe\/files\/2025\/08\/cehus-1024x621.png 1024w, https:\/\/wp.ufpel.edu.br\/30encontroasphe\/files\/2025\/08\/cehus-400x243.png 400w, https:\/\/wp.ufpel.edu.br\/30encontroasphe\/files\/2025\/08\/cehus-768x466.png 768w, https:\/\/wp.ufpel.edu.br\/30encontroasphe\/files\/2025\/08\/cehus-1536x931.png 1536w, https:\/\/wp.ufpel.edu.br\/30encontroasphe\/files\/2025\/08\/cehus.png 1583w\" sizes=\"auto, (max-width: 1024px) 100vw, 1024px\" \/><\/a><\/figure>\n\n\n\n<figure class=\"wp-block-image size-full is-resized img-apoiadores\"><a href=\"https:\/\/centrodememoriadaeducacaofurg.blogspot.com\/\"><img loading=\"lazy\" decoding=\"async\" width=\"120\" height=\"120\" src=\"https:\/\/wp.ufpel.edu.br\/30encontroasphe\/files\/2025\/03\/logo-cemedu.png\" alt=\"Logo do Centro de mem\u00f3ria da educa\u00e7\u00e3o - CEMEDU - IE\/FURG\" class=\"wp-image-60\" style=\"width:98px;height:auto\"\/><\/a><\/figure>\n\n\n\n<figure class=\"wp-block-image size-full is-resized img-apoiadores\"><a href=\"https:\/\/wp.ufpel.edu.br\/fae\/\"><img loading=\"lazy\" decoding=\"async\" width=\"120\" height=\"120\" src=\"https:\/\/wp.ufpel.edu.br\/30encontroasphe\/files\/2025\/03\/logo-fae-1.png\" alt=\"\" class=\"wp-image-70\" style=\"width:67px;height:auto\"\/><\/a><\/figure>\n\n\n\n<figure class=\"wp-block-image size-full is-resized img-apoiadores\"><a href=\"https:\/\/wp.ufpel.edu.br\/leh\/\"><img loading=\"lazy\" decoding=\"async\" width=\"120\" height=\"120\" src=\"https:\/\/wp.ufpel.edu.br\/30encontroasphe\/files\/2025\/03\/logo-leh.png\" alt=\"Logo do Laborat\u00f3rio de Ensino de Hist\u00f3ria - LEH\" class=\"wp-image-59\" style=\"width:105px;height:auto\"\/><\/a><\/figure>\n\n\n\n<figure class=\"wp-block-image size-full is-resized img-apoiadores\"><a href=\"https:\/\/wp.ufpel.edu.br\/ppge\/\"><img loading=\"lazy\" decoding=\"async\" width=\"120\" height=\"120\" src=\"https:\/\/wp.ufpel.edu.br\/30encontroasphe\/files\/2025\/03\/logo-ppge.png\" alt=\"Logo do Programa de P\u00f3s-gradua\u00e7\u00e3o em Educa\u00e7\u00e3o - PPGE\/UFPel\" class=\"wp-image-58\" style=\"width:87px;height:auto\"\/><\/a><\/figure>\n\n\n\n<figure class=\"wp-block-image size-full is-resized img-apoiadores\"><a href=\"https:\/\/wp.ufpel.edu.br\/ppgemat\/\"><img loading=\"lazy\" decoding=\"async\" width=\"120\" height=\"120\" src=\"https:\/\/wp.ufpel.edu.br\/30encontroasphe\/files\/2025\/03\/logo-ppgemat.png\" alt=\"Logo do Programa de P\u00f3s-Gradua\u00e7\u00e3o em Educa\u00e7\u00e3o Matem\u00e1tica - PPGEMAT\" class=\"wp-image-57\" style=\"width:75px;height:auto\"\/><\/a><\/figure>\n\n\n\n<figure class=\"wp-block-image size-full is-resized\"><img loading=\"lazy\" decoding=\"async\" width=\"120\" height=\"120\" src=\"https:\/\/wp.ufpel.edu.br\/30encontroasphe\/files\/2025\/03\/logo-ppgh.png\" alt=\"Logo do Programa de P\u00f3s-Gradua\u00e7\u00e3o em Hist\u00f3ria - PPGH\" class=\"wp-image-56\" style=\"width:90px;height:auto\"\/><\/figure>\n<\/div>\n<\/div>\n<\/div><\/footer>\n","protected":false},"excerpt":{"rendered":"<p>Entre os 01 e 03 de outubro, durante a programa\u00e7\u00e3o do 30\u00ba Encontro da Asphe, acontecer\u00e1 uma Feira de produtos, com materiais diversos e produ\u00e7\u00f5es locais. Os estandes estar\u00e3o no Espa\u00e7o Expositivo do CEHUS, o mesmo pr\u00e9dio em que ser\u00e3o realizadas as atividades da programa\u00e7\u00e3o do encontro. O local fica logo \u00e0 entrada, no t\u00e9rreo, [&hellip;]<\/p>\n","protected":false},"author":1421,"featured_media":0,"parent":0,"menu_order":0,"comment_status":"closed","ping_status":"closed","template":"templates\/template-full.php","meta":{"footnotes":""},"class_list":["post-1755","page","type-page","status-publish","hentry","post"],"_links":{"self":[{"href":"https:\/\/wp.ufpel.edu.br\/30encontroasphe\/wp-json\/wp\/v2\/pages\/1755","targetHints":{"allow":["GET"]}}],"collection":[{"href":"https:\/\/wp.ufpel.edu.br\/30encontroasphe\/wp-json\/wp\/v2\/pages"}],"about":[{"href":"https:\/\/wp.ufpel.edu.br\/30encontroasphe\/wp-json\/wp\/v2\/types\/page"}],"author":[{"embeddable":true,"href":"https:\/\/wp.ufpel.edu.br\/30encontroasphe\/wp-json\/wp\/v2\/users\/1421"}],"replies":[{"embeddable":true,"href":"https:\/\/wp.ufpel.edu.br\/30encontroasphe\/wp-json\/wp\/v2\/comments?post=1755"}],"version-history":[{"count":3,"href":"https:\/\/wp.ufpel.edu.br\/30encontroasphe\/wp-json\/wp\/v2\/pages\/1755\/revisions"}],"predecessor-version":[{"id":2061,"href":"https:\/\/wp.ufpel.edu.br\/30encontroasphe\/wp-json\/wp\/v2\/pages\/1755\/revisions\/2061"}],"wp:attachment":[{"href":"https:\/\/wp.ufpel.edu.br\/30encontroasphe\/wp-json\/wp\/v2\/media?parent=1755"}],"curies":[{"name":"wp","href":"https:\/\/api.w.org\/{rel}","templated":true}]}}