{"id":1346,"date":"2025-06-23T09:09:24","date_gmt":"2025-06-23T12:09:24","guid":{"rendered":"https:\/\/wp.ufpel.edu.br\/30encontroasphe\/?page_id=1346"},"modified":"2025-08-23T18:17:45","modified_gmt":"2025-08-23T21:17:45","slug":"onde-comer","status":"publish","type":"page","link":"https:\/\/wp.ufpel.edu.br\/30encontroasphe\/onde-comer\/","title":{"rendered":"Onde comer"},"content":{"rendered":"\n<p>No link a seguir, h\u00e1 uma rela\u00e7\u00e3o de locais selecionados para alimenta\u00e7\u00e3o ao redor do pr\u00e9dio da UFPel (Cehus &#8211; R. Cel. Alberto Rosa, 117 \u2013 Centro, Pelotas\/RS) que sediar\u00e1 a programa\u00e7\u00e3o do 30\u00ba Encontro da Asphe, acompanhados de sua localiza\u00e7\u00e3o no mapa da regi\u00e3o do evento.<\/p>\n\n\n\n<p><a href=\"https:\/\/www.google.com\/maps\/d\/edit?mid=1CA5jOWtPKVrwWAwvKPpjt_Eo5w-RtCY&amp;usp=sharing\">https:\/\/www.google.com\/maps\/d\/edit?mid=1CA5jOWtPKVrwWAwvKPpjt_Eo5w-RtCY&amp;usp=sharing<\/a><\/p>\n\n\n\n<p>Em caso de d\u00favidas, contate algu\u00e9m da organiza\u00e7\u00e3o durante o evento.<\/p>\n\n\n\n<div class=\"wp-block-group is-nowrap is-layout-flex wp-container-core-group-is-layout-ad2f72ca wp-block-group-is-layout-flex\"><\/div>\n\n\n\n<div class=\"wp-block-group is-nowrap is-layout-flex wp-container-core-group-is-layout-ad2f72ca wp-block-group-is-layout-flex\"><\/div>\n\n\n\n<footer class=\"wp-block-group alignfull rodape-apoiadores has-background\" style=\"background-color:#e9e9e9\"><div class=\"wp-block-group__inner-container is-layout-constrained wp-block-group-is-layout-constrained\">\n<div class=\"wp-block-columns is-layout-flex wp-container-core-columns-is-layout-9d6595d7 wp-block-columns-is-layout-flex\">\n<div class=\"wp-block-column is-layout-flow wp-block-column-is-layout-flow\" style=\"flex-basis:50%\">\n<h2 class=\"wp-block-heading\" style=\"font-size:1em\">Realiza\u00e7\u00e3o:<\/h2>\n\n\n\n<div class=\"wp-block-group is-nowrap is-layout-flex wp-container-core-group-is-layout-ad2f72ca wp-block-group-is-layout-flex\">\n<figure class=\"wp-block-image size-full img-apoiadores\"><a href=\"https:\/\/portal.ufpel.edu.br\/\"><img loading=\"lazy\" decoding=\"async\" width=\"120\" height=\"120\" src=\"https:\/\/wp.ufpel.edu.br\/30encontroasphe\/files\/2025\/03\/logo-ufpel.png\" alt=\"Logo colorido da UFPel\" class=\"wp-image-68\" style=\"object-fit:cover\"\/><\/a><\/figure>\n\n\n\n<figure class=\"wp-block-image size-full is-resized img-apoiadores\"><a href=\"https:\/\/asphers.wordpress.com\/\"><img loading=\"lazy\" decoding=\"async\" width=\"120\" height=\"120\" src=\"https:\/\/wp.ufpel.edu.br\/30encontroasphe\/files\/2025\/03\/logo-asphe.png\" alt=\"Logo da Associa\u00e7\u00e3o Sul-Rio-Grandense de Pesquisadores em Hist\u00f3ria da Educa\u00e7\u00e3o - ASPHE\" class=\"wp-image-66\" style=\"object-fit:cover;width:64px;height:auto\"\/><\/a><\/figure>\n<\/div>\n<\/div>\n\n\n\n<div class=\"wp-block-column is-layout-flow wp-block-column-is-layout-flow\">\n<h2 class=\"wp-block-heading\" style=\"font-size:1em\">Organiza\u00e7\u00e3o:<\/h2>\n\n\n\n<div class=\"wp-block-group is-nowrap is-layout-flex wp-container-core-group-is-layout-ad2f72ca wp-block-group-is-layout-flex\">\n<figure class=\"wp-block-image size-full img-apoiadores\"><a href=\"https:\/\/wp.ufpel.edu.br\/hisales\/\"><img loading=\"lazy\" decoding=\"async\" width=\"120\" height=\"120\" src=\"https:\/\/wp.ufpel.edu.br\/30encontroasphe\/files\/2025\/03\/logo-hisales.png\" alt=\"Logo do Centro de mem\u00f3ria e pesquisa Hist\u00f3ria da Alfabetiza\u00e7\u00e3o, Leitura, Escrita e dos Livros Escolares - HISALES\" class=\"wp-image-65\" style=\"aspect-ratio:16\/9;object-fit:cover\"\/><\/a><\/figure>\n\n\n\n<figure class=\"wp-block-image size-full is-resized img-apoiadores\"><a href=\"https:\/\/wp.ufpel.edu.br\/ceihe\/\"><img loading=\"lazy\" decoding=\"async\" width=\"120\" height=\"120\" src=\"https:\/\/wp.ufpel.edu.br\/30encontroasphe\/files\/2025\/04\/logo-ceihe-02.png\" alt=\"Logo do Centro de estudos e investiga\u00e7\u00f5es em Hist\u00f3ria da Educa\u00e7\u00e3o - CEIHE\" class=\"wp-image-998\" style=\"aspect-ratio:16\/9;object-fit:cover;width:106px\"\/><\/a><\/figure>\n\n\n\n<figure class=\"wp-block-image size-full is-resized img-apoiadores\"><a href=\"https:\/\/wp.ufpel.edu.br\/leh\/heduca\/\"><img loading=\"lazy\" decoding=\"async\" width=\"120\" height=\"120\" src=\"https:\/\/wp.ufpel.edu.br\/30encontroasphe\/files\/2025\/04\/logo-heduca-02.png\" alt=\"Logo do Grupo de pesquisa Hist\u00f3ria e Educa\u00e7\u00e3o: textos, escritas e leituras - HEDUCA\" class=\"wp-image-837\" style=\"aspect-ratio:16\/9;object-fit:cover;width:106px\"\/><\/a><\/figure>\n<\/div>\n<\/div>\n<\/div>\n\n\n\n<hr class=\"wp-block-separator has-text-color has-alpha-channel-opacity has-background separador\" style=\"background-color:#d9d9d9;color:#d9d9d9\"\/>\n\n\n\n<div class=\"wp-block-group is-vertical is-layout-flex wp-container-core-group-is-layout-8cad6afd wp-block-group-is-layout-flex\">\n<h2 class=\"wp-block-heading\" style=\"font-size:1em\">Colabora\u00e7\u00e3o:<\/h2>\n\n\n\n<div class=\"wp-block-group is-layout-flex wp-block-group-is-layout-flex\">\n<figure class=\"wp-block-image size-full is-resized img-apoiadores\"><a href=\"https:\/\/wp.ufpel.edu.br\/ca\/\"><img loading=\"lazy\" decoding=\"async\" width=\"2133\" height=\"2133\" src=\"https:\/\/wp.ufpel.edu.br\/30encontroasphe\/files\/2025\/04\/logo-ca-edited.png\" alt=\"Logo do Centro de Artes - CA\/UFPel\" class=\"wp-image-1023\" style=\"width:95px\" srcset=\"https:\/\/wp.ufpel.edu.br\/30encontroasphe\/files\/2025\/04\/logo-ca-edited.png 2133w, https:\/\/wp.ufpel.edu.br\/30encontroasphe\/files\/2025\/04\/logo-ca-edited-400x400.png 400w, https:\/\/wp.ufpel.edu.br\/30encontroasphe\/files\/2025\/04\/logo-ca-edited-1024x1024.png 1024w, https:\/\/wp.ufpel.edu.br\/30encontroasphe\/files\/2025\/04\/logo-ca-edited-200x200.png 200w, https:\/\/wp.ufpel.edu.br\/30encontroasphe\/files\/2025\/04\/logo-ca-edited-768x768.png 768w, https:\/\/wp.ufpel.edu.br\/30encontroasphe\/files\/2025\/04\/logo-ca-edited-1536x1536.png 1536w, https:\/\/wp.ufpel.edu.br\/30encontroasphe\/files\/2025\/04\/logo-ca-edited-2048x2048.png 2048w\" sizes=\"auto, (max-width: 2133px) 100vw, 2133px\" \/><\/a><\/figure>\n\n\n\n<figure class=\"wp-block-image size-full is-resized img-apoiadores\"><a href=\"https:\/\/wp.ufpel.edu.br\/ceihe\/\"><img loading=\"lazy\" decoding=\"async\" width=\"120\" height=\"68\" src=\"https:\/\/wp.ufpel.edu.br\/30encontroasphe\/files\/2025\/04\/logo-cedoc-edited.png\" alt=\"Logo do Centro de documenta\u00e7\u00e3o - CEDOC \/ CEIHE\" class=\"wp-image-1022\" style=\"width:125px;height:auto\"\/><\/a><\/figure>\n\n\n\n<figure class=\"wp-block-image size-large is-resized\"><a href=\"https:\/\/wp.ufpel.edu.br\/cehus\/\"><img loading=\"lazy\" decoding=\"async\" width=\"1024\" height=\"621\" src=\"https:\/\/wp.ufpel.edu.br\/30encontroasphe\/files\/2025\/08\/cehus-1024x621.png\" alt=\"Logo do CEHUS.\" class=\"wp-image-1674\" style=\"width:80px\" srcset=\"https:\/\/wp.ufpel.edu.br\/30encontroasphe\/files\/2025\/08\/cehus-1024x621.png 1024w, https:\/\/wp.ufpel.edu.br\/30encontroasphe\/files\/2025\/08\/cehus-400x243.png 400w, https:\/\/wp.ufpel.edu.br\/30encontroasphe\/files\/2025\/08\/cehus-768x466.png 768w, https:\/\/wp.ufpel.edu.br\/30encontroasphe\/files\/2025\/08\/cehus-1536x931.png 1536w, https:\/\/wp.ufpel.edu.br\/30encontroasphe\/files\/2025\/08\/cehus.png 1583w\" sizes=\"auto, (max-width: 1024px) 100vw, 1024px\" \/><\/a><\/figure>\n\n\n\n<figure class=\"wp-block-image size-full is-resized img-apoiadores\"><a href=\"https:\/\/centrodememoriadaeducacaofurg.blogspot.com\/\"><img loading=\"lazy\" decoding=\"async\" width=\"120\" height=\"120\" src=\"https:\/\/wp.ufpel.edu.br\/30encontroasphe\/files\/2025\/03\/logo-cemedu.png\" alt=\"Logo do Centro de mem\u00f3ria da educa\u00e7\u00e3o - CEMEDU - IE\/FURG\" class=\"wp-image-60\" style=\"width:98px;height:auto\"\/><\/a><\/figure>\n\n\n\n<figure class=\"wp-block-image size-full is-resized img-apoiadores\"><a href=\"https:\/\/wp.ufpel.edu.br\/fae\/\"><img loading=\"lazy\" decoding=\"async\" width=\"120\" height=\"120\" src=\"https:\/\/wp.ufpel.edu.br\/30encontroasphe\/files\/2025\/03\/logo-fae-1.png\" alt=\"\" class=\"wp-image-70\" style=\"width:67px;height:auto\"\/><\/a><\/figure>\n\n\n\n<figure class=\"wp-block-image size-full is-resized img-apoiadores\"><a href=\"https:\/\/wp.ufpel.edu.br\/leh\/\"><img loading=\"lazy\" decoding=\"async\" width=\"120\" height=\"120\" src=\"https:\/\/wp.ufpel.edu.br\/30encontroasphe\/files\/2025\/03\/logo-leh.png\" alt=\"Logo do Laborat\u00f3rio de Ensino de Hist\u00f3ria - LEH\" class=\"wp-image-59\" style=\"width:105px;height:auto\"\/><\/a><\/figure>\n\n\n\n<figure class=\"wp-block-image size-full is-resized img-apoiadores\"><a href=\"https:\/\/wp.ufpel.edu.br\/ppge\/\"><img loading=\"lazy\" decoding=\"async\" width=\"120\" height=\"120\" src=\"https:\/\/wp.ufpel.edu.br\/30encontroasphe\/files\/2025\/03\/logo-ppge.png\" alt=\"Logo do Programa de P\u00f3s-gradua\u00e7\u00e3o em Educa\u00e7\u00e3o - PPGE\/UFPel\" class=\"wp-image-58\" style=\"width:87px;height:auto\"\/><\/a><\/figure>\n\n\n\n<figure class=\"wp-block-image size-full is-resized img-apoiadores\"><a href=\"https:\/\/wp.ufpel.edu.br\/ppgemat\/\"><img loading=\"lazy\" decoding=\"async\" width=\"120\" height=\"120\" src=\"https:\/\/wp.ufpel.edu.br\/30encontroasphe\/files\/2025\/03\/logo-ppgemat.png\" alt=\"Logo do Programa de P\u00f3s-Gradua\u00e7\u00e3o em Educa\u00e7\u00e3o Matem\u00e1tica - PPGEMAT\" class=\"wp-image-57\" style=\"width:75px;height:auto\"\/><\/a><\/figure>\n\n\n\n<figure class=\"wp-block-image size-full is-resized\"><img loading=\"lazy\" decoding=\"async\" width=\"120\" height=\"120\" src=\"https:\/\/wp.ufpel.edu.br\/30encontroasphe\/files\/2025\/03\/logo-ppgh.png\" alt=\"Logo do Programa de P\u00f3s-Gradua\u00e7\u00e3o em Hist\u00f3ria - PPGH\" class=\"wp-image-56\" style=\"width:90px;height:auto\"\/><\/figure>\n<\/div>\n<\/div>\n<\/div><\/footer>\n","protected":false},"excerpt":{"rendered":"<p>No link a seguir, h\u00e1 uma rela\u00e7\u00e3o de locais selecionados para alimenta\u00e7\u00e3o ao redor do pr\u00e9dio da UFPel (Cehus &#8211; R. Cel. Alberto Rosa, 117 \u2013 Centro, Pelotas\/RS) que sediar\u00e1 a programa\u00e7\u00e3o do 30\u00ba Encontro da Asphe, acompanhados de sua localiza\u00e7\u00e3o no mapa da regi\u00e3o do evento. https:\/\/www.google.com\/maps\/d\/edit?mid=1CA5jOWtPKVrwWAwvKPpjt_Eo5w-RtCY&amp;usp=sharing Em caso de d\u00favidas, contate algu\u00e9m da [&hellip;]<\/p>\n","protected":false},"author":1421,"featured_media":0,"parent":0,"menu_order":0,"comment_status":"closed","ping_status":"closed","template":"templates\/template-full.php","meta":{"footnotes":""},"class_list":["post-1346","page","type-page","status-publish","hentry","post"],"_links":{"self":[{"href":"https:\/\/wp.ufpel.edu.br\/30encontroasphe\/wp-json\/wp\/v2\/pages\/1346","targetHints":{"allow":["GET"]}}],"collection":[{"href":"https:\/\/wp.ufpel.edu.br\/30encontroasphe\/wp-json\/wp\/v2\/pages"}],"about":[{"href":"https:\/\/wp.ufpel.edu.br\/30encontroasphe\/wp-json\/wp\/v2\/types\/page"}],"author":[{"embeddable":true,"href":"https:\/\/wp.ufpel.edu.br\/30encontroasphe\/wp-json\/wp\/v2\/users\/1421"}],"replies":[{"embeddable":true,"href":"https:\/\/wp.ufpel.edu.br\/30encontroasphe\/wp-json\/wp\/v2\/comments?post=1346"}],"version-history":[{"count":3,"href":"https:\/\/wp.ufpel.edu.br\/30encontroasphe\/wp-json\/wp\/v2\/pages\/1346\/revisions"}],"predecessor-version":[{"id":1733,"href":"https:\/\/wp.ufpel.edu.br\/30encontroasphe\/wp-json\/wp\/v2\/pages\/1346\/revisions\/1733"}],"wp:attachment":[{"href":"https:\/\/wp.ufpel.edu.br\/30encontroasphe\/wp-json\/wp\/v2\/media?parent=1346"}],"curies":[{"name":"wp","href":"https:\/\/api.w.org\/{rel}","templated":true}]}}