{"id":1108,"date":"2025-05-19T15:13:47","date_gmt":"2025-05-19T18:13:47","guid":{"rendered":"https:\/\/wp.ufpel.edu.br\/30encontroasphe\/?page_id=1108"},"modified":"2025-08-18T11:59:30","modified_gmt":"2025-08-18T14:59:30","slug":"hospedagemempelotas","status":"publish","type":"page","link":"https:\/\/wp.ufpel.edu.br\/30encontroasphe\/hospedagemempelotas\/","title":{"rendered":"Hospedagem em Pelotas"},"content":{"rendered":"\n<div class=\"wp-block-group is-nowrap is-layout-flex wp-container-core-group-is-layout-ad2f72ca wp-block-group-is-layout-flex\"><\/div>\n\n\n\n<p class=\"has-kb-palette-5-color has-text-color has-link-color has-medium-font-size wp-elements-c273def883f6ce639ccaee0d7a51a3f0\"><strong>SUGEST\u00d5ES DE HOSPEDAGEM EM PELOTAS\/RS &#8211; ASPHE 2025<\/strong><\/p>\n\n\n\n<div class=\"wp-block-group is-nowrap is-layout-flex wp-container-core-group-is-layout-ad2f72ca wp-block-group-is-layout-flex\"><\/div>\n\n\n\n<p class=\"has-kb-palette-4-color has-text-color has-link-color has-medium-font-size wp-elements-cbed96e4f09aaf2ab1fae70681b9bde9\">*<strong>HOT\u00c9IS COM DESCONTOS PARA OS PARTICIPANTES DO EVENTO:<\/strong><\/p>\n\n\n\n<p>*As pessoas que desejarem se hospedar nos hot\u00e9is com desconto para o evento devem informar, no ato da reserva\/pagamento, que estar\u00e3o participando do 30\u00ba Encontro da Asphe.<\/p>\n\n\n\n<div class=\"wp-block-group is-nowrap is-layout-flex wp-container-core-group-is-layout-ad2f72ca wp-block-group-is-layout-flex\"><\/div>\n\n\n\n<p class=\"has-kb-palette-5-color has-text-color has-link-color has-medium-font-size wp-elements-aa15974c33749a1d5cb5d17b89495573\"><\/p>\n\n\n\n<div class=\"wp-block-group is-nowrap is-layout-flex wp-container-core-group-is-layout-ad2f72ca wp-block-group-is-layout-flex\"><\/div>\n\n\n\n<p class=\"has-kb-palette-5-color has-text-color has-link-color has-medium-font-size wp-elements-dd054aa87f54879bb8d2e2a1df01e065\"><strong>*Hotel Curi Palace<\/strong><\/p>\n\n\n\n<p>Endere\u00e7o: Rua General Neto, 1279 &#8211; Centro, Pelotas\/RS<\/p>\n\n\n\n<p>Contato: (53) 32277377 &#8211; reservas@curipalacehotel.com.br<\/p>\n\n\n\n<p>Faixa de pre\u00e7os por di\u00e1ria: Single: R$239,00 \/ Duplo: R$300,00 \/ Triplo: R$415,00 \/ Estacionamento: R$28,00 a di\u00e1ria<\/p>\n\n\n\n<p>Dist\u00e2ncia do local do evento: Aproximadamente 2Km<\/p>\n\n\n\n<p><a href=\"https:\/\/www.hotelcuri.com.br\">https:\/\/www.hotelcuri.com.br<\/a><\/p>\n\n\n\n<p class=\"has-kb-palette-5-color has-text-color has-link-color has-medium-font-size wp-elements-aa15974c33749a1d5cb5d17b89495573\"><\/p>\n\n\n\n<div class=\"wp-block-group is-nowrap is-layout-flex wp-container-core-group-is-layout-ad2f72ca wp-block-group-is-layout-flex\"><\/div>\n\n\n\n<div class=\"wp-block-group is-nowrap is-layout-flex wp-container-core-group-is-layout-ad2f72ca wp-block-group-is-layout-flex\"><\/div>\n\n\n\n<p class=\"has-kb-palette-5-color has-text-color has-link-color has-medium-font-size wp-elements-ce02ce9becd406d6f436bee2575ee1a6\">*<strong>Hotel Jacques Georges Business<\/strong><\/p>\n\n\n\n<p>Endere\u00e7o: Rua Gon\u00e7alves Chaves, 512 &#8211; Centro, Pelotas\/RS<\/p>\n\n\n\n<p>Contato: (53) 32849000<\/p>\n\n\n\n<p>Faixa de pre\u00e7os por di\u00e1ria: Single: R$229,00 em cama de solteiro ou R$298,00 cama de casal \/ Duplo: R$298,00 em cama de casal ou duas camas de solteiro \/ Triplo: R$402,00 em camas de solteiro ou casal + solteiro \/ Su\u00edte: R$ 630,00 \/ Estacionamento: R$ 30,00 a di\u00e1ria.<\/p>\n\n\n\n<p>Dist\u00e2ncia do local do evento: Aproximadamente 1Km<\/p>\n\n\n\n<p><a href=\"https:\/\/jghotel.com.br\/jghotel-business\/\">https:\/\/jghotel.com.br\/jghotel-business\/<\/a><\/p>\n\n\n\n<div class=\"wp-block-group is-nowrap is-layout-flex wp-container-core-group-is-layout-ad2f72ca wp-block-group-is-layout-flex\"><\/div>\n\n\n\n<div class=\"wp-block-group is-nowrap is-layout-flex wp-container-core-group-is-layout-ad2f72ca wp-block-group-is-layout-flex\"><\/div>\n\n\n\n<p><\/p>\n\n\n\n<p class=\"has-kb-palette-4-color has-text-color has-link-color has-medium-font-size wp-elements-a0674c392eb326ef896bc7bc605de3be\"><strong>OUTROS HOT\u00c9IS NA CIDADE:<\/strong><\/p>\n\n\n\n<div class=\"wp-block-group is-nowrap is-layout-flex wp-container-core-group-is-layout-ad2f72ca wp-block-group-is-layout-flex\"><\/div>\n\n\n\n<p class=\"has-kb-palette-5-color has-text-color has-link-color has-medium-font-size wp-elements-3a48b9e35d2731d3a38474d4809a9274\"><strong>Hotel Westphal<\/strong><\/p>\n\n\n\n<p>Endere\u00e7o: Rua Quinze de Novembro, 311 &#8211; Centro, Pelotas\/RS<\/p>\n\n\n\n<p>Contato: (53) 32782875 \/ (53) 981017713 &#8211; contato@hwhotel.com.br<\/p>\n\n\n\n<p>Faixa de pre\u00e7os por di\u00e1ria: Single: R$165,00 \/ Duplo: R$205,00 \/ Triplo: R$310,00 \/ Qu\u00e1druplo: R$380,00 \/ Qu\u00edntuplo: R$ 410,00<\/p>\n\n\n\n<p>Dist\u00e2ncia do local do evento: Aproximadamente 900 metros<\/p>\n\n\n\n<p><a href=\"https:\/\/www.hwhotel.com.br\/br\">https:\/\/www.hwhotel.com.br\/br<\/a><\/p>\n\n\n\n<div class=\"wp-block-group is-nowrap is-layout-flex wp-container-core-group-is-layout-ad2f72ca wp-block-group-is-layout-flex\"><\/div>\n\n\n\n<div class=\"wp-block-group is-nowrap is-layout-flex wp-container-core-group-is-layout-ad2f72ca wp-block-group-is-layout-flex\"><\/div>\n\n\n\n<p class=\"has-kb-palette-5-color has-text-color has-link-color has-medium-font-size wp-elements-fc04e9b1f4b2f7e2ececd0d3a0f4783e\"><strong>Hotel Jacques Georges Tower<\/strong><\/p>\n\n\n\n<p>Enndere\u00e7o: Rua Almirante Barroso 2069 &#8211; Centro, Pelotas\/RS<\/p>\n\n\n\n<p>Contato: (53) 30279100<\/p>\n\n\n\n<p>Dist\u00e2ncia do local do evento: Aproximadamente 1,5Km<\/p>\n\n\n\n<p><a href=\"https:\/\/jghotel.com.br\/jghotel-tower\">https:\/\/jghotel.com.br\/jghotel-tower<\/a><\/p>\n\n\n\n<div class=\"wp-block-group is-nowrap is-layout-flex wp-container-core-group-is-layout-ad2f72ca wp-block-group-is-layout-flex\"><\/div>\n\n\n\n<div class=\"wp-block-group is-nowrap is-layout-flex wp-container-core-group-is-layout-ad2f72ca wp-block-group-is-layout-flex\"><\/div>\n\n\n\n<p class=\"has-kb-palette-5-color has-text-color has-link-color has-medium-font-size wp-elements-37b0a0230b88b31af1c3ad4164a9db1c\"><strong>Hotel Curi Executive<\/strong><\/p>\n\n\n\n<p>Endere\u00e7o: Rua General Os\u00f3rio, 719 &#8211; Centro, Pelotas\/RS<\/p>\n\n\n\n<p>Contato: (53) 32279955<\/p>\n\n\n\n<p>Dist\u00e2ncia do local do evento: Aproximadamente 2,3Km<\/p>\n\n\n\n<p><a href=\"https:\/\/www.hotelcuri.com.br\">https:\/\/www.hotelcuri.com.br<\/a><\/p>\n\n\n\n<div class=\"wp-block-group is-nowrap is-layout-flex wp-container-core-group-is-layout-ad2f72ca wp-block-group-is-layout-flex\"><\/div>\n\n\n\n<p class=\"has-kb-palette-4-color has-text-color has-link-color has-medium-font-size wp-elements-86baee2050d253cce7a3c4ca28bf1a0d\"><\/p>\n\n\n\n<div class=\"wp-block-group is-nowrap is-layout-flex wp-container-core-group-is-layout-ad2f72ca wp-block-group-is-layout-flex\"><\/div>\n\n\n\n<p class=\"has-kb-palette-5-color has-text-color has-link-color has-medium-font-size wp-elements-3e2578a648a2e5a73a3c42c7b460ac66\"><strong>Alles Blau<\/strong><\/p>\n\n\n\n<p>Endere\u00e7o: Rua Sete de Setembro, 354 &#8211; Centro, Pelotas\/RS<\/p>\n\n\n\n<p>Contato: (53) 32222223<\/p>\n\n\n\n<p>Dist\u00e2ncia do local do evento: Aproximadamente 2Km<\/p>\n\n\n\n<p><a href=\"http:\/\/www.hotelallesblau.com.br\/\">http:\/\/www.hotelallesblau.com.br\/<\/a><\/p>\n\n\n\n<div class=\"wp-block-group is-nowrap is-layout-flex wp-container-core-group-is-layout-ad2f72ca wp-block-group-is-layout-flex\"><\/div>\n\n\n\n<div class=\"wp-block-group is-nowrap is-layout-flex wp-container-core-group-is-layout-ad2f72ca wp-block-group-is-layout-flex\"><\/div>\n\n\n\n<p class=\"has-kb-palette-5-color has-text-color has-link-color has-medium-font-size wp-elements-0cdebfc319c5f2c4a3b60bc0fba48605\"><strong>Hotel Manta<\/strong><\/p>\n\n\n\n<p>Endere\u00e7o: Rua General Neto, 1131 &#8211; Centro, Pelotas\/RS<\/p>\n\n\n\n<p>Contato: (53) 32252411<\/p>\n\n\n\n<p>Dist\u00e2ncia do local do evento: Aproximadamente 2Km<\/p>\n\n\n\n<p><a href=\"https:\/\/www.hoteismanta.com.br\">https:\/\/www.hoteismanta.com.br<\/a><\/p>\n\n\n\n<div class=\"wp-block-group is-nowrap is-layout-flex wp-container-core-group-is-layout-ad2f72ca wp-block-group-is-layout-flex\"><\/div>\n\n\n\n<div class=\"wp-block-group is-nowrap is-layout-flex wp-container-core-group-is-layout-ad2f72ca wp-block-group-is-layout-flex\"><\/div>\n\n\n\n<p class=\"has-kb-palette-5-color has-text-color has-link-color has-medium-font-size wp-elements-6e052ffb21449dbfbcc404cdb4f95fc8\"><strong>M. Tower Hotel<\/strong><\/p>\n\n\n\n<p>Endere\u00e7o: Rua F\u00e9lix Xavier da Cunha, 213 &#8211; Centro, Pelotas\/RS<\/p>\n\n\n\n<p>Contato: (53) 30275500<\/p>\n\n\n\n<p>Dist\u00e2ncia do local do evento: Aproximadamente 500 metros<\/p>\n\n\n\n<p><a href=\"https:\/\/mtowerhotel.com.br\">https:\/\/mtowerhotel.com.br<\/a><\/p>\n\n\n\n<div class=\"wp-block-group is-nowrap is-layout-flex wp-container-core-group-is-layout-ad2f72ca wp-block-group-is-layout-flex\"><\/div>\n\n\n\n<div class=\"wp-block-group is-nowrap is-layout-flex wp-container-core-group-is-layout-ad2f72ca wp-block-group-is-layout-flex\"><\/div>\n\n\n\n<div style=\"height:32px\" aria-hidden=\"true\" class=\"wp-block-spacer\"><\/div>\n\n\n\n<footer class=\"wp-block-group alignfull rodape-apoiadores has-background\" style=\"background-color:#e9e9e9\"><div class=\"wp-block-group__inner-container is-layout-constrained wp-block-group-is-layout-constrained\">\n<div class=\"wp-block-columns is-layout-flex wp-container-core-columns-is-layout-9d6595d7 wp-block-columns-is-layout-flex\">\n<div class=\"wp-block-column is-layout-flow wp-block-column-is-layout-flow\" style=\"flex-basis:50%\">\n<h2 class=\"wp-block-heading\" style=\"font-size:1em\">Realiza\u00e7\u00e3o:<\/h2>\n\n\n\n<div class=\"wp-block-group is-nowrap is-layout-flex wp-container-core-group-is-layout-ad2f72ca wp-block-group-is-layout-flex\">\n<figure class=\"wp-block-image size-full img-apoiadores\"><a href=\"https:\/\/portal.ufpel.edu.br\/\"><img loading=\"lazy\" decoding=\"async\" width=\"120\" height=\"120\" src=\"https:\/\/wp.ufpel.edu.br\/30encontroasphe\/files\/2025\/03\/logo-ufpel.png\" alt=\"Logo colorido da UFPel\" class=\"wp-image-68\" style=\"object-fit:cover\"\/><\/a><\/figure>\n\n\n\n<figure class=\"wp-block-image size-full is-resized img-apoiadores\"><a href=\"https:\/\/asphers.wordpress.com\/\"><img loading=\"lazy\" decoding=\"async\" width=\"120\" height=\"120\" src=\"https:\/\/wp.ufpel.edu.br\/30encontroasphe\/files\/2025\/03\/logo-asphe.png\" alt=\"Logo da Associa\u00e7\u00e3o Sul-Rio-Grandense de Pesquisadores em Hist\u00f3ria da Educa\u00e7\u00e3o - ASPHE\" class=\"wp-image-66\" style=\"object-fit:cover;width:64px;height:auto\"\/><\/a><\/figure>\n<\/div>\n<\/div>\n\n\n\n<div class=\"wp-block-column is-layout-flow wp-block-column-is-layout-flow\">\n<h2 class=\"wp-block-heading\" style=\"font-size:1em\">Organiza\u00e7\u00e3o:<\/h2>\n\n\n\n<div class=\"wp-block-group is-nowrap is-layout-flex wp-container-core-group-is-layout-ad2f72ca wp-block-group-is-layout-flex\">\n<figure class=\"wp-block-image size-full img-apoiadores\"><a href=\"https:\/\/wp.ufpel.edu.br\/hisales\/\"><img loading=\"lazy\" decoding=\"async\" width=\"120\" height=\"120\" src=\"https:\/\/wp.ufpel.edu.br\/30encontroasphe\/files\/2025\/03\/logo-hisales.png\" alt=\"Logo do Centro de mem\u00f3ria e pesquisa Hist\u00f3ria da Alfabetiza\u00e7\u00e3o, Leitura, Escrita e dos Livros Escolares - HISALES\" class=\"wp-image-65\" style=\"aspect-ratio:16\/9;object-fit:cover\"\/><\/a><\/figure>\n\n\n\n<figure class=\"wp-block-image size-full is-resized img-apoiadores\"><a href=\"https:\/\/wp.ufpel.edu.br\/ceihe\/\"><img loading=\"lazy\" decoding=\"async\" width=\"120\" height=\"120\" src=\"https:\/\/wp.ufpel.edu.br\/30encontroasphe\/files\/2025\/04\/logo-ceihe-02.png\" alt=\"Logo do Centro de estudos e investiga\u00e7\u00f5es em Hist\u00f3ria da Educa\u00e7\u00e3o - CEIHE\" class=\"wp-image-998\" style=\"aspect-ratio:16\/9;object-fit:cover;width:106px\"\/><\/a><\/figure>\n\n\n\n<figure class=\"wp-block-image size-full is-resized img-apoiadores\"><a href=\"https:\/\/wp.ufpel.edu.br\/leh\/heduca\/\"><img loading=\"lazy\" decoding=\"async\" width=\"120\" height=\"120\" src=\"https:\/\/wp.ufpel.edu.br\/30encontroasphe\/files\/2025\/04\/logo-heduca-02.png\" alt=\"Logo do Grupo de pesquisa Hist\u00f3ria e Educa\u00e7\u00e3o: textos, escritas e leituras - HEDUCA\" class=\"wp-image-837\" style=\"aspect-ratio:16\/9;object-fit:cover;width:106px\"\/><\/a><\/figure>\n<\/div>\n<\/div>\n<\/div>\n\n\n\n<hr class=\"wp-block-separator has-text-color has-alpha-channel-opacity has-background separador\" style=\"background-color:#d9d9d9;color:#d9d9d9\"\/>\n\n\n\n<div class=\"wp-block-group is-vertical is-layout-flex wp-container-core-group-is-layout-8cad6afd wp-block-group-is-layout-flex\">\n<h2 class=\"wp-block-heading\" style=\"font-size:1em\">Colabora\u00e7\u00e3o:<\/h2>\n\n\n\n<div class=\"wp-block-group is-layout-flex wp-block-group-is-layout-flex\">\n<figure class=\"wp-block-image size-full is-resized img-apoiadores\"><a href=\"https:\/\/wp.ufpel.edu.br\/ca\/\"><img loading=\"lazy\" decoding=\"async\" width=\"2133\" height=\"2133\" src=\"https:\/\/wp.ufpel.edu.br\/30encontroasphe\/files\/2025\/04\/logo-ca-edited.png\" alt=\"Logo do Centro de Artes - CA\/UFPel\" class=\"wp-image-1023\" style=\"width:95px\" srcset=\"https:\/\/wp.ufpel.edu.br\/30encontroasphe\/files\/2025\/04\/logo-ca-edited.png 2133w, https:\/\/wp.ufpel.edu.br\/30encontroasphe\/files\/2025\/04\/logo-ca-edited-400x400.png 400w, https:\/\/wp.ufpel.edu.br\/30encontroasphe\/files\/2025\/04\/logo-ca-edited-1024x1024.png 1024w, https:\/\/wp.ufpel.edu.br\/30encontroasphe\/files\/2025\/04\/logo-ca-edited-200x200.png 200w, https:\/\/wp.ufpel.edu.br\/30encontroasphe\/files\/2025\/04\/logo-ca-edited-768x768.png 768w, https:\/\/wp.ufpel.edu.br\/30encontroasphe\/files\/2025\/04\/logo-ca-edited-1536x1536.png 1536w, https:\/\/wp.ufpel.edu.br\/30encontroasphe\/files\/2025\/04\/logo-ca-edited-2048x2048.png 2048w\" sizes=\"auto, (max-width: 2133px) 100vw, 2133px\" \/><\/a><\/figure>\n\n\n\n<figure class=\"wp-block-image size-full is-resized img-apoiadores\"><a href=\"https:\/\/wp.ufpel.edu.br\/ceihe\/\"><img loading=\"lazy\" decoding=\"async\" width=\"120\" height=\"68\" src=\"https:\/\/wp.ufpel.edu.br\/30encontroasphe\/files\/2025\/04\/logo-cedoc-edited.png\" alt=\"Logo do Centro de documenta\u00e7\u00e3o - CEDOC \/ CEIHE\" class=\"wp-image-1022\" style=\"width:125px;height:auto\"\/><\/a><\/figure>\n\n\n\n<figure class=\"wp-block-image size-large is-resized\"><a href=\"https:\/\/wp.ufpel.edu.br\/cehus\/\"><img loading=\"lazy\" decoding=\"async\" width=\"1024\" height=\"621\" src=\"https:\/\/wp.ufpel.edu.br\/30encontroasphe\/files\/2025\/08\/cehus-1024x621.png\" alt=\"Logo do CEHUS.\" class=\"wp-image-1674\" style=\"width:80px\" srcset=\"https:\/\/wp.ufpel.edu.br\/30encontroasphe\/files\/2025\/08\/cehus-1024x621.png 1024w, https:\/\/wp.ufpel.edu.br\/30encontroasphe\/files\/2025\/08\/cehus-400x243.png 400w, https:\/\/wp.ufpel.edu.br\/30encontroasphe\/files\/2025\/08\/cehus-768x466.png 768w, https:\/\/wp.ufpel.edu.br\/30encontroasphe\/files\/2025\/08\/cehus-1536x931.png 1536w, https:\/\/wp.ufpel.edu.br\/30encontroasphe\/files\/2025\/08\/cehus.png 1583w\" sizes=\"auto, (max-width: 1024px) 100vw, 1024px\" \/><\/a><\/figure>\n\n\n\n<figure class=\"wp-block-image size-full is-resized img-apoiadores\"><a href=\"https:\/\/centrodememoriadaeducacaofurg.blogspot.com\/\"><img loading=\"lazy\" decoding=\"async\" width=\"120\" height=\"120\" src=\"https:\/\/wp.ufpel.edu.br\/30encontroasphe\/files\/2025\/03\/logo-cemedu.png\" alt=\"Logo do Centro de mem\u00f3ria da educa\u00e7\u00e3o - CEMEDU - IE\/FURG\" class=\"wp-image-60\" style=\"width:98px;height:auto\"\/><\/a><\/figure>\n\n\n\n<figure class=\"wp-block-image size-full is-resized img-apoiadores\"><a href=\"https:\/\/wp.ufpel.edu.br\/fae\/\"><img loading=\"lazy\" decoding=\"async\" width=\"120\" height=\"120\" src=\"https:\/\/wp.ufpel.edu.br\/30encontroasphe\/files\/2025\/03\/logo-fae-1.png\" alt=\"\" class=\"wp-image-70\" style=\"width:67px;height:auto\"\/><\/a><\/figure>\n\n\n\n<figure class=\"wp-block-image size-full is-resized img-apoiadores\"><a href=\"https:\/\/wp.ufpel.edu.br\/leh\/\"><img loading=\"lazy\" decoding=\"async\" width=\"120\" height=\"120\" src=\"https:\/\/wp.ufpel.edu.br\/30encontroasphe\/files\/2025\/03\/logo-leh.png\" alt=\"Logo do Laborat\u00f3rio de Ensino de Hist\u00f3ria - LEH\" class=\"wp-image-59\" style=\"width:105px;height:auto\"\/><\/a><\/figure>\n\n\n\n<figure class=\"wp-block-image size-full is-resized img-apoiadores\"><a href=\"https:\/\/wp.ufpel.edu.br\/ppge\/\"><img loading=\"lazy\" decoding=\"async\" width=\"120\" height=\"120\" src=\"https:\/\/wp.ufpel.edu.br\/30encontroasphe\/files\/2025\/03\/logo-ppge.png\" alt=\"Logo do Programa de P\u00f3s-gradua\u00e7\u00e3o em Educa\u00e7\u00e3o - PPGE\/UFPel\" class=\"wp-image-58\" style=\"width:87px;height:auto\"\/><\/a><\/figure>\n\n\n\n<figure class=\"wp-block-image size-full is-resized img-apoiadores\"><a href=\"https:\/\/wp.ufpel.edu.br\/ppgemat\/\"><img loading=\"lazy\" decoding=\"async\" width=\"120\" height=\"120\" src=\"https:\/\/wp.ufpel.edu.br\/30encontroasphe\/files\/2025\/03\/logo-ppgemat.png\" alt=\"Logo do Programa de P\u00f3s-Gradua\u00e7\u00e3o em Educa\u00e7\u00e3o Matem\u00e1tica - PPGEMAT\" class=\"wp-image-57\" style=\"width:75px;height:auto\"\/><\/a><\/figure>\n\n\n\n<figure class=\"wp-block-image size-full is-resized\"><img loading=\"lazy\" decoding=\"async\" width=\"120\" height=\"120\" src=\"https:\/\/wp.ufpel.edu.br\/30encontroasphe\/files\/2025\/03\/logo-ppgh.png\" alt=\"Logo do Programa de P\u00f3s-Gradua\u00e7\u00e3o em Hist\u00f3ria - PPGH\" class=\"wp-image-56\" style=\"width:90px;height:auto\"\/><\/figure>\n<\/div>\n<\/div>\n<\/div><\/footer>\n","protected":false},"excerpt":{"rendered":"<p>SUGEST\u00d5ES DE HOSPEDAGEM EM PELOTAS\/RS &#8211; ASPHE 2025 *HOT\u00c9IS COM DESCONTOS PARA OS PARTICIPANTES DO EVENTO: *As pessoas que desejarem se hospedar nos hot\u00e9is com desconto para o evento devem informar, no ato da reserva\/pagamento, que estar\u00e3o participando do 30\u00ba Encontro da Asphe. *Hotel Curi Palace Endere\u00e7o: Rua General Neto, 1279 &#8211; Centro, Pelotas\/RS Contato: [&hellip;]<\/p>\n","protected":false},"author":1421,"featured_media":0,"parent":0,"menu_order":0,"comment_status":"closed","ping_status":"closed","template":"templates\/template-full.php","meta":{"footnotes":""},"class_list":["post-1108","page","type-page","status-publish","hentry","post"],"_links":{"self":[{"href":"https:\/\/wp.ufpel.edu.br\/30encontroasphe\/wp-json\/wp\/v2\/pages\/1108","targetHints":{"allow":["GET"]}}],"collection":[{"href":"https:\/\/wp.ufpel.edu.br\/30encontroasphe\/wp-json\/wp\/v2\/pages"}],"about":[{"href":"https:\/\/wp.ufpel.edu.br\/30encontroasphe\/wp-json\/wp\/v2\/types\/page"}],"author":[{"embeddable":true,"href":"https:\/\/wp.ufpel.edu.br\/30encontroasphe\/wp-json\/wp\/v2\/users\/1421"}],"replies":[{"embeddable":true,"href":"https:\/\/wp.ufpel.edu.br\/30encontroasphe\/wp-json\/wp\/v2\/comments?post=1108"}],"version-history":[{"count":3,"href":"https:\/\/wp.ufpel.edu.br\/30encontroasphe\/wp-json\/wp\/v2\/pages\/1108\/revisions"}],"predecessor-version":[{"id":1696,"href":"https:\/\/wp.ufpel.edu.br\/30encontroasphe\/wp-json\/wp\/v2\/pages\/1108\/revisions\/1696"}],"wp:attachment":[{"href":"https:\/\/wp.ufpel.edu.br\/30encontroasphe\/wp-json\/wp\/v2\/media?parent=1108"}],"curies":[{"name":"wp","href":"https:\/\/api.w.org\/{rel}","templated":true}]}}