{"id":110,"date":"2025-03-13T08:37:40","date_gmt":"2025-03-13T11:37:40","guid":{"rendered":"https:\/\/wp.ufpel.edu.br\/30encontroasphe\/?page_id=110"},"modified":"2025-09-28T16:22:26","modified_gmt":"2025-09-28T19:22:26","slug":"programacao","status":"publish","type":"page","link":"https:\/\/wp.ufpel.edu.br\/30encontroasphe\/programacao\/","title":{"rendered":"Programa\u00e7\u00e3o geral"},"content":{"rendered":"\n<div class=\"wp-block-group is-nowrap is-layout-flex wp-container-core-group-is-layout-ad2f72ca wp-block-group-is-layout-flex\"><\/div>\n\n\n\n<h3 class=\"wp-block-heading has-kb-palette-5-color has-text-color has-link-color wp-elements-b391df0bd25a6ee641603e01a0c4e5ae\"><strong>01 de outubro de 2025 (quarta-feira)<\/strong><\/h3>\n\n\n\n<h4 class=\"wp-block-heading has-kb-palette-5-color has-text-color has-link-color wp-elements-b5aa413d829bfbc4a931ebea287ce055\"><strong>MANH\u00c3<\/strong><\/h4>\n\n\n\n<p><strong>Local:<\/strong> Audit\u00f3rio do CEHUS (Centro de P\u00f3s-Gradua\u00e7\u00e3o e Pesquisa em Ci\u00eancias Humanas, Sociais, Sociais Aplicadas, Artes e Linguagem) \/ UFPel (R. Cel. Alberto Rosa, 117 &#8211; Centro, Pelotas\/RS)<\/p>\n\n\n\n<p><strong>08:00 &#8211;<\/strong> Credenciamento<\/p>\n\n\n\n<p><strong>10:00 &#8211; 10:15 &#8211;<\/strong> Mesa de abertura<\/p>\n\n\n\n<p><strong>10:20 &#8211; 10:50 &#8211;<\/strong> Apresenta\u00e7\u00e3o cultural<\/p>\n\n\n\n<p><strong>11:00 &#8211; 12:30 &#8211;<\/strong> Palestra de abertura<\/p>\n\n\n\n<p><strong>Palestrante:<\/strong> Profa. Dra. Maria Teresa Santos Cunha (UFSC e Udesc)<\/p>\n\n\n\n<p><strong>T\u00edtulo:<\/strong> &#8220;Um percurso com o Patrim\u00f4nio Hist\u00f3rico-Educativo em tr\u00eas tons: passado, presente, futuro&#8221;<\/p>\n\n\n\n<p><strong>Media\u00e7\u00e3o:<\/strong> Profa. Dra. Vania Grim Thies (UFPel)<\/p>\n\n\n\n<div class=\"wp-block-group is-nowrap is-layout-flex wp-container-core-group-is-layout-ad2f72ca wp-block-group-is-layout-flex\"><\/div>\n\n\n\n<h4 class=\"wp-block-heading has-kb-palette-5-color has-text-color has-link-color wp-elements-d635bba963ebc6e39eaec89ed74dcb8a\"><strong>TARDE<\/strong><\/h4>\n\n\n\n<p><strong>Local:<\/strong> Salas de aula do CEHUS (Centro de P\u00f3s-Gradua\u00e7\u00e3o e Pesquisa em Ci\u00eancias Humanas, Sociais, Sociais Aplicadas, Artes e Linguagem) \/ UFPel (R. Cel. Alberto Rosa, 117 &#8211; Centro, Pelotas\/RS)<\/p>\n\n\n\n<p><strong>14:30 &#8211; 16:00 &#8211;<\/strong> Sess\u00e3o de comunica\u00e7\u00f5es 1<\/p>\n\n\n\n<p><strong>16:00 &#8211; 17:00 &#8211; <\/strong>Sess\u00e3o comemorativa de 30 anos de Encontros da Asphe e lan\u00e7amento de livros (Local: Audit\u00f3rio do CEHUS &#8211; Centro de P\u00f3s-Gradua\u00e7\u00e3o e Pesquisa em Ci\u00eancias Humanas, Sociais, Sociais Aplicadas, Artes e Linguagem \/ UFPel, R. Cel. Alberto Rosa, 117 &#8211; Centro, Pelotas\/RS)<\/p>\n\n\n\n<p><strong>17:00 &#8211; 17:20 &#8211; <\/strong>Coffee break<\/p>\n\n\n\n<p><strong>17:30 &#8211; 19:00 &#8211; <\/strong>Sess\u00e3o de comunica\u00e7\u00f5es 2<\/p>\n\n\n\n<div class=\"wp-block-group is-nowrap is-layout-flex wp-container-core-group-is-layout-ad2f72ca wp-block-group-is-layout-flex\"><\/div>\n\n\n\n<h4 class=\"wp-block-heading has-kb-palette-5-color has-text-color has-link-color wp-elements-4a9312bb45207a7d633b8a338e38cd5f\"><strong>NOITE<\/strong><\/h4>\n\n\n\n<p>Quem deseja aproveitar a noite para se distrair na cidade, sugere-se ir para um bar\/restaurante: Nave &#8211; Rua Ant\u00f4nio dos Anjos, 98 \/ @_espaconave (comanda individual)<\/p>\n\n\n\n<div class=\"wp-block-group is-nowrap is-layout-flex wp-container-core-group-is-layout-ad2f72ca wp-block-group-is-layout-flex\"><\/div>\n\n\n\n<div class=\"wp-block-group is-nowrap is-layout-flex wp-container-core-group-is-layout-ad2f72ca wp-block-group-is-layout-flex\"><\/div>\n\n\n\n<hr class=\"wp-block-separator has-text-color has-alpha-channel-opacity has-background\" style=\"background-color:#e9e9e9;color:#e9e9e9\"\/>\n\n\n\n<div class=\"wp-block-group is-nowrap is-layout-flex wp-container-core-group-is-layout-ad2f72ca wp-block-group-is-layout-flex\"><\/div>\n\n\n\n<div class=\"wp-block-group is-nowrap is-layout-flex wp-container-core-group-is-layout-ad2f72ca wp-block-group-is-layout-flex\"><\/div>\n\n\n\n<h3 class=\"wp-block-heading has-kb-palette-5-color has-text-color has-link-color wp-elements-9adf146b88a12756f05447f812dc1ca7\"><strong>02 de outubro de 2025 (quinta-feira)<\/strong><\/h3>\n\n\n\n<h4 class=\"wp-block-heading has-kb-palette-5-color has-text-color has-link-color wp-elements-b5aa413d829bfbc4a931ebea287ce055\"><strong>MANH\u00c3<\/strong><\/h4>\n\n\n\n<p><strong>Local:<\/strong> Salas de aula do CEHUS (Centro de P\u00f3s-Gradua\u00e7\u00e3o e Pesquisa em Ci\u00eancias Humanas, Sociais, Sociais Aplicadas, Artes e Linguagem) \/ UFPel (R. Cel. Alberto Rosa, 117 &#8211; Centro, Pelotas\/RS)<\/p>\n\n\n\n<p><strong>08:30 &#8211; 10:00 &#8211;<\/strong> Sess\u00e3o de comunica\u00e7\u00f5es 3<\/p>\n\n\n\n<p><strong>10:00 &#8211; 10:20 &#8211;<\/strong> Coffee break<\/p>\n\n\n\n<p><strong>10:30 &#8211; 12:00 &#8211; <\/strong>Sess\u00e3o de comunica\u00e7\u00f5es 4<\/p>\n\n\n\n<div class=\"wp-block-group is-nowrap is-layout-flex wp-container-core-group-is-layout-ad2f72ca wp-block-group-is-layout-flex\"><\/div>\n\n\n\n<h4 class=\"wp-block-heading has-kb-palette-5-color has-text-color has-link-color wp-elements-c92d5cde8ce27ecf226d1cd31e80cf08\"><strong>TARDE &#8211; PARTE 1:<\/strong><\/h4>\n\n\n\n<p><strong>Local:<\/strong> Audit\u00f3rio do CEHUS (Centro de P\u00f3s-Gradua\u00e7\u00e3o e Pesquisa em Ci\u00eancias Humanas, Sociais, Sociais Aplicadas, Artes e Linguagem) \/ UFPel (R. Cel. Alberto Rosa, 117 &#8211; Centro, Pelotas\/RS)<\/p>\n\n\n\n<p><strong>14:00 &#8211; 16:00 &#8211;<\/strong> Mesa redonda<\/p>\n\n\n\n<p><strong>Convidados: <\/strong>Prof. Dr. Jo\u00e3o Paulo Gama Oliveira (UFS); Profa. Dra. Maria Augusta Martiarena (IFRS &#8211; Os\u00f3rio); Prof. Dr. Aristeu Elisandro Machado Lopes (UFPel).<\/p>\n\n\n\n<p><strong>T\u00edtulo: <\/strong>\u201cFotografia como patrim\u00f4nio hist\u00f3rico-educativo\u201d<\/p>\n\n\n\n<p><strong>Media\u00e7\u00e3o:<\/strong> Profa. Dra. Lisiane Sias Manke (UFPel)<\/p>\n\n\n\n<p><strong>16:00 &#8211; 16:20 &#8211;<\/strong> Coffee break<\/p>\n\n\n\n<div class=\"wp-block-group is-nowrap is-layout-flex wp-container-core-group-is-layout-ad2f72ca wp-block-group-is-layout-flex\"><\/div>\n\n\n\n<h4 class=\"wp-block-heading has-kb-palette-5-color has-text-color has-link-color wp-elements-2f0d66ff2b8b7620489c309a150ca74a\"><strong>TARDE &#8211; PARTE 2<\/strong><\/h4>\n\n\n\n<p><strong>Locais: <\/strong>Sedes dos acervos abertos \u00e0 visita\u00e7\u00e3o (ver informa\u00e7\u00f5es sobre esta programa\u00e7\u00e3o no menu &#8220;Programa\u00e7\u00e3o&#8221; &gt; &#8220;Visita aos acervos&#8221;).<\/p>\n\n\n\n<p><strong>16:30 &#8211; 17:30&nbsp; &#8211;<\/strong> Visita aos acervos da UFPel<\/p>\n\n\n\n<p>Ser\u00e3o 3 op\u00e7\u00f5es de visita\u00e7\u00e3o:<\/p>\n\n\n\n<ul class=\"wp-block-list\">\n<li>Centro de mem\u00f3ria e pesquisa Hist\u00f3ria da alfabetiza\u00e7\u00e3o, leitura, escrita e dos livros escolares &#8211; Hisales;<\/li>\n\n\n\n<li>Centro de documenta\u00e7\u00e3o &#8211; Cedoc \/ Centro de estudos e investiga\u00e7\u00f5es em hist\u00f3ria da educa\u00e7\u00e3o &#8211; Ceihe;<\/li>\n\n\n\n<li>Laborat\u00f3rio de ensino de Hist\u00f3ria &#8211; LEH e Gibiteca UFPel.<\/li>\n<\/ul>\n\n\n\n<div class=\"wp-block-group is-nowrap is-layout-flex wp-container-core-group-is-layout-ad2f72ca wp-block-group-is-layout-flex\"><\/div>\n\n\n\n<h4 class=\"wp-block-heading has-kb-palette-5-color has-text-color has-link-color wp-elements-4a9312bb45207a7d633b8a338e38cd5f\"><strong>NOITE<\/strong><\/h4>\n\n\n\n<p><strong>19:30 &#8211;<\/strong> Jantar de confraterniza\u00e7\u00e3o por ades\u00e3o. Informa\u00e7\u00f5es em: <a href=\"https:\/\/wp.ufpel.edu.br\/30encontroasphe\/jantar-de-confraternizacao\/\">https:\/\/wp.ufpel.edu.br\/30encontroasphe\/jantar-de-confraternizacao\/<\/a><\/p>\n\n\n\n<div class=\"wp-block-group is-nowrap is-layout-flex wp-container-core-group-is-layout-ad2f72ca wp-block-group-is-layout-flex\"><\/div>\n\n\n\n<div class=\"wp-block-group is-nowrap is-layout-flex wp-container-core-group-is-layout-ad2f72ca wp-block-group-is-layout-flex\"><\/div>\n\n\n\n<hr class=\"wp-block-separator has-text-color has-alpha-channel-opacity has-background\" style=\"background-color:#e9e9e9;color:#e9e9e9\"\/>\n\n\n\n<div class=\"wp-block-group is-nowrap is-layout-flex wp-container-core-group-is-layout-ad2f72ca wp-block-group-is-layout-flex\"><\/div>\n\n\n\n<div class=\"wp-block-group is-nowrap is-layout-flex wp-container-core-group-is-layout-ad2f72ca wp-block-group-is-layout-flex\"><\/div>\n\n\n\n<h3 class=\"wp-block-heading has-kb-palette-5-color has-text-color has-link-color wp-elements-529fdb462b1ef2f8d9c3231e198ab250\"><strong>03 de outubro de 2025 (sexta-feira)<\/strong><\/h3>\n\n\n\n<h4 class=\"wp-block-heading has-kb-palette-5-color has-text-color has-link-color wp-elements-b5aa413d829bfbc4a931ebea287ce055\"><strong>MANH\u00c3<\/strong><\/h4>\n\n\n\n<p><strong>Local:<\/strong> Audit\u00f3rio do CEHUS (Centro de P\u00f3s-Gradua\u00e7\u00e3o e Pesquisa em Ci\u00eancias Humanas, Sociais, Sociais Aplicadas, Artes e Linguagem) \/ UFPel (R. Cel. Alberto Rosa, 117 &#8211; Centro, Pelotas\/RS)<\/p>\n\n\n\n<p><strong>08:30 &#8211; 10:15 &#8211;<\/strong> Assembleia Geral Ordin\u00e1ria da Asphe<\/p>\n\n\n\n<p><strong>10:15 &#8211; 10:25 &#8211;<\/strong> Coffee Break<\/p>\n\n\n\n<p><strong>10:30 &#8211; 12:00 &#8211;<\/strong> Palestra de encerramento<\/p>\n\n\n\n<p><strong>Palestrante:<\/strong> Profa. Dra. Luciane Sgarbi S. Grazziotin (Unisinos)<\/p>\n\n\n\n<p><strong>T\u00edtulo:<\/strong> \u201cHist\u00f3ria p\u00fablica e patrim\u00f4nio hist\u00f3rico-educativo: possibilidades de estudo e pesquisa\u201d.<\/p>\n\n\n\n<p><strong>Media\u00e7\u00e3o:<\/strong> Prof. Dr. Fernando Cezar Ripe da Cruz (UFPel)<\/p>\n\n\n\n<p><strong>12:00 &#8211; 12:15 &#8211; <\/strong>Encerramento do encontro<\/p>\n\n\n\n<div class=\"wp-block-group is-nowrap is-layout-flex wp-container-core-group-is-layout-ad2f72ca wp-block-group-is-layout-flex\"><\/div>\n\n\n\n<h4 class=\"wp-block-heading has-kb-palette-5-color has-text-color has-link-color wp-elements-d635bba963ebc6e39eaec89ed74dcb8a\"><strong>TARDE<\/strong><\/h4>\n\n\n\n<p>Turno livre para atividades e passeios tur\u00edsticos na cidade.<\/p>\n\n\n\n<div class=\"wp-block-group is-nowrap is-layout-flex wp-container-core-group-is-layout-ad2f72ca wp-block-group-is-layout-flex\"><\/div>\n\n\n\n<footer class=\"wp-block-group alignfull rodape-apoiadores has-background\" style=\"background-color:#e9e9e9\"><div class=\"wp-block-group__inner-container is-layout-constrained wp-block-group-is-layout-constrained\">\n<div class=\"wp-block-columns is-layout-flex wp-container-core-columns-is-layout-9d6595d7 wp-block-columns-is-layout-flex\">\n<div class=\"wp-block-column is-layout-flow wp-block-column-is-layout-flow\" style=\"flex-basis:50%\">\n<h2 class=\"wp-block-heading\" style=\"font-size:1em\">Realiza\u00e7\u00e3o:<\/h2>\n\n\n\n<div class=\"wp-block-group is-nowrap is-layout-flex wp-container-core-group-is-layout-ad2f72ca wp-block-group-is-layout-flex\">\n<figure class=\"wp-block-image size-full img-apoiadores\"><a href=\"https:\/\/portal.ufpel.edu.br\/\"><img loading=\"lazy\" decoding=\"async\" width=\"120\" height=\"120\" src=\"https:\/\/wp.ufpel.edu.br\/30encontroasphe\/files\/2025\/03\/logo-ufpel.png\" alt=\"Logo colorido da UFPel\" class=\"wp-image-68\" style=\"object-fit:cover\"\/><\/a><\/figure>\n\n\n\n<figure class=\"wp-block-image size-full is-resized img-apoiadores\"><a href=\"https:\/\/asphers.wordpress.com\/\"><img loading=\"lazy\" decoding=\"async\" width=\"120\" height=\"120\" src=\"https:\/\/wp.ufpel.edu.br\/30encontroasphe\/files\/2025\/03\/logo-asphe.png\" alt=\"Logo da Associa\u00e7\u00e3o Sul-Rio-Grandense de Pesquisadores em Hist\u00f3ria da Educa\u00e7\u00e3o - ASPHE\" class=\"wp-image-66\" style=\"object-fit:cover;width:64px;height:auto\"\/><\/a><\/figure>\n<\/div>\n<\/div>\n\n\n\n<div class=\"wp-block-column is-layout-flow wp-block-column-is-layout-flow\">\n<h2 class=\"wp-block-heading\" style=\"font-size:1em\">Organiza\u00e7\u00e3o:<\/h2>\n\n\n\n<div class=\"wp-block-group is-nowrap is-layout-flex wp-container-core-group-is-layout-ad2f72ca wp-block-group-is-layout-flex\">\n<figure class=\"wp-block-image size-full img-apoiadores\"><a href=\"https:\/\/wp.ufpel.edu.br\/hisales\/\"><img loading=\"lazy\" decoding=\"async\" width=\"120\" height=\"120\" src=\"https:\/\/wp.ufpel.edu.br\/30encontroasphe\/files\/2025\/03\/logo-hisales.png\" alt=\"Logo do Centro de mem\u00f3ria e pesquisa Hist\u00f3ria da Alfabetiza\u00e7\u00e3o, Leitura, Escrita e dos Livros Escolares - HISALES\" class=\"wp-image-65\" style=\"aspect-ratio:16\/9;object-fit:cover\"\/><\/a><\/figure>\n\n\n\n<figure class=\"wp-block-image size-full is-resized img-apoiadores\"><a href=\"https:\/\/wp.ufpel.edu.br\/ceihe\/\"><img loading=\"lazy\" decoding=\"async\" width=\"120\" height=\"120\" src=\"https:\/\/wp.ufpel.edu.br\/30encontroasphe\/files\/2025\/04\/logo-ceihe-02.png\" alt=\"Logo do Centro de estudos e investiga\u00e7\u00f5es em Hist\u00f3ria da Educa\u00e7\u00e3o - CEIHE\" class=\"wp-image-998\" style=\"aspect-ratio:16\/9;object-fit:cover;width:106px\"\/><\/a><\/figure>\n\n\n\n<figure class=\"wp-block-image size-full is-resized img-apoiadores\"><a href=\"https:\/\/wp.ufpel.edu.br\/leh\/heduca\/\"><img loading=\"lazy\" decoding=\"async\" width=\"120\" height=\"120\" src=\"https:\/\/wp.ufpel.edu.br\/30encontroasphe\/files\/2025\/04\/logo-heduca-02.png\" alt=\"Logo do Grupo de pesquisa Hist\u00f3ria e Educa\u00e7\u00e3o: textos, escritas e leituras - HEDUCA\" class=\"wp-image-837\" style=\"aspect-ratio:16\/9;object-fit:cover;width:106px\"\/><\/a><\/figure>\n<\/div>\n<\/div>\n<\/div>\n\n\n\n<hr class=\"wp-block-separator has-text-color has-alpha-channel-opacity has-background separador\" style=\"background-color:#d9d9d9;color:#d9d9d9\"\/>\n\n\n\n<div class=\"wp-block-group is-vertical is-layout-flex wp-container-core-group-is-layout-8cad6afd wp-block-group-is-layout-flex\">\n<h2 class=\"wp-block-heading\" style=\"font-size:1em\">Colabora\u00e7\u00e3o:<\/h2>\n\n\n\n<div class=\"wp-block-group is-layout-flex wp-block-group-is-layout-flex\">\n<figure class=\"wp-block-image size-full is-resized img-apoiadores\"><a href=\"https:\/\/wp.ufpel.edu.br\/ca\/\"><img loading=\"lazy\" decoding=\"async\" width=\"2133\" height=\"2133\" src=\"https:\/\/wp.ufpel.edu.br\/30encontroasphe\/files\/2025\/04\/logo-ca-edited.png\" alt=\"Logo do Centro de Artes - CA\/UFPel\" class=\"wp-image-1023\" style=\"width:95px\" srcset=\"https:\/\/wp.ufpel.edu.br\/30encontroasphe\/files\/2025\/04\/logo-ca-edited.png 2133w, https:\/\/wp.ufpel.edu.br\/30encontroasphe\/files\/2025\/04\/logo-ca-edited-400x400.png 400w, https:\/\/wp.ufpel.edu.br\/30encontroasphe\/files\/2025\/04\/logo-ca-edited-1024x1024.png 1024w, https:\/\/wp.ufpel.edu.br\/30encontroasphe\/files\/2025\/04\/logo-ca-edited-200x200.png 200w, https:\/\/wp.ufpel.edu.br\/30encontroasphe\/files\/2025\/04\/logo-ca-edited-768x768.png 768w, https:\/\/wp.ufpel.edu.br\/30encontroasphe\/files\/2025\/04\/logo-ca-edited-1536x1536.png 1536w, https:\/\/wp.ufpel.edu.br\/30encontroasphe\/files\/2025\/04\/logo-ca-edited-2048x2048.png 2048w\" sizes=\"auto, (max-width: 2133px) 100vw, 2133px\" \/><\/a><\/figure>\n\n\n\n<figure class=\"wp-block-image size-full is-resized img-apoiadores\"><a href=\"https:\/\/wp.ufpel.edu.br\/ceihe\/\"><img loading=\"lazy\" decoding=\"async\" width=\"120\" height=\"68\" src=\"https:\/\/wp.ufpel.edu.br\/30encontroasphe\/files\/2025\/04\/logo-cedoc-edited.png\" alt=\"Logo do Centro de documenta\u00e7\u00e3o - CEDOC \/ CEIHE\" class=\"wp-image-1022\" style=\"width:125px;height:auto\"\/><\/a><\/figure>\n\n\n\n<figure class=\"wp-block-image size-large is-resized\"><a href=\"https:\/\/wp.ufpel.edu.br\/cehus\/\"><img loading=\"lazy\" decoding=\"async\" width=\"1024\" height=\"621\" src=\"https:\/\/wp.ufpel.edu.br\/30encontroasphe\/files\/2025\/08\/cehus-1024x621.png\" alt=\"Logo do CEHUS.\" class=\"wp-image-1674\" style=\"width:80px\" srcset=\"https:\/\/wp.ufpel.edu.br\/30encontroasphe\/files\/2025\/08\/cehus-1024x621.png 1024w, https:\/\/wp.ufpel.edu.br\/30encontroasphe\/files\/2025\/08\/cehus-400x243.png 400w, https:\/\/wp.ufpel.edu.br\/30encontroasphe\/files\/2025\/08\/cehus-768x466.png 768w, https:\/\/wp.ufpel.edu.br\/30encontroasphe\/files\/2025\/08\/cehus-1536x931.png 1536w, https:\/\/wp.ufpel.edu.br\/30encontroasphe\/files\/2025\/08\/cehus.png 1583w\" sizes=\"auto, (max-width: 1024px) 100vw, 1024px\" \/><\/a><\/figure>\n\n\n\n<figure class=\"wp-block-image size-full is-resized img-apoiadores\"><a href=\"https:\/\/centrodememoriadaeducacaofurg.blogspot.com\/\"><img loading=\"lazy\" decoding=\"async\" width=\"120\" height=\"120\" src=\"https:\/\/wp.ufpel.edu.br\/30encontroasphe\/files\/2025\/03\/logo-cemedu.png\" alt=\"Logo do Centro de mem\u00f3ria da educa\u00e7\u00e3o - CEMEDU - IE\/FURG\" class=\"wp-image-60\" style=\"width:98px;height:auto\"\/><\/a><\/figure>\n\n\n\n<figure class=\"wp-block-image size-full is-resized img-apoiadores\"><a href=\"https:\/\/wp.ufpel.edu.br\/fae\/\"><img loading=\"lazy\" decoding=\"async\" width=\"120\" height=\"120\" src=\"https:\/\/wp.ufpel.edu.br\/30encontroasphe\/files\/2025\/03\/logo-fae-1.png\" alt=\"\" class=\"wp-image-70\" style=\"width:67px;height:auto\"\/><\/a><\/figure>\n\n\n\n<figure class=\"wp-block-image size-full is-resized img-apoiadores\"><a href=\"https:\/\/wp.ufpel.edu.br\/leh\/\"><img loading=\"lazy\" decoding=\"async\" width=\"120\" height=\"120\" src=\"https:\/\/wp.ufpel.edu.br\/30encontroasphe\/files\/2025\/03\/logo-leh.png\" alt=\"Logo do Laborat\u00f3rio de Ensino de Hist\u00f3ria - LEH\" class=\"wp-image-59\" style=\"width:105px;height:auto\"\/><\/a><\/figure>\n\n\n\n<figure class=\"wp-block-image size-full is-resized img-apoiadores\"><a href=\"https:\/\/wp.ufpel.edu.br\/ppge\/\"><img loading=\"lazy\" decoding=\"async\" width=\"120\" height=\"120\" src=\"https:\/\/wp.ufpel.edu.br\/30encontroasphe\/files\/2025\/03\/logo-ppge.png\" alt=\"Logo do Programa de P\u00f3s-gradua\u00e7\u00e3o em Educa\u00e7\u00e3o - PPGE\/UFPel\" class=\"wp-image-58\" style=\"width:87px;height:auto\"\/><\/a><\/figure>\n\n\n\n<figure class=\"wp-block-image size-full is-resized img-apoiadores\"><a href=\"https:\/\/wp.ufpel.edu.br\/ppgemat\/\"><img loading=\"lazy\" decoding=\"async\" width=\"120\" height=\"120\" src=\"https:\/\/wp.ufpel.edu.br\/30encontroasphe\/files\/2025\/03\/logo-ppgemat.png\" alt=\"Logo do Programa de P\u00f3s-Gradua\u00e7\u00e3o em Educa\u00e7\u00e3o Matem\u00e1tica - PPGEMAT\" class=\"wp-image-57\" style=\"width:75px;height:auto\"\/><\/a><\/figure>\n\n\n\n<figure class=\"wp-block-image size-full is-resized\"><img loading=\"lazy\" decoding=\"async\" width=\"120\" height=\"120\" src=\"https:\/\/wp.ufpel.edu.br\/30encontroasphe\/files\/2025\/03\/logo-ppgh.png\" alt=\"Logo do Programa de P\u00f3s-Gradua\u00e7\u00e3o em Hist\u00f3ria - PPGH\" class=\"wp-image-56\" style=\"width:90px;height:auto\"\/><\/figure>\n<\/div>\n<\/div>\n<\/div><\/footer>\n","protected":false},"excerpt":{"rendered":"<p>01 de outubro de 2025 (quarta-feira) MANH\u00c3 Local: Audit\u00f3rio do CEHUS (Centro de P\u00f3s-Gradua\u00e7\u00e3o e Pesquisa em Ci\u00eancias Humanas, Sociais, Sociais Aplicadas, Artes e Linguagem) \/ UFPel (R. Cel. Alberto Rosa, 117 &#8211; Centro, Pelotas\/RS) 08:00 &#8211; Credenciamento 10:00 &#8211; 10:15 &#8211; Mesa de abertura 10:20 &#8211; 10:50 &#8211; Apresenta\u00e7\u00e3o cultural 11:00 &#8211; 12:30 &#8211; [&hellip;]<\/p>\n","protected":false},"author":1421,"featured_media":0,"parent":0,"menu_order":0,"comment_status":"closed","ping_status":"closed","template":"templates\/template-full.php","meta":{"footnotes":""},"class_list":["post-110","page","type-page","status-publish","hentry","post"],"_links":{"self":[{"href":"https:\/\/wp.ufpel.edu.br\/30encontroasphe\/wp-json\/wp\/v2\/pages\/110","targetHints":{"allow":["GET"]}}],"collection":[{"href":"https:\/\/wp.ufpel.edu.br\/30encontroasphe\/wp-json\/wp\/v2\/pages"}],"about":[{"href":"https:\/\/wp.ufpel.edu.br\/30encontroasphe\/wp-json\/wp\/v2\/types\/page"}],"author":[{"embeddable":true,"href":"https:\/\/wp.ufpel.edu.br\/30encontroasphe\/wp-json\/wp\/v2\/users\/1421"}],"replies":[{"embeddable":true,"href":"https:\/\/wp.ufpel.edu.br\/30encontroasphe\/wp-json\/wp\/v2\/comments?post=110"}],"version-history":[{"count":3,"href":"https:\/\/wp.ufpel.edu.br\/30encontroasphe\/wp-json\/wp\/v2\/pages\/110\/revisions"}],"predecessor-version":[{"id":2146,"href":"https:\/\/wp.ufpel.edu.br\/30encontroasphe\/wp-json\/wp\/v2\/pages\/110\/revisions\/2146"}],"wp:attachment":[{"href":"https:\/\/wp.ufpel.edu.br\/30encontroasphe\/wp-json\/wp\/v2\/media?parent=110"}],"curies":[{"name":"wp","href":"https:\/\/api.w.org\/{rel}","templated":true}]}}