{"id":75,"date":"2023-05-05T15:49:58","date_gmt":"2023-05-05T18:49:58","guid":{"rendered":"https:\/\/wp.ufpel.edu.br\/2siepes\/?page_id=75"},"modified":"2023-08-11T16:20:38","modified_gmt":"2023-08-11T19:20:38","slug":"como-chegar","status":"publish","type":"page","link":"https:\/\/wp.ufpel.edu.br\/2siepes\/como-chegar\/","title":{"rendered":"Como chegar"},"content":{"rendered":"\n<h5 class=\"wp-block-heading\">UFPel &#8211; Audit\u00f3rio 2 do Centro de Artes <mark style=\"background-color:rgba(0, 0, 0, 0);color:#23b064\" class=\"has-inline-color\">(LOCAL DAS PALESTRAS)<\/mark><\/h5>\n\n\n\n<p>R. \u00c1lvaro Chaves, 65 &#8211; Centro, Pelotas &#8211; RS, 96010-760<\/p>\n\n\n\n<iframe src=\"https:\/\/www.google.com\/maps\/embed?pb=!1m18!1m12!1m3!1d599.5605711558592!2d-52.33974759754044!3d-31.780664267704715!2m3!1f0!2f0!3f0!3m2!1i1024!2i768!4f13.1!3m3!1m2!1s0x9511b5c21d3f2837%3A0x231402ba5fe0594f!2sUniversidade%20Federal%20de%20Pelotas%20-%20Centro%20de%20Artes%20-%20Bloco%202!5e0!3m2!1spt-BR!2sbr!4v1683636834437!5m2!1spt-BR!2sbr\" width=\"600\" height=\"450\" style=\"border:0;\" allowfullscreen=\"\" loading=\"lazy\" referrerpolicy=\"no-referrer-when-downgrade\"><\/iframe>\n\n\n\n<h5 class=\"wp-block-heading\">UFPel &#8211; Centro de Artes  <mark style=\"background-color:rgba(0, 0, 0, 0);color:#23b064\" class=\"has-inline-color\">(LOCAL DOS PAIN\u00c9IS INTERATIVOS)<\/mark><\/h5>\n\n\n\n<p>R. Cel. Alberto Rosa, 62 &#8211; Centro, Pelotas &#8211; RS, 96010-770<\/p>\n\n\n\n<iframe src=\"https:\/\/www.google.com\/maps\/embed?pb=!1m18!1m12!1m3!1d3391.6641195305965!2d-52.34259237347072!3d-31.77964571390779!2m3!1f0!2f0!3f0!3m2!1i1024!2i768!4f13.1!3m3!1m2!1s0x9511b5ea00b2f589%3A0xd1c72d1ca9a35ec8!2sUniversidade%20Federal%20de%20Pelotas%20-%20Centro%20de%20Artes%20-%20Bloco%201!5e0!3m2!1spt-BR!2sbr!4v1689008812876!5m2!1spt-BR!2sbr\" width=\"600\" height=\"450\" style=\"border:0;\" allowfullscreen=\"\" loading=\"lazy\" referrerpolicy=\"no-referrer-when-downgrade\"><\/iframe>\n\n\n\n<div style=\"height:50px\" aria-hidden=\"true\" class=\"wp-block-spacer\"><\/div>\n\n\n\n<p><\/p>\n","protected":false},"excerpt":{"rendered":"<p>UFPel &#8211; Audit\u00f3rio 2 do Centro de Artes (LOCAL DAS PALESTRAS) R. \u00c1lvaro Chaves, 65 &#8211; Centro, Pelotas &#8211; RS, 96010-760 UFPel &#8211; Centro de Artes (LOCAL DOS PAIN\u00c9IS INTERATIVOS) R. Cel. Alberto Rosa, 62 &#8211; Centro, Pelotas &#8211; RS, 96010-770<\/p>\n","protected":false},"author":1297,"featured_media":0,"parent":0,"menu_order":0,"comment_status":"closed","ping_status":"closed","template":"","meta":{"footnotes":""},"class_list":["post-75","page","type-page","status-publish","hentry"],"jetpack_sharing_enabled":true,"_links":{"self":[{"href":"https:\/\/wp.ufpel.edu.br\/2siepes\/wp-json\/wp\/v2\/pages\/75","targetHints":{"allow":["GET"]}}],"collection":[{"href":"https:\/\/wp.ufpel.edu.br\/2siepes\/wp-json\/wp\/v2\/pages"}],"about":[{"href":"https:\/\/wp.ufpel.edu.br\/2siepes\/wp-json\/wp\/v2\/types\/page"}],"author":[{"embeddable":true,"href":"https:\/\/wp.ufpel.edu.br\/2siepes\/wp-json\/wp\/v2\/users\/1297"}],"replies":[{"embeddable":true,"href":"https:\/\/wp.ufpel.edu.br\/2siepes\/wp-json\/wp\/v2\/comments?post=75"}],"version-history":[{"count":11,"href":"https:\/\/wp.ufpel.edu.br\/2siepes\/wp-json\/wp\/v2\/pages\/75\/revisions"}],"predecessor-version":[{"id":259,"href":"https:\/\/wp.ufpel.edu.br\/2siepes\/wp-json\/wp\/v2\/pages\/75\/revisions\/259"}],"wp:attachment":[{"href":"https:\/\/wp.ufpel.edu.br\/2siepes\/wp-json\/wp\/v2\/media?parent=75"}],"curies":[{"name":"wp","href":"https:\/\/api.w.org\/{rel}","templated":true}]}}