{"id":59,"date":"2023-05-05T15:28:25","date_gmt":"2023-05-05T18:28:25","guid":{"rendered":"https:\/\/wp.ufpel.edu.br\/2siepes\/?page_id=59"},"modified":"2023-08-07T13:58:37","modified_gmt":"2023-08-07T16:58:37","slug":"organizacao","status":"publish","type":"page","link":"https:\/\/wp.ufpel.edu.br\/2siepes\/organizacao\/","title":{"rendered":"Organiza\u00e7\u00e3o"},"content":{"rendered":"\n<p>Universidade Federal de Pelotas (UFPel)<\/p>\n\n\n\n<p>Rede Ga\u00facha de Institui\u00e7\u00f5es para a Educa\u00e7\u00e3o Sustent\u00e1vel (Regies)<\/p>\n","protected":false},"excerpt":{"rendered":"<p>Universidade Federal de Pelotas (UFPel) Rede Ga\u00facha de Institui\u00e7\u00f5es para a Educa\u00e7\u00e3o Sustent\u00e1vel (Regies)<\/p>\n","protected":false},"author":1297,"featured_media":0,"parent":0,"menu_order":0,"comment_status":"closed","ping_status":"closed","template":"","meta":{"footnotes":""},"class_list":["post-59","page","type-page","status-publish","hentry"],"jetpack_sharing_enabled":true,"_links":{"self":[{"href":"https:\/\/wp.ufpel.edu.br\/2siepes\/wp-json\/wp\/v2\/pages\/59","targetHints":{"allow":["GET"]}}],"collection":[{"href":"https:\/\/wp.ufpel.edu.br\/2siepes\/wp-json\/wp\/v2\/pages"}],"about":[{"href":"https:\/\/wp.ufpel.edu.br\/2siepes\/wp-json\/wp\/v2\/types\/page"}],"author":[{"embeddable":true,"href":"https:\/\/wp.ufpel.edu.br\/2siepes\/wp-json\/wp\/v2\/users\/1297"}],"replies":[{"embeddable":true,"href":"https:\/\/wp.ufpel.edu.br\/2siepes\/wp-json\/wp\/v2\/comments?post=59"}],"version-history":[{"count":3,"href":"https:\/\/wp.ufpel.edu.br\/2siepes\/wp-json\/wp\/v2\/pages\/59\/revisions"}],"predecessor-version":[{"id":231,"href":"https:\/\/wp.ufpel.edu.br\/2siepes\/wp-json\/wp\/v2\/pages\/59\/revisions\/231"}],"wp:attachment":[{"href":"https:\/\/wp.ufpel.edu.br\/2siepes\/wp-json\/wp\/v2\/media?parent=59"}],"curies":[{"name":"wp","href":"https:\/\/api.w.org\/{rel}","templated":true}]}}