{"id":138,"date":"2023-07-10T13:52:52","date_gmt":"2023-07-10T16:52:52","guid":{"rendered":"https:\/\/wp.ufpel.edu.br\/2siepes\/?page_id=138"},"modified":"2023-07-10T13:52:52","modified_gmt":"2023-07-10T16:52:52","slug":"hospedagem","status":"publish","type":"page","link":"https:\/\/wp.ufpel.edu.br\/2siepes\/hospedagem\/","title":{"rendered":"Hospedagem"},"content":{"rendered":"\n<p class=\"has-text-align-center\"><\/p>\n\n\n\n<h4 class=\"wp-block-heading alignwide\"><strong>Contatos de alguns hot\u00e9is em Pelotas-RS:<\/strong><\/h4>\n\n\n\n<figure class=\"wp-block-table alignwide\"><table><tbody><tr><td><strong>Nome<\/strong><br><\/td><td><strong>Endere\u00e7o <\/strong><br>(Centro, Pelotas-RS)<\/td><td><strong>Telefone<\/strong><br><\/td><td><strong>Site<\/strong><br><\/td><\/tr><tr><td>Jacques Georges Hotel<\/td><td>Rua Gon\u00e7alves Chaves, 512.<\/td><td>(53) 3284-9000<\/td><td><a href=\"https:\/\/www.jghotel.com.br\/\">https:\/\/www.jghotel.com.br\/<\/a><\/td><\/tr><tr><td>Hotel Manta<\/td><td>Rua General Neto, 1131.<\/td><td>(53) 3225-2411<\/td><td><a href=\"https:\/\/www.hoteismanta.com.br\/\">https:\/\/www.hoteismanta.com.br\/<\/a><\/td><\/tr><tr><td>Hotel Curi Palace<\/td><td>Rua General Neto, 1279.<\/td><td>(53) 3227-7377<\/td><td><a href=\"https:\/\/www.curipalacehotel.com.br\/\">https:\/\/www.curipalacehotel.com.br\/<\/a><\/td><\/tr><tr><td>Alles Blau &#8211; Hotel e Restaurante<\/td><td>Rua Sete de Setembro, 354.<\/td><td>(53) 3222-2223<\/td><td><a href=\"http:\/\/www.hotelallesblau.com.br\/\">http:\/\/www.hotelallesblau.com.br\/<\/a><\/td><\/tr><tr><td>M.Tower Hotel<\/td><td>Rua F\u00e9lix da Cunha, 213.<\/td><td>(53) 3027-5500<\/td><td><a href=\"https:\/\/www.mtowerhotel.com.br\/\">https:\/\/www.mtowerhotel.com.br\/<\/a><\/td><\/tr><\/tbody><\/table><\/figure>\n","protected":false},"excerpt":{"rendered":"<p>Contatos de alguns hot\u00e9is em Pelotas-RS: Nome Endere\u00e7o (Centro, Pelotas-RS) Telefone Site Jacques Georges Hotel Rua Gon\u00e7alves Chaves, 512. (53) 3284-9000 https:\/\/www.jghotel.com.br\/ Hotel Manta Rua General Neto, 1131. (53) 3225-2411 https:\/\/www.hoteismanta.com.br\/ Hotel Curi Palace Rua General Neto, 1279. (53) 3227-7377 https:\/\/www.curipalacehotel.com.br\/ Alles Blau &#8211; Hotel e Restaurante Rua Sete de Setembro, 354. (53) 3222-2223 http:\/\/www.hotelallesblau.com.br\/ &hellip; <a href=\"https:\/\/wp.ufpel.edu.br\/2siepes\/hospedagem\/\" class=\"more-link\">Continue lendo <span class=\"screen-reader-text\">Hospedagem<\/span> <span class=\"meta-nav\">&rarr;<\/span><\/a><\/p>\n","protected":false},"author":1297,"featured_media":0,"parent":0,"menu_order":0,"comment_status":"closed","ping_status":"closed","template":"","meta":{"footnotes":""},"class_list":["post-138","page","type-page","status-publish","hentry"],"jetpack_sharing_enabled":true,"_links":{"self":[{"href":"https:\/\/wp.ufpel.edu.br\/2siepes\/wp-json\/wp\/v2\/pages\/138","targetHints":{"allow":["GET"]}}],"collection":[{"href":"https:\/\/wp.ufpel.edu.br\/2siepes\/wp-json\/wp\/v2\/pages"}],"about":[{"href":"https:\/\/wp.ufpel.edu.br\/2siepes\/wp-json\/wp\/v2\/types\/page"}],"author":[{"embeddable":true,"href":"https:\/\/wp.ufpel.edu.br\/2siepes\/wp-json\/wp\/v2\/users\/1297"}],"replies":[{"embeddable":true,"href":"https:\/\/wp.ufpel.edu.br\/2siepes\/wp-json\/wp\/v2\/comments?post=138"}],"version-history":[{"count":4,"href":"https:\/\/wp.ufpel.edu.br\/2siepes\/wp-json\/wp\/v2\/pages\/138\/revisions"}],"predecessor-version":[{"id":143,"href":"https:\/\/wp.ufpel.edu.br\/2siepes\/wp-json\/wp\/v2\/pages\/138\/revisions\/143"}],"wp:attachment":[{"href":"https:\/\/wp.ufpel.edu.br\/2siepes\/wp-json\/wp\/v2\/media?parent=138"}],"curies":[{"name":"wp","href":"https:\/\/api.w.org\/{rel}","templated":true}]}}