{"id":99,"date":"2014-02-19T12:26:50","date_gmt":"2014-02-19T15:26:50","guid":{"rendered":"https:\/\/wp.ufpel.edu.br\/24framesdeliteratura\/?page_id=99"},"modified":"2014-02-19T12:29:11","modified_gmt":"2014-02-19T15:29:11","slug":"leituras-indicadas","status":"publish","type":"page","link":"https:\/\/wp.ufpel.edu.br\/24framesdeliteratura\/leituras-indicadas\/","title":{"rendered":"Leituras indicadas"},"content":{"rendered":"<p>Para iniciar essa se\u00e7\u00e3o, conv\u00e9m ressaltar que &#8216;leitura&#8217; aqui est\u00e1 se referindo a obras liter\u00e1rias e cinematogr\u00e1ficas; mais especificamente, cinematogr\u00e1ficas adaptadas. Muitas obras foram citadas na \u00faltima edi\u00e7\u00e3o presencial do Projeto e outras ser\u00e3o nesta, por\u00e9m apenas um n\u00famero reduzido ser\u00e1 efetivamente analisada. Para compensar, listaremos algumas obras que valem a pena conferir. Periodicamente, postaremos no subitem &#8216;an\u00e1lises&#8217; textos comparativos nossos sobre algumas adapta\u00e7\u00f5es. Aproveite a lista e atualize suas leituras!<\/p>\n","protected":false},"excerpt":{"rendered":"<p>Para iniciar essa se\u00e7\u00e3o, conv\u00e9m ressaltar que &#8216;leitura&#8217; aqui est\u00e1 se referindo a obras liter\u00e1rias e cinematogr\u00e1ficas; mais especificamente, cinematogr\u00e1ficas adaptadas. Muitas obras foram citadas na \u00faltima edi\u00e7\u00e3o presencial do Projeto e outras ser\u00e3o nesta, por\u00e9m apenas um n\u00famero reduzido ser\u00e1 efetivamente analisada. Para compensar, listaremos algumas obras que valem a pena conferir. Periodicamente, postaremos [&hellip;]<\/p>\n","protected":false},"author":355,"featured_media":0,"parent":0,"menu_order":0,"comment_status":"closed","ping_status":"closed","template":"","meta":{"jetpack_post_was_ever_published":false,"footnotes":""},"class_list":["post-99","page","type-page","status-publish","hentry"],"jetpack_sharing_enabled":true,"jetpack_shortlink":"https:\/\/wp.me\/P6QAvF-1B","_links":{"self":[{"href":"https:\/\/wp.ufpel.edu.br\/24framesdeliteratura\/wp-json\/wp\/v2\/pages\/99","targetHints":{"allow":["GET"]}}],"collection":[{"href":"https:\/\/wp.ufpel.edu.br\/24framesdeliteratura\/wp-json\/wp\/v2\/pages"}],"about":[{"href":"https:\/\/wp.ufpel.edu.br\/24framesdeliteratura\/wp-json\/wp\/v2\/types\/page"}],"author":[{"embeddable":true,"href":"https:\/\/wp.ufpel.edu.br\/24framesdeliteratura\/wp-json\/wp\/v2\/users\/355"}],"replies":[{"embeddable":true,"href":"https:\/\/wp.ufpel.edu.br\/24framesdeliteratura\/wp-json\/wp\/v2\/comments?post=99"}],"version-history":[{"count":3,"href":"https:\/\/wp.ufpel.edu.br\/24framesdeliteratura\/wp-json\/wp\/v2\/pages\/99\/revisions"}],"predecessor-version":[{"id":104,"href":"https:\/\/wp.ufpel.edu.br\/24framesdeliteratura\/wp-json\/wp\/v2\/pages\/99\/revisions\/104"}],"wp:attachment":[{"href":"https:\/\/wp.ufpel.edu.br\/24framesdeliteratura\/wp-json\/wp\/v2\/media?parent=99"}],"curies":[{"name":"wp","href":"https:\/\/api.w.org\/{rel}","templated":true}]}}