{"id":594,"date":"2016-03-22T16:52:23","date_gmt":"2016-03-22T19:52:23","guid":{"rendered":"https:\/\/wp.ufpel.edu.br\/24framesdeliteratura\/?page_id=594"},"modified":"2016-06-15T20:32:04","modified_gmt":"2016-06-15T23:32:04","slug":"cronograma-2016-sexta-temporada","status":"publish","type":"page","link":"https:\/\/wp.ufpel.edu.br\/24framesdeliteratura\/cronograma-2016-sexta-temporada\/","title":{"rendered":"Cronograma 2016 &#8211; sexta temporada"},"content":{"rendered":"<p style=\"text-align: center\"><span style=\"font-family: 'book antiqua', palatino, serif\">GRUPO DE PESQUISA \u00cdCARO<\/span><\/p>\n<p style=\"text-align: center\"><span style=\"font-family: 'book antiqua', palatino, serif\">LINHA DE PESQUISA | LITERATURA E CINEMA<\/span><\/p>\n<p style=\"text-align: center\"><span style=\"font-family: 'book antiqua', palatino, serif\">24 FRAMES DE LITERATURA<\/span><\/p>\n<p style=\"text-align: center\"><span style=\"font-family: 'book antiqua', palatino, serif\">2016 | CALEND\u00c1RIO DE ATIVIDADES DETALHADO<\/span><\/p>\n<p style=\"text-align: center\"><span style=\"font-family: 'book antiqua', palatino, serif\"><strong>SEXTA TEMPORADA<\/strong> | <strong>ALABARDAS, ALABARDAS<\/strong><\/span><\/p>\n<p style=\"text-align: center\"><span style=\"font-family: 'book antiqua', palatino, serif\"><img loading=\"lazy\" decoding=\"async\" data-attachment-id=\"396\" data-permalink=\"https:\/\/wp.ufpel.edu.br\/24framesdeliteratura\/nossas-analises\/11046989_781213588622350_713271219_n\/\" data-orig-file=\"https:\/\/wp.ufpel.edu.br\/24framesdeliteratura\/files\/2015\/04\/11046989_781213588622350_713271219_n.jpg\" data-orig-size=\"720,92\" data-comments-opened=\"0\" data-image-meta=\"{&quot;aperture&quot;:&quot;0&quot;,&quot;credit&quot;:&quot;&quot;,&quot;camera&quot;:&quot;&quot;,&quot;caption&quot;:&quot;&quot;,&quot;created_timestamp&quot;:&quot;0&quot;,&quot;copyright&quot;:&quot;&quot;,&quot;focal_length&quot;:&quot;0&quot;,&quot;iso&quot;:&quot;0&quot;,&quot;shutter_speed&quot;:&quot;0&quot;,&quot;title&quot;:&quot;&quot;,&quot;orientation&quot;:&quot;0&quot;}\" data-image-title=\"11046989_781213588622350_713271219_n\" data-image-description=\"\" data-image-caption=\"\" data-medium-file=\"https:\/\/wp.ufpel.edu.br\/24framesdeliteratura\/files\/2015\/04\/11046989_781213588622350_713271219_n-424x54.jpg\" data-large-file=\"https:\/\/wp.ufpel.edu.br\/24framesdeliteratura\/files\/2015\/04\/11046989_781213588622350_713271219_n.jpg\" class=\"alignnone size-full wp-image-396\" src=\"https:\/\/wp.ufpel.edu.br\/24framesdeliteratura\/files\/2015\/04\/11046989_781213588622350_713271219_n.jpg\" alt=\"11046989_781213588622350_713271219_n\" width=\"720\" height=\"92\" srcset=\"https:\/\/wp.ufpel.edu.br\/24framesdeliteratura\/files\/2015\/04\/11046989_781213588622350_713271219_n.jpg 720w, https:\/\/wp.ufpel.edu.br\/24framesdeliteratura\/files\/2015\/04\/11046989_781213588622350_713271219_n-212x27.jpg 212w, https:\/\/wp.ufpel.edu.br\/24framesdeliteratura\/files\/2015\/04\/11046989_781213588622350_713271219_n-424x54.jpg 424w\" sizes=\"auto, (max-width: 720px) 100vw, 720px\" \/><\/span><\/p>\n<p><span style=\"font-family: 'book antiqua', palatino, serif\"><strong>VERNISSAGE<\/strong> | 09.04<\/span><\/p>\n<h3><\/h3>\n<p><span style=\"text-decoration: underline;font-family: 'book antiqua', palatino, serif\">SEXTA TEMPORADA | PRIMEIRO SEMESTRE<\/span><\/p>\n<p><span style=\"color: #ffffff\">.<\/span><\/p>\n<p><span style=\"font-family: 'book antiqua', palatino, serif;font-size: 12pt\">Por qual motivo nunca houve greve em uma f\u00e1brica de armamentos? Essa pergunta foi o in\u00edcio do que seria o \u00faltimo projeto liter\u00e1rio do escritor portugu\u00eas <em>Jos\u00e9 Saramago<\/em>. Lan\u00e7ado em 2014, 4 anos ap\u00f3s sua morte, o livro <strong>Alabardas, Alabardas, Espingardas, Espingardas<\/strong> traz a hist\u00f3ria de <em>Artur Paz Semedo<\/em>, contador\u00a0em uma f\u00e1brica de armamentos &#8211; Belona S.A. -, casado com a ativista <em>Fel\u00edcia<\/em>. Dentre os in\u00fameros pontos interessantes de debate sobre essa obra est\u00e1 uma lista de filmes de guerra que\u00a0o narrador cita, para o que ele chama, ironicamente, de &#8220;um aut\u00eantico curso de estado-maior&#8221;. Essa lista de obras, que retratam majoritariamente o ambiente da Segunda Guerra Mundial, foi o mote para a cria\u00e7\u00e3o de uma temporada do 24 Frames de Literatura especificamente sobre a tem\u00e1tica de Literatura, Cinema e Guerra. Todas as obras mencionadas no M\u00f3dulo IV s\u00e3o retiradas do <strong>Alabardas, Alabardas, Espingardas, Espingardas<\/strong>. Os 4 m\u00f3dulos dessa, que j\u00e1 \u00e9 a sexta temporada do projeto, fazem refer\u00eancia aos elementos do romance inacabado de Saramago: o primeiro, <strong>Berta<\/strong>, recebe o nome de batismo de <em>Fel\u00edcia<\/em>, tamb\u00e9m conhecido por ser o nome de um modelo de canh\u00e3o (<em>Big Bertha<\/em>); <strong>Alabardas, Alabardas<\/strong>, o pr\u00f3prio nome do livro, \u00e9 a primeira parte do t\u00edtulo (<em>Alabardas, Alabardas &#8211; Espingardas, Espingardas<\/em>); j\u00e1 <strong>Belona S.A.<\/strong> \u00e9 a f\u00e1brica de armamentos na qual trabalha Artur; e por \u00faltimo, o quarto m\u00f3dulo recebe o nome de <strong>Espingardas, Espingardas<\/strong>, completando, assim, com a ambienta\u00e7\u00e3o da Segunda Grande Guerra &#8211; e a lista de filmes do acervo de Artur no enredo -, a segunda parte do t\u00edtulo do livro, <em>quote<\/em> retirado de uma pe\u00e7a de teatro de Gil Vicente, <em>Exorta\u00e7\u00e3o da guerra<\/em>.\u00a0<\/span><\/p>\n<p><span style=\"color: #ffffff\">.<\/span><\/p>\n<h3 style=\"text-align: left\"><span style=\"font-family: 'book antiqua', palatino, serif\"><strong>M\u00d3DULO I \u2013\u00a0BERTA<\/strong><\/span><br \/>\n<span style=\"font-family: 'book antiqua', palatino, serif;font-size: 12pt\"> [HQ 24F | 5 encontros]<\/span><br \/>\n<span style=\"font-family: 'book antiqua', palatino, serif;font-size: 12pt\"> <em>Local: Lyceu Rio-grandense<\/em><\/span><\/h3>\n<p>&nbsp;<\/p>\n<p style=\"text-align: justify\"><span style=\"font-size: 12pt;font-family: 'book antiqua', palatino, serif\">A metodologia de trabalho do 24 Frames de Literatura segue uma estrutura de an\u00e1lise que obedece aos eixos <strong>roteiro<\/strong>, <strong>voz<\/strong>, <strong><em>frame<\/em><\/strong>, <strong><em>casting<\/em> <\/strong>e <em><strong>graphic<\/strong> <strong>novel<\/strong><\/em>. Cada um desses campos de an\u00e1lise aprecia uma \u00e1rea de estudo das rela\u00e7\u00f5es intermidi\u00e1ticas: o <strong>roteiro<\/strong> problematiza a quest\u00e3o do &#8220;original x adaptado&#8221;; o <strong>voz<\/strong> expande o conceito de narrador para voz narrativa, identificando os agentes e as formas sob as quais podem se manifestar um texto na tela (<em>off<\/em>, <em>over<\/em>, subt\u00edtulo, <em>soundtrack<\/em>, etc.); <strong><em>frame<\/em> <\/strong>identifica a imagem do cinema de uma maneira abrangente, uma vez que abarca as dire\u00e7\u00f5es e as t\u00e9cnicas da constru\u00e7\u00e3o f\u00edlmica; o <em><strong>casting<\/strong> <\/em>n\u00e3o se restringe \u00e0 personagem como habitualmente conhecemos, utilizando-se de personifica\u00e7\u00f5es e cobrindo tamb\u00e9m as personagens animadas; e <em><strong>graphic novel<\/strong><\/em>\u00a0\u00e9 o pr\u00f3prio romance em banda desenhada, que merece destaque em rela\u00e7\u00e3o \u00e0s outras fontes de adapta\u00e7\u00f5es, necessitando de um eixo\u00a0espec\u00edfico por trabalhar com uma linguagem diferente da Literatura,\u00a0motivo pelo qual recebe um espa\u00e7o s\u00f3 seu. Em <strong>Alabardas, Alabardas, Espingardas, Espingardas<\/strong>, a pacifista\u00a0<em>Fel\u00edcia<\/em>, esposa de <em>Artur Paz Semedo<\/em>, nasceu com o nome da sua av\u00f3, <em>Berta<\/em>. Acontece que, ironicamente, o nome <em>Berta<\/em> \u00e9 muito conhecido por ser, justamente, o do canh\u00e3o alem\u00e3o utilizado para bombardear Paris na Primeira Grande Guerra. Mais que isso: o m\u00f3dulo recebe esse nome pelo fato de os eixos de an\u00e1lise, aqui descriminados, serem as ferramentas\u00a0de trabalho do 24F, que estabeleceu em sua metodologia os eixos que melhor acomodaram a an\u00e1lise dos elementos adaptados para a s\u00e9tima arte. Em cada um desses encontros os participantes poder\u00e3o dialogar sobre as ferramentas cinematogr\u00e1ficas &#8211; respectivas em cada eixo &#8211; mais recorrentes para a adapta\u00e7\u00e3o de elementos da semi\u00f3tica textual para a imag\u00e9tica. Mais tarde, no <strong>M\u00f3dulo III<\/strong>, esses conte\u00fados &#8211; at\u00e9 aqui te\u00f3ricos &#8211; ser\u00e3o retomados na pr\u00e1tica: da teoria da adapta\u00e7\u00e3o \u00e0 pr\u00e1tica de adapta\u00e7\u00e3o.<\/span><\/p>\n<p style=\"text-align: justify\"><span style=\"color: #ffffff\">.<\/span><\/p>\n<p style=\"text-align: justify\"><span style=\"font-family: 'book antiqua', palatino, serif\"><strong>16.04<\/strong> |\u00a0<em>ROTEIRO<\/em><\/span><\/p>\n<p style=\"text-align: justify\"><span style=\"font-family: 'book antiqua', palatino, serif\"><strong>23.04<\/strong> |\u00a0<em>VOZ<\/em><\/span><\/p>\n<p style=\"text-align: justify\"><span style=\"font-family: 'book antiqua', palatino, serif\"><strong>30.04<\/strong> |\u00a0<em>FRAME<\/em><\/span><\/p>\n<p style=\"text-align: justify\"><span style=\"font-family: 'book antiqua', palatino, serif\"><strong>07.05<\/strong> |\u00a0<em>CASTING<\/em><\/span><\/p>\n<p style=\"text-align: justify\"><span style=\"font-family: 'book antiqua', palatino, serif\"><strong>14.05<\/strong> | <em>GRAPHIC NOVEL<\/em><\/span><\/p>\n<p style=\"text-align: justify\"><span style=\"color: #ffffff\">.<\/span><\/p>\n<h3 style=\"text-align: justify\"><span style=\"font-family: 'book antiqua', palatino, serif\"><strong>M\u00d3DULO II \u2013 ALABARDAS, ALABARDAS<\/strong><\/span><br \/>\n<span style=\"font-family: 'book antiqua', palatino, serif;font-size: 12pt\"> [CICLO DE DEBATES \u2013 PRIMEIRA GRANDE GUERRA E SUAS ANTECESSORAS | 5 encontros]<\/span><br \/>\n<span style=\"font-family: 'book antiqua', palatino, serif;font-size: 12pt\"> <em>Local: L<\/em><\/span><span style=\"font-family: 'book antiqua', palatino, serif;font-size: 12pt\"><em>yceu Rio-grandense<\/em><\/span><\/h3>\n<p>&nbsp;<\/p>\n<p style=\"text-align: justify\"><span style=\"font-family: 'book antiqua', palatino, serif\">Cavalo de Guerra | <em>2011,\u00a0Steven Spielberg.<\/em><\/span><\/p>\n<p style=\"text-align: justify\"><span style=\"font-family: 'book antiqua', palatino, serif\">Gl\u00f3ria feita de Sangue | <em>1957,\u00a0Stanley Kubrick.<\/em><\/span><\/p>\n<p style=\"text-align: justify\"><span style=\"font-family: 'book antiqua', palatino, serif\">O Bar\u00e3o Vermelho | <em>2008, Nikolai M\u00fcllersch\u00f6n.<\/em><\/span><\/p>\n<p style=\"text-align: justify\"><span style=\"font-family: 'book antiqua', palatino, serif\">Feliz natal | <em>2005, Christian Carion.<\/em><\/span><\/p>\n<p style=\"text-align: justify\"><span style=\"font-family: 'book antiqua', palatino, serif\">O espi\u00e3o negro | <em>1939, Michael Powel.<\/em><\/span><\/p>\n<p style=\"text-align: justify\"><span style=\"color: #ffffff\">.<\/span><\/p>\n<h3 style=\"text-align: justify\"><span style=\"font-family: 'book antiqua', palatino, serif\"><strong>M\u00d3DULO III \u2013 \u00a0BELONA S.A.<\/strong><\/span><br \/>\n<span style=\"font-family: 'book antiqua', palatino, serif;font-size: 12pt\"> [MOSTRAS E BRAINSTORMINGS | 5 encontros]<\/span><br \/>\n<span style=\"font-family: 'book antiqua', palatino, serif;font-size: 12pt\"> <em>Local: Lyceu Rio-grandense<\/em><\/span><\/h3>\n<p>&nbsp;<\/p>\n<p style=\"text-align: justify\"><span style=\"font-family: 'book antiqua', palatino, serif\">Enquanto que o primeiro m\u00f3dulo apresentava a metologia utilizada pelo 24 Frames de Literatura (a ferramenta\u00a0<em>Berta<\/em>),\u00a0<strong>Belona S.A<\/strong>. faz refer\u00eancia ao primeiro t\u00edtulo pensado por Jos\u00e9 Saramago, sendo a pr\u00f3pria f\u00e1brica dos produtos: o nosso <strong>Laborat\u00f3rio 24F<\/strong>. Os 5 encontros pr\u00e1ticos desse m\u00f3dulo ser\u00e3o a experimenta\u00e7\u00e3o de um espa\u00e7o de cria\u00e7\u00e3o, pelo qual os participantes ter\u00e3o a oportunidade de produzir materiais que ir\u00e3o constituir a\u00a0<em><strong>Mostra Audiovisual 24F<\/strong><\/em>. Em <em><strong>adapta\u00e7\u00e3o<\/strong><\/em>, os alunos ter\u00e3o oficina de adapta\u00e7\u00e3o, com t\u00e9cnicas de escrita e exerc\u00edcios de tradu\u00e7\u00e3o do texto para a imagem. No segundo encontro, <em><strong>argumento<\/strong><\/em>, os grupos come\u00e7ar\u00e3o a se formar, com o intuito de se pensar a cria\u00e7\u00e3o de um enredo, com personagem(ns) e espa\u00e7os. A partir de <em><strong>roteiro<\/strong><\/em> todos dever\u00e3o estar organizados para a equipe de produ\u00e7\u00e3o, uma vez que o argumento que come\u00e7ou a ser criado (ou exercitado) ser\u00e1 tratado quantas vezes for necess\u00e1rio &#8211; ainda que no decorrer do processo de produ\u00e7\u00e3o &#8211; para ser gravado. <strong><em>Fotografia<\/em><\/strong> ser\u00e1 o primeiro espa\u00e7o de experimenta\u00e7\u00e3o com a c\u00e2mera, pensando-se aspectos t\u00e9cnicos da filmagem (cor, ISO, abertura do obturador, foco, enquadramento, movimentos de c\u00e2mera, etc.). A grava\u00e7\u00e3o dos materiais ser\u00e1 feita fora dos encontros, de maneira a que todas as ideias possam ser contempladas. Por fim, a <em><strong>montagem<\/strong><\/em> ser\u00e1 o encontro de edi\u00e7\u00e3o,\u00a0utilizando\u00a0os programas <em>Adobe Premiere<\/em> e <em>Adobe AfterEffects<\/em>.\u00a0<\/span><\/p>\n<p style=\"text-align: justify\"><span style=\"color: #ffffff\">.<\/span><\/p>\n<p style=\"text-align: justify\"><span style=\"font-family: 'book antiqua', palatino, serif\">BRAINSTORMING\u00a0I | <em>ADAPTA\u00c7\u00c3O<\/em><\/span><\/p>\n<p style=\"text-align: justify\"><span style=\"font-family: 'book antiqua', palatino, serif\">BRAINSTORMING\u00a0II | <em>ARGUMENTO<\/em><\/span><\/p>\n<p style=\"text-align: justify\"><span style=\"font-family: 'book antiqua', palatino, serif\">BRAINSTORMING\u00a0III | <em>ROTEIRO<\/em><\/span><\/p>\n<p style=\"text-align: justify\"><span style=\"font-family: 'book antiqua', palatino, serif\">BRAINSTORMING IV |\u00a0<em>FOTOGRAFIA<\/em><\/span><\/p>\n<p style=\"text-align: justify\"><span style=\"font-family: 'book antiqua', palatino, serif\">BRAINSTORMING V | <em>MONTAGEM<\/em><\/span><\/p>\n<p><span style=\"color: #ffffff\">.<\/span><\/p>\n<p><strong><span style=\"font-family: 'book antiqua', palatino, serif\">MOSTRA AUDIOVISUAL \u00a024F<\/span><\/strong><\/p>\n<p>&nbsp;<\/p>\n<h3 style=\"text-align: justify\"><span style=\"font-family: 'book antiqua', palatino, serif\"><strong>M\u00d3DULO IV \u2013 ESPINGARDAS, ESPINGARDAS<\/strong><\/span><br \/>\n<span style=\"font-family: 'book antiqua', palatino, serif;font-size: 12pt\"> [CICLO DE DEBATES \u2013 SEGUNDA GRANDE GUERRA E SUAS SUCESSORAS | 5 encontros]<\/span><br \/>\n<span style=\"font-family: 'book antiqua', palatino, serif;font-size: 12pt\"> <em>Local: Sala de Cinema Digital da UFPel<\/em><\/span><\/h3>\n<p><span style=\"color: #ffffff\">.<\/span><\/p>\n<p style=\"text-align: justify\"><span style=\"font-family: 'book antiqua', palatino, serif\">Patton \u00a0| <em>1970, Franklin J. Schaffner.<\/em><\/span><\/p>\n<p style=\"text-align: justify\"><span style=\"font-family: 'book antiqua', palatino, serif\">Pearl Harbour |\u00a0<em>2001, Michael Bay.<\/em><\/span><\/p>\n<p style=\"text-align: justify\"><span style=\"font-family: 'book antiqua', palatino, serif\">Uma batalha no inferno | <em>1965, Ken Annakin.<\/em><\/span><\/p>\n<p style=\"text-align: justify\"><span style=\"font-family: 'book antiqua', palatino, serif\">\u00c0 procura do soldado Ryan | <em>1998, Steven Spielberg.<\/em><\/span><\/p>\n<p style=\"text-align: justify\"><span style=\"font-family: 'book antiqua', palatino, serif\">Nascido para matar | <em>1987, Stanley Kubrick.<\/em><\/span><\/p>\n<p style=\"text-align: justify\"><span style=\"color: #ffffff\">.<\/span><\/p>\n<p style=\"text-align: justify\"><span style=\"color: #ffffff\">.<\/span><\/p>\n<p><span style=\"font-family: 'book antiqua', palatino, serif\">Bibliografia:<\/span><\/p>\n<p><span style=\"font-family: 'book antiqua', palatino, serif\">Andre Gaudreault,\u00a0<em>From Plato to Lumi\u00e8re: Narration and Mostration in Literature and Cinema.<\/em><\/span><\/p>\n<p><span style=\"font-family: 'book antiqua', palatino, serif\">Andrew Dudley, <em>As principais teorias do cinema.<\/em><\/span><\/p>\n<p><span style=\"font-family: 'book antiqua', palatino, serif\">Antonio Candido [et. al.], <em>A personagem de fic\u00e7\u00e3o.<\/em><\/span><\/p>\n<p><span style=\"font-family: 'book antiqua', palatino, serif\">Brian McFarlane,\u00a0<em>Novel to Film: an introdution to the Theory of Adaptation.<\/em><\/span><\/p>\n<p><span style=\"font-family: 'book antiqua', palatino, serif\">Gilles Deleuze, <em>A imagem-movimento.<\/em><\/span><\/p>\n<p><span style=\"font-family: 'book antiqua', palatino, serif\">Jean-Pierre Sarrazac, <em>L\u00e9xico do drama moderno e contempor\u00e2neo.<\/em><\/span><\/p>\n<p><span style=\"font-family: 'book antiqua', palatino, serif\">Marcel Martin, <em>A linguagem cinematogr\u00e1fica.<\/em><\/span><\/p>\n<p><span style=\"font-family: 'book antiqua', palatino, serif\">Michael Bakhtin, <em>A est\u00e9tica da cria\u00e7\u00e3o verbal.<\/em><\/span><\/p>\n<p><span style=\"font-family: 'book antiqua', palatino, serif\">Syd Field, <em>Manual do roteiro.<\/em><\/span><\/p>\n<p><span style=\"font-family: 'book antiqua', palatino, serif\">Robert Stam,<em> <em>Teoria e pr\u00e1tica da adapta\u00e7\u00e3o: da fidelidade \u00e0 intertextualidade.<\/em><\/em><\/span><\/p>\n<p><span style=\"font-family: 'book antiqua', palatino, serif\">Terry Eagleton,\u00a0<em>Teoria da Literatura: uma introdu\u00e7\u00e3o.<\/em><\/span><\/p>\n<p><span style=\"font-family: 'book antiqua', palatino, serif\">Umberto Eco, <em>Semi\u00f3tica e filosofia da linguagem.<\/em><\/span><\/p>\n<p><span style=\"color: #ffffff\">.<\/span><\/p>\n<p><span style=\"color: #ffffff\">.<\/span><\/p>\n<p><span style=\"color: #ffffff\">.<\/span><\/p>\n<p><span style=\"color: #ffffff\">.<\/span><\/p>\n<p><span style=\"font-family: 'book antiqua', palatino, serif\">Coordena\u00e7\u00e3o e conte\u00fado: <\/span><\/p>\n<p><em><span style=\"font-family: 'book antiqua', palatino, serif\">Prof. Dr. Jo\u00e3o Luis Pereira Ourique (docente | UFPel)<\/span><\/em><\/p>\n<p><em><span style=\"font-family: 'book antiqua', palatino, serif\">Carlos Ossanes (UFPel)<\/span><\/em><\/p>\n<p><span style=\"color: #ffffff;font-family: 'book antiqua', palatino, serif\">.<\/span><\/p>\n<p><span style=\"font-family: 'book antiqua', palatino, serif\">Banca:<\/span><\/p>\n<p><em><span style=\"font-family: 'book antiqua', palatino, serif\">Carlos Ossanes<\/span><\/em><\/p>\n<p><em><span style=\"font-family: 'book antiqua', palatino, serif\">C\u00e1ssia Benemann<\/span><\/em><\/p>\n<p><span style=\"color: #ffffff\">.<\/span><\/p>\n<p><span style=\"font-family: 'book antiqua', palatino, serif\">Organiza\u00e7\u00e3o:<\/span><\/p>\n<p><span style=\"font-family: 'book antiqua', palatino, serif\"><strong>Literatura<\/strong><\/span><\/p>\n<p><em><span style=\"font-family: 'book antiqua', palatino, serif\">B\u00e1rbara Maldonado<\/span><\/em><\/p>\n<p><span style=\"font-family: 'book antiqua', palatino, serif\"><em>Betina Lindemann<\/em><\/span><\/p>\n<p><em><span style=\"font-family: 'book antiqua', palatino, serif\">Carlos Ossanes<\/span><\/em><\/p>\n<p><span style=\"font-family: book antiqua,palatino,serif\"><em>Carolina Guterres<\/em><\/span><\/p>\n<p><em><span style=\"font-family: 'book antiqua', palatino, serif\">C\u00e1ssia Benemann<\/span><\/em><\/p>\n<p><em><span style=\"font-family: 'book antiqua', palatino, serif\">Erivelton Lima<\/span><\/em><\/p>\n<p><em><span style=\"font-family: 'book antiqua', palatino, serif\">Fernanda Teixeira<\/span><\/em><\/p>\n<p><em><span style=\"font-family: 'book antiqua', palatino, serif\">Patr\u00edcia Pereira<\/span><\/em><\/p>\n<p><em><span style=\"font-family: book antiqua,palatino,serif\">Priscila Chaves<\/span><\/em><\/p>\n<p><strong><span style=\"font-family: 'book antiqua', palatino, serif\">Cinema<\/span><\/strong><\/p>\n<p><em><span style=\"font-family: 'book antiqua', palatino, serif\">Bettina Wieth<\/span><\/em><\/p>\n<p><em><span style=\"font-family: 'book antiqua', palatino, serif\">Mateus Armas<\/span><\/em><\/p>\n<p><em><span style=\"font-family: 'book antiqua', palatino, serif\">Raul Paiva<br \/>\n<\/span><\/em><\/p>\n<p>&nbsp;<\/p>\n","protected":false},"excerpt":{"rendered":"<p>GRUPO DE PESQUISA \u00cdCARO LINHA DE PESQUISA | LITERATURA E CINEMA 24 FRAMES DE LITERATURA 2016 | CALEND\u00c1RIO DE ATIVIDADES DETALHADO SEXTA TEMPORADA | ALABARDAS, ALABARDAS VERNISSAGE | 09.04 SEXTA TEMPORADA | PRIMEIRO SEMESTRE . Por qual motivo nunca houve greve em uma f\u00e1brica de armamentos? Essa pergunta foi o in\u00edcio do que seria o [&hellip;]<\/p>\n","protected":false},"author":355,"featured_media":0,"parent":0,"menu_order":0,"comment_status":"closed","ping_status":"closed","template":"","meta":{"jetpack_post_was_ever_published":false,"footnotes":""},"class_list":["post-594","page","type-page","status-publish","hentry"],"jetpack_sharing_enabled":true,"jetpack_shortlink":"https:\/\/wp.me\/P6QAvF-9A","_links":{"self":[{"href":"https:\/\/wp.ufpel.edu.br\/24framesdeliteratura\/wp-json\/wp\/v2\/pages\/594","targetHints":{"allow":["GET"]}}],"collection":[{"href":"https:\/\/wp.ufpel.edu.br\/24framesdeliteratura\/wp-json\/wp\/v2\/pages"}],"about":[{"href":"https:\/\/wp.ufpel.edu.br\/24framesdeliteratura\/wp-json\/wp\/v2\/types\/page"}],"author":[{"embeddable":true,"href":"https:\/\/wp.ufpel.edu.br\/24framesdeliteratura\/wp-json\/wp\/v2\/users\/355"}],"replies":[{"embeddable":true,"href":"https:\/\/wp.ufpel.edu.br\/24framesdeliteratura\/wp-json\/wp\/v2\/comments?post=594"}],"version-history":[{"count":25,"href":"https:\/\/wp.ufpel.edu.br\/24framesdeliteratura\/wp-json\/wp\/v2\/pages\/594\/revisions"}],"predecessor-version":[{"id":642,"href":"https:\/\/wp.ufpel.edu.br\/24framesdeliteratura\/wp-json\/wp\/v2\/pages\/594\/revisions\/642"}],"wp:attachment":[{"href":"https:\/\/wp.ufpel.edu.br\/24framesdeliteratura\/wp-json\/wp\/v2\/media?parent=594"}],"curies":[{"name":"wp","href":"https:\/\/api.w.org\/{rel}","templated":true}]}}