{"id":576,"date":"2015-12-01T16:54:22","date_gmt":"2015-12-01T18:54:22","guid":{"rendered":"https:\/\/wp.ufpel.edu.br\/24framesdeliteratura\/?page_id=576"},"modified":"2016-03-21T14:22:56","modified_gmt":"2016-03-21T17:22:56","slug":"requerimento-de-certificacao","status":"publish","type":"page","link":"https:\/\/wp.ufpel.edu.br\/24framesdeliteratura\/requerimento-de-certificacao\/","title":{"rendered":"REQUERIMENTO DE CERTIFICA\u00c7\u00c3O"},"content":{"rendered":"<h4><\/h4>\n<h4 style=\"text-align: center\">Confira bem as informa\u00e7\u00f5es antes de enviar, pois o nome no certificado constar\u00e1 igual ao informado no campo abaixo.<\/h4>\n<h4><\/h4>\n\n<div class=\"wpcf7 no-js\" id=\"wpcf7-f574-o1\" lang=\"pt-BR\" dir=\"ltr\" data-wpcf7-id=\"574\">\n<div class=\"screen-reader-response\"><p role=\"status\" aria-live=\"polite\" aria-atomic=\"true\"><\/p> <ul><\/ul><\/div>\n<form action=\"\/24framesdeliteratura\/wp-json\/wp\/v2\/pages\/576#wpcf7-f574-o1\" method=\"post\" class=\"wpcf7-form init\" aria-label=\"Formul\u00e1rios de contato\" novalidate=\"novalidate\" data-status=\"init\">\n<fieldset class=\"hidden-fields-container\"><input type=\"hidden\" name=\"_wpcf7\" value=\"574\" \/><input type=\"hidden\" name=\"_wpcf7_version\" value=\"6.1.4\" \/><input type=\"hidden\" name=\"_wpcf7_locale\" value=\"pt_BR\" \/><input type=\"hidden\" name=\"_wpcf7_unit_tag\" value=\"wpcf7-f574-o1\" \/><input type=\"hidden\" name=\"_wpcf7_container_post\" value=\"0\" \/><input type=\"hidden\" name=\"_wpcf7_posted_data_hash\" value=\"\" \/>\n<\/fieldset>\n<p>Nome completo (obrigat\u00f3rio)\n<\/p>\n<p><span class=\"wpcf7-form-control-wrap\" data-name=\"your-name\"><input size=\"40\" maxlength=\"400\" class=\"wpcf7-form-control wpcf7-text wpcf7-validates-as-required\" aria-required=\"true\" aria-invalid=\"false\" value=\"\" type=\"text\" name=\"your-name\" \/><\/span>\n<\/p>\n<p>Seu e-mail (obrigat\u00f3rio)\n<\/p>\n<p><span class=\"wpcf7-form-control-wrap\" data-name=\"your-email\"><input size=\"40\" maxlength=\"400\" class=\"wpcf7-form-control wpcf7-email wpcf7-validates-as-required wpcf7-text wpcf7-validates-as-email\" aria-required=\"true\" aria-invalid=\"false\" value=\"\" type=\"email\" name=\"your-email\" \/><\/span>\n<\/p>\n<p>M\u00f3dulo(s) do(s) qual(is) requere certifica\u00e7\u00e3o\n<\/p>\n<p><span class=\"wpcf7-form-control-wrap\" data-name=\"your-message\"><textarea cols=\"40\" rows=\"10\" maxlength=\"2000\" class=\"wpcf7-form-control wpcf7-textarea\" aria-invalid=\"false\" name=\"your-message\"><\/textarea><\/span>\n<\/p>\n<p><input class=\"wpcf7-form-control wpcf7-submit has-spinner\" type=\"submit\" value=\"Enviar\" \/>\n<\/p><p style=\"display: none !important;\" class=\"akismet-fields-container\" data-prefix=\"_wpcf7_ak_\"><label>&#916;<textarea name=\"_wpcf7_ak_hp_textarea\" cols=\"45\" rows=\"8\" maxlength=\"100\"><\/textarea><\/label><input type=\"hidden\" id=\"ak_js_1\" name=\"_wpcf7_ak_js\" value=\"197\"\/><script>document.getElementById( \"ak_js_1\" ).setAttribute( \"value\", ( new Date() ).getTime() );<\/script><\/p><div class=\"wpcf7-response-output\" aria-hidden=\"true\"><\/div>\n<\/form>\n<\/div>\n\n","protected":false},"excerpt":{"rendered":"<p>Confira bem as informa\u00e7\u00f5es antes de enviar, pois o nome no certificado constar\u00e1 igual ao informado no campo abaixo.<\/p>\n","protected":false},"author":355,"featured_media":0,"parent":0,"menu_order":0,"comment_status":"closed","ping_status":"closed","template":"","meta":{"jetpack_post_was_ever_published":false,"footnotes":""},"class_list":["post-576","page","type-page","status-publish","hentry"],"jetpack_sharing_enabled":true,"jetpack_shortlink":"https:\/\/wp.me\/P6QAvF-9i","_links":{"self":[{"href":"https:\/\/wp.ufpel.edu.br\/24framesdeliteratura\/wp-json\/wp\/v2\/pages\/576","targetHints":{"allow":["GET"]}}],"collection":[{"href":"https:\/\/wp.ufpel.edu.br\/24framesdeliteratura\/wp-json\/wp\/v2\/pages"}],"about":[{"href":"https:\/\/wp.ufpel.edu.br\/24framesdeliteratura\/wp-json\/wp\/v2\/types\/page"}],"author":[{"embeddable":true,"href":"https:\/\/wp.ufpel.edu.br\/24framesdeliteratura\/wp-json\/wp\/v2\/users\/355"}],"replies":[{"embeddable":true,"href":"https:\/\/wp.ufpel.edu.br\/24framesdeliteratura\/wp-json\/wp\/v2\/comments?post=576"}],"version-history":[{"count":11,"href":"https:\/\/wp.ufpel.edu.br\/24framesdeliteratura\/wp-json\/wp\/v2\/pages\/576\/revisions"}],"predecessor-version":[{"id":591,"href":"https:\/\/wp.ufpel.edu.br\/24framesdeliteratura\/wp-json\/wp\/v2\/pages\/576\/revisions\/591"}],"wp:attachment":[{"href":"https:\/\/wp.ufpel.edu.br\/24framesdeliteratura\/wp-json\/wp\/v2\/media?parent=576"}],"curies":[{"name":"wp","href":"https:\/\/api.w.org\/{rel}","templated":true}]}}