{"id":31,"date":"2014-02-11T09:37:04","date_gmt":"2014-02-11T11:37:04","guid":{"rendered":"https:\/\/wp.ufpel.edu.br\/24framesdeliteratura\/?page_id=31"},"modified":"2018-05-07T10:46:43","modified_gmt":"2018-05-07T13:46:43","slug":"o-nome","status":"publish","type":"page","link":"https:\/\/wp.ufpel.edu.br\/24framesdeliteratura\/o-nome\/","title":{"rendered":""},"content":{"rendered":"<p style=\"text-align: justify\"><img loading=\"lazy\" decoding=\"async\" data-attachment-id=\"681\" data-permalink=\"https:\/\/wp.ufpel.edu.br\/24framesdeliteratura\/o-nome\/24f-1\/\" data-orig-file=\"https:\/\/wp.ufpel.edu.br\/24framesdeliteratura\/files\/2018\/04\/24F-1-e1523898068126.png\" data-orig-size=\"500,81\" data-comments-opened=\"0\" data-image-meta=\"{&quot;aperture&quot;:&quot;0&quot;,&quot;credit&quot;:&quot;&quot;,&quot;camera&quot;:&quot;&quot;,&quot;caption&quot;:&quot;&quot;,&quot;created_timestamp&quot;:&quot;0&quot;,&quot;copyright&quot;:&quot;&quot;,&quot;focal_length&quot;:&quot;0&quot;,&quot;iso&quot;:&quot;0&quot;,&quot;shutter_speed&quot;:&quot;0&quot;,&quot;title&quot;:&quot;&quot;,&quot;orientation&quot;:&quot;0&quot;}\" data-image-title=\"24F (1)\" data-image-description=\"\" data-image-caption=\"\" data-medium-file=\"https:\/\/wp.ufpel.edu.br\/24framesdeliteratura\/files\/2018\/04\/24F-1-e1523898068126-400x65.png\" data-large-file=\"https:\/\/wp.ufpel.edu.br\/24framesdeliteratura\/files\/2018\/04\/24F-1-e1523898068126.png\" class=\"wp-image-681 size-full aligncenter\" src=\"https:\/\/wp.ufpel.edu.br\/24framesdeliteratura\/files\/2018\/04\/24F-1-e1523898068126.png\" alt=\"\" width=\"500\" height=\"81\" srcset=\"https:\/\/wp.ufpel.edu.br\/24framesdeliteratura\/files\/2018\/04\/24F-1-e1523898068126.png 500w, https:\/\/wp.ufpel.edu.br\/24framesdeliteratura\/files\/2018\/04\/24F-1-e1523898068126-400x65.png 400w\" sizes=\"auto, (max-width: 500px) 100vw, 500px\" \/><\/p>\n<p style=\"text-align: justify\">O 24F se prop\u00f5e a ser um espa\u00e7o de an\u00e1lises comparadas entre elementos Literatura e Cinema. Sob esse eixo, pensou-se em um nome que fizesse men\u00e7\u00e3o, por si s\u00f3, \u00e0s duas artes. Dentre algumas sugest\u00f5es pautadas, essa foi a que mais se encaixou na proposta das atividades: um v\u00eddeo \u00e9 composto por uma s\u00e9rie de imagens e cada uma dessas imagens \u00e9 chamada de <em>frame<\/em>. Desde 1929, a cad\u00eancia padr\u00e3o do cinema \u00e9 de <em>24 frames por segundo (fps)<\/em>; muito embora alguns filmes sejam gravados com maior quantidade de quadros sequenciados, como acontece com os de alta resolu\u00e7\u00e3o, o padr\u00e3o continua sendo o de 24 fps. Sendo assim, a \u00faltima parte do nome alia-se para especificar que tipo de cinema: adaptado da literatura. Como v\u00e1rios s\u00e3o os n\u00edveis e elementos de uma adapta\u00e7\u00e3o, o projeto debate como ocorre a transcria\u00e7\u00e3o de um elemento presente em uma obra liter\u00e1ria para a f\u00edlmica, observando a t\u00e9cnica e o novo sentido criado a partir desse processo.<\/p>\n","protected":false},"excerpt":{"rendered":"<p>O 24F se prop\u00f5e a ser um espa\u00e7o de an\u00e1lises comparadas entre elementos Literatura e Cinema. Sob esse eixo, pensou-se em um nome que fizesse men\u00e7\u00e3o, por si s\u00f3, \u00e0s duas artes. Dentre algumas sugest\u00f5es pautadas, essa foi a que mais se encaixou na proposta das atividades: um v\u00eddeo \u00e9 composto por uma s\u00e9rie de [&hellip;]<\/p>\n","protected":false},"author":355,"featured_media":0,"parent":0,"menu_order":0,"comment_status":"closed","ping_status":"closed","template":"","meta":{"jetpack_post_was_ever_published":false,"footnotes":""},"class_list":["post-31","page","type-page","status-publish","hentry"],"jetpack_sharing_enabled":true,"jetpack_shortlink":"https:\/\/wp.me\/P6QAvF-v","_links":{"self":[{"href":"https:\/\/wp.ufpel.edu.br\/24framesdeliteratura\/wp-json\/wp\/v2\/pages\/31","targetHints":{"allow":["GET"]}}],"collection":[{"href":"https:\/\/wp.ufpel.edu.br\/24framesdeliteratura\/wp-json\/wp\/v2\/pages"}],"about":[{"href":"https:\/\/wp.ufpel.edu.br\/24framesdeliteratura\/wp-json\/wp\/v2\/types\/page"}],"author":[{"embeddable":true,"href":"https:\/\/wp.ufpel.edu.br\/24framesdeliteratura\/wp-json\/wp\/v2\/users\/355"}],"replies":[{"embeddable":true,"href":"https:\/\/wp.ufpel.edu.br\/24framesdeliteratura\/wp-json\/wp\/v2\/comments?post=31"}],"version-history":[{"count":6,"href":"https:\/\/wp.ufpel.edu.br\/24framesdeliteratura\/wp-json\/wp\/v2\/pages\/31\/revisions"}],"predecessor-version":[{"id":719,"href":"https:\/\/wp.ufpel.edu.br\/24framesdeliteratura\/wp-json\/wp\/v2\/pages\/31\/revisions\/719"}],"wp:attachment":[{"href":"https:\/\/wp.ufpel.edu.br\/24framesdeliteratura\/wp-json\/wp\/v2\/media?parent=31"}],"curies":[{"name":"wp","href":"https:\/\/api.w.org\/{rel}","templated":true}]}}