{"id":29,"date":"2014-02-11T09:36:18","date_gmt":"2014-02-11T11:36:18","guid":{"rendered":"https:\/\/wp.ufpel.edu.br\/24framesdeliteratura\/?page_id=29"},"modified":"2016-03-24T10:23:08","modified_gmt":"2016-03-24T13:23:08","slug":"o-projeto-de-extensao","status":"publish","type":"page","link":"https:\/\/wp.ufpel.edu.br\/24framesdeliteratura\/o-projeto-de-extensao\/","title":{"rendered":"O Projeto de Extens\u00e3o"},"content":{"rendered":"<p style=\"text-align: justify\"><a href=\"https:\/\/wp.ufpel.edu.br\/24framesdeliteratura\/files\/2014\/02\/PROPOSTA.png\"><img loading=\"lazy\" decoding=\"async\" data-attachment-id=\"269\" data-permalink=\"https:\/\/wp.ufpel.edu.br\/24framesdeliteratura\/o-projeto-de-extensao\/proposta\/\" data-orig-file=\"https:\/\/wp.ufpel.edu.br\/24framesdeliteratura\/files\/2014\/02\/PROPOSTA.png\" data-orig-size=\"1249,330\" data-comments-opened=\"0\" data-image-meta=\"{&quot;aperture&quot;:&quot;0&quot;,&quot;credit&quot;:&quot;&quot;,&quot;camera&quot;:&quot;&quot;,&quot;caption&quot;:&quot;&quot;,&quot;created_timestamp&quot;:&quot;0&quot;,&quot;copyright&quot;:&quot;&quot;,&quot;focal_length&quot;:&quot;0&quot;,&quot;iso&quot;:&quot;0&quot;,&quot;shutter_speed&quot;:&quot;0&quot;,&quot;title&quot;:&quot;&quot;}\" data-image-title=\"PROPOSTA\" data-image-description=\"\" data-image-caption=\"\" data-medium-file=\"https:\/\/wp.ufpel.edu.br\/24framesdeliteratura\/files\/2014\/02\/PROPOSTA-424x112.png\" data-large-file=\"https:\/\/wp.ufpel.edu.br\/24framesdeliteratura\/files\/2014\/02\/PROPOSTA-984x220.png\" class=\"alignnone wp-image-269\" src=\"https:\/\/wp.ufpel.edu.br\/24framesdeliteratura\/files\/2014\/02\/PROPOSTA.png\" alt=\"PROPOSTA\" width=\"802\" height=\"212\" srcset=\"https:\/\/wp.ufpel.edu.br\/24framesdeliteratura\/files\/2014\/02\/PROPOSTA.png 1249w, https:\/\/wp.ufpel.edu.br\/24framesdeliteratura\/files\/2014\/02\/PROPOSTA-212x56.png 212w, https:\/\/wp.ufpel.edu.br\/24framesdeliteratura\/files\/2014\/02\/PROPOSTA-424x112.png 424w\" sizes=\"auto, (max-width: 802px) 100vw, 802px\" \/><\/a><\/p>\n<p style=\"text-align: justify\">A primeira edi\u00e7\u00e3o do Projeto foi idealizada ainda em 2012. A proposta foi adiante e, ent\u00e3o, dia 11 de maio de 2013 come\u00e7aram os encontros, quinzenais, sempre \u00e0s 14h de s\u00e1bado, no Centro de Integra\u00e7\u00e3o do MERCOSUL. O grupo de debate contava com 4 graduandos, na mesa, e cerca de 20 participantes, como ouvintes. A segunda temporada, que se iniciou em abril, teve alguns aspectos diferentes. Enquanto que na primeira edi\u00e7\u00e3o a lista de obras foi definida previamente, na \u00faltima os t\u00edtulos foram, em boa parte, definidos por vota\u00e7\u00e3o. O projeto teve (dez) encontros, divididos em 5 (cinco) eixos tem\u00e1ticos, com participa\u00e7\u00e3o de pesquisadores e entusiastas da \u00e1rea. Os encontros, sempre abertos \u00e0 comunidade, com uma m\u00e9dia de 35 pessoas presentes. O projeto \u00e9 promovido pelo <a title=\"Grupo de Pesquisa \u00cdCARO\" href=\"http:\/\/icaro.ufpel.edu.br\" target=\"_blank\">Grupo de Pesquisa \u00cdCARO<\/a> (Interdisciplinariedade, Cr\u00edtica ao Autoritarismo, Regionalidade e Oralidade &#8211; CNPq\/UFPel), que conta com a Linha de Pesquisa Literatura e Cinema, e \u00e9 apoiado pelo Grupo de Pesquisa LA (Literatura e Autoritarismo &#8211; CNPq\/UFSM). A programa\u00e7\u00e3o completa da primeira edi\u00e7\u00e3o est\u00e1 dispon\u00edvel no link <a title=\"Primeira edi\u00e7\u00e3o presencial\" href=\"http:\/\/24framesdeliteratura.blogspot.com\" target=\"_blank\">PRIMEIRA EDI\u00c7\u00c3O PRESENCIAL<\/a> e as informa\u00e7\u00f5es sobre a segunda temporada est\u00e1 dispon\u00edvel no menu <a title=\"Segunda temporada\" href=\"https:\/\/wp.ufpel.edu.br\/24framesdeliteratura\/programacao\" target=\"_blank\">A SEGUNDA TEMPORADA<\/a>, na p\u00e1gina inicial do site. H\u00e1, tamb\u00e9m, um espa\u00e7o para a terceira temporada, <a href=\"https:\/\/wp.ufpel.edu.br\/24framesdeliteratura\/contos-gauchescos-joao-simoes-em-serie\/\" target=\"_blank\">Contos Gauchescos: Jo\u00e3o Sim\u00f5es Lopes Neto em s\u00e9rie<\/a>, realizada junto \u00e0 Universidade de Coimbra (UC\/PT). Ano passado realizamos as atividades\u00a0\u00a0do\u00a0<a title=\"Contos Gauchescos: Jo\u00e3o Sim\u00f5es Lopes Neto em s\u00e9rie\" href=\"https:\/\/wp.ufpel.edu.br\/24framesdeliteratura\/cronograma2015\/\" target=\"_blank\">CRONOGRAMA 2015<\/a>, que comportou a quarta e a quinta temporada do projeto. Atualmente est\u00e1 em andamento a <a href=\"https:\/\/wp.ufpel.edu.br\/24framesdeliteratura\/cronograma-2016-sexta-temporada\/\" target=\"_blank\">SEXTA TEMPORADA<\/a>, extra\u00edda a partir do romance inacabado de Jos\u00e9 Saramago, <strong>Alabardas, Alabardas, Espingardas, Espingardas<\/strong>. Para saber mais informa\u00e7\u00f5es, <a title=\"Contato\" href=\"https:\/\/wp.ufpel.edu.br\/24framesdeliteratura\/contato\/\" target=\"_blank\">envie-nos uma mensagem clicando aqui<\/a>.<\/p>\n<p style=\"text-align: justify\">Coordena\u00e7\u00e3o:<\/p>\n<p style=\"text-align: justify\"><a title=\"Curr\u00edculo do Sistema Lattes\" href=\"http:\/\/lattes.cnpq.br\/6771081465437313\" target=\"_blank\">Carlos Ossanes<\/a> (Universidade Federal de Pelotas)<\/p>\n<p style=\"text-align: justify\"><a title=\"Curr\u00edculo do Sistema Lattes\" href=\"http:\/\/lattes.cnpq.br\/4095677614469415\" target=\"_blank\">Prof. Dr. Jo\u00e3o Luis Pereira Ourique<\/a> (Universidade Federal de Pelotas)<\/p>\n","protected":false},"excerpt":{"rendered":"<p>A primeira edi\u00e7\u00e3o do Projeto foi idealizada ainda em 2012. A proposta foi adiante e, ent\u00e3o, dia 11 de maio de 2013 come\u00e7aram os encontros, quinzenais, sempre \u00e0s 14h de s\u00e1bado, no Centro de Integra\u00e7\u00e3o do MERCOSUL. O grupo de debate contava com 4 graduandos, na mesa, e cerca de 20 participantes, como ouvintes. A [&hellip;]<\/p>\n","protected":false},"author":355,"featured_media":0,"parent":0,"menu_order":0,"comment_status":"closed","ping_status":"closed","template":"","meta":{"jetpack_post_was_ever_published":false,"footnotes":""},"class_list":["post-29","page","type-page","status-publish","hentry"],"jetpack_sharing_enabled":true,"jetpack_shortlink":"https:\/\/wp.me\/P6QAvF-t","_links":{"self":[{"href":"https:\/\/wp.ufpel.edu.br\/24framesdeliteratura\/wp-json\/wp\/v2\/pages\/29","targetHints":{"allow":["GET"]}}],"collection":[{"href":"https:\/\/wp.ufpel.edu.br\/24framesdeliteratura\/wp-json\/wp\/v2\/pages"}],"about":[{"href":"https:\/\/wp.ufpel.edu.br\/24framesdeliteratura\/wp-json\/wp\/v2\/types\/page"}],"author":[{"embeddable":true,"href":"https:\/\/wp.ufpel.edu.br\/24framesdeliteratura\/wp-json\/wp\/v2\/users\/355"}],"replies":[{"embeddable":true,"href":"https:\/\/wp.ufpel.edu.br\/24framesdeliteratura\/wp-json\/wp\/v2\/comments?post=29"}],"version-history":[{"count":13,"href":"https:\/\/wp.ufpel.edu.br\/24framesdeliteratura\/wp-json\/wp\/v2\/pages\/29\/revisions"}],"predecessor-version":[{"id":635,"href":"https:\/\/wp.ufpel.edu.br\/24framesdeliteratura\/wp-json\/wp\/v2\/pages\/29\/revisions\/635"}],"wp:attachment":[{"href":"https:\/\/wp.ufpel.edu.br\/24framesdeliteratura\/wp-json\/wp\/v2\/media?parent=29"}],"curies":[{"name":"wp","href":"https:\/\/api.w.org\/{rel}","templated":true}]}}