{"id":276,"date":"2014-10-08T20:32:33","date_gmt":"2014-10-08T23:32:33","guid":{"rendered":"https:\/\/wp.ufpel.edu.br\/24framesdeliteratura\/?page_id=276"},"modified":"2014-11-23T21:36:13","modified_gmt":"2014-11-23T23:36:13","slug":"contos-gauchescos-joao-simoes-em-serie","status":"publish","type":"page","link":"https:\/\/wp.ufpel.edu.br\/24framesdeliteratura\/contos-gauchescos-joao-simoes-em-serie\/","title":{"rendered":"Contos Gauchescos: Jo\u00e3o Sim\u00f5es Lopes Neto em s\u00e9rie"},"content":{"rendered":"<p><a href=\"https:\/\/wp.ufpel.edu.br\/24framesdeliteratura\/files\/2014\/10\/entao.png\"><img loading=\"lazy\" decoding=\"async\" data-attachment-id=\"325\" data-permalink=\"https:\/\/wp.ufpel.edu.br\/24framesdeliteratura\/contos-gauchescos-joao-simoes-em-serie\/entao\/\" data-orig-file=\"https:\/\/wp.ufpel.edu.br\/24framesdeliteratura\/files\/2014\/10\/entao-e1418232483547.png\" data-orig-size=\"1144,94\" data-comments-opened=\"0\" data-image-meta=\"{&quot;aperture&quot;:&quot;0&quot;,&quot;credit&quot;:&quot;&quot;,&quot;camera&quot;:&quot;&quot;,&quot;caption&quot;:&quot;&quot;,&quot;created_timestamp&quot;:&quot;0&quot;,&quot;copyright&quot;:&quot;&quot;,&quot;focal_length&quot;:&quot;0&quot;,&quot;iso&quot;:&quot;0&quot;,&quot;shutter_speed&quot;:&quot;0&quot;,&quot;title&quot;:&quot;&quot;,&quot;orientation&quot;:&quot;0&quot;}\" data-image-title=\"entao\" data-image-description=\"\" data-image-caption=\"\" data-medium-file=\"https:\/\/wp.ufpel.edu.br\/24framesdeliteratura\/files\/2014\/10\/entao-e1418232483547-424x34.png\" data-large-file=\"https:\/\/wp.ufpel.edu.br\/24framesdeliteratura\/files\/2014\/10\/entao-e1418232483547-984x94.png\" class=\"alignnone wp-image-325 \" src=\"https:\/\/wp.ufpel.edu.br\/24framesdeliteratura\/files\/2014\/10\/entao.png\" alt=\"\" width=\"816\" height=\"546\" \/><\/a><\/p>\n<p style=\"text-align: justify\">O <em>24 Frames de Literatura<\/em> chega em sua terceira temporada, levando \u00e0 Portugal a s\u00e9rie televisiva <em>Contos Gauchescos: Sim\u00f5es Lopes Neto nas telas<\/em>, em parceria com a<em> Cinematogr\u00e1fica Pampeana<\/em>, na pessoa do diretor de cinema <em>Henrique de Freitas Lima<\/em>. Essa edi\u00e7\u00e3o ser\u00e1 realizada na <em>Faculdade de Letras da Universidade de Coimbra<\/em> (FLUC), pelo <em>Centro de Literatura Portuguesa<\/em> (CLP), dentro da<em> \u00c1rea<\/em> <em>de Estudos Brasileiros do DLLC<\/em>, coordenada pelo Prof. Dr. <em>Osvaldo Silvestre <\/em>e conta, tamb\u00e9m, com o apoio do <em>Instituto Jo\u00e3o Sim\u00f5es Lopes Neto<\/em> (IJSLN &#8211; Pelotas). As atividades iniciaram-se dia 19 em novembro e seguir\u00e3o o <em>modus operandi<\/em> das temporadas anteriores: exibi\u00e7\u00e3o de material audiovisual seguido de debate comparativo.<\/p>\n<p style=\"text-align: justify\">Publicadas pela primeira vez em 1912, as 18 hist\u00f3rias que comp\u00f5e os <em>Contos Gauchescos<\/em> do escritor pelotense<em> Jo\u00e3o Sim\u00f5es Lopes Neto<\/em> \u2013 mais tarde acrescidos de um 19\u00ba, <em>O Menininho do Pres\u00e9pio<\/em> \u2013 re\u00fanem em seus enredos o sumo da cultura e dos costumes do Rio Grande do Sul. Um s\u00e9culo depois, foi lan\u00e7ada a s\u00e9rie<em> Contos Gauchescos: Sim\u00f5es Lopes Neto nas telas<\/em>, escrita e dirigida por <em>Henrique de Freitas Lima<\/em> e produzida pela <em>Cinematogr\u00e1fica Pampeana<\/em>. 5 (cinco) s\u00e3o os epis\u00f3dios da s\u00e9rie, que conta com uma apresenta\u00e7\u00e3o sobre a vida e obra do autor <em>Jo\u00e3o Sim\u00f5es Lopes Neto e outros<\/em> 4 (quatro) curtas-metragens, que adaptam os contos<em> Jogo do osso, Contrabandista, Os cabelos da china e No manantial<\/em>.<\/p>\n<p style=\"text-align: justify\">Clique nas imagens para saber mais sobre a hist\u00f3ria e conhecer as obras do Sim\u00f5es Lopes Neto e Henrique de Freitas Lima<\/p>\n<p style=\"text-align: justify\"><img loading=\"lazy\" decoding=\"async\" data-attachment-id=\"294\" data-permalink=\"https:\/\/wp.ufpel.edu.br\/24framesdeliteratura\/contos-gauchescos-joao-simoes-em-serie\/jogo-do-osso\/\" data-orig-file=\"https:\/\/wp.ufpel.edu.br\/24framesdeliteratura\/files\/2014\/10\/jogo-do-osso-e1414504120161.jpg\" data-orig-size=\"1138,412\" data-comments-opened=\"0\" data-image-meta=\"{&quot;aperture&quot;:&quot;0&quot;,&quot;credit&quot;:&quot;&quot;,&quot;camera&quot;:&quot;&quot;,&quot;caption&quot;:&quot;&quot;,&quot;created_timestamp&quot;:&quot;0&quot;,&quot;copyright&quot;:&quot;&quot;,&quot;focal_length&quot;:&quot;0&quot;,&quot;iso&quot;:&quot;0&quot;,&quot;shutter_speed&quot;:&quot;0&quot;,&quot;title&quot;:&quot;&quot;}\" data-image-title=\"jogo do osso\" data-image-description=\"\" data-image-caption=\"\" data-medium-file=\"https:\/\/wp.ufpel.edu.br\/24framesdeliteratura\/files\/2014\/10\/jogo-do-osso-e1414504120161-424x153.jpg\" data-large-file=\"https:\/\/wp.ufpel.edu.br\/24framesdeliteratura\/files\/2014\/10\/jogo-do-osso-e1414504120161-984x220.jpg\" class=\"alignnone wp-image-294 \" src=\"https:\/\/wp.ufpel.edu.br\/24framesdeliteratura\/files\/2014\/10\/jogo-do-osso-e1414504120161.jpg\" alt=\"\" width=\"807\" height=\"292\" srcset=\"https:\/\/wp.ufpel.edu.br\/24framesdeliteratura\/files\/2014\/10\/jogo-do-osso-e1414504120161.jpg 1138w, https:\/\/wp.ufpel.edu.br\/24framesdeliteratura\/files\/2014\/10\/jogo-do-osso-e1414504120161-212x76.jpg 212w, https:\/\/wp.ufpel.edu.br\/24framesdeliteratura\/files\/2014\/10\/jogo-do-osso-e1414504120161-424x153.jpg 424w\" sizes=\"auto, (max-width: 807px) 100vw, 807px\" \/><\/p>\n<p><img loading=\"lazy\" decoding=\"async\" data-attachment-id=\"293\" data-permalink=\"https:\/\/wp.ufpel.edu.br\/24framesdeliteratura\/contos-gauchescos-joao-simoes-em-serie\/contrabandista\/\" data-orig-file=\"https:\/\/wp.ufpel.edu.br\/24framesdeliteratura\/files\/2014\/10\/contrabandista.jpg\" data-orig-size=\"1147,414\" data-comments-opened=\"0\" data-image-meta=\"{&quot;aperture&quot;:&quot;0&quot;,&quot;credit&quot;:&quot;&quot;,&quot;camera&quot;:&quot;&quot;,&quot;caption&quot;:&quot;&quot;,&quot;created_timestamp&quot;:&quot;0&quot;,&quot;copyright&quot;:&quot;&quot;,&quot;focal_length&quot;:&quot;0&quot;,&quot;iso&quot;:&quot;0&quot;,&quot;shutter_speed&quot;:&quot;0&quot;,&quot;title&quot;:&quot;&quot;}\" data-image-title=\"contrabandista\" data-image-description=\"\" data-image-caption=\"\" data-medium-file=\"https:\/\/wp.ufpel.edu.br\/24framesdeliteratura\/files\/2014\/10\/contrabandista-424x153.jpg\" data-large-file=\"https:\/\/wp.ufpel.edu.br\/24framesdeliteratura\/files\/2014\/10\/contrabandista-984x220.jpg\" class=\"alignnone wp-image-293\" src=\"https:\/\/wp.ufpel.edu.br\/24framesdeliteratura\/files\/2014\/10\/contrabandista.jpg\" alt=\"contrabandista\" width=\"809\" height=\"292\" srcset=\"https:\/\/wp.ufpel.edu.br\/24framesdeliteratura\/files\/2014\/10\/contrabandista.jpg 1147w, https:\/\/wp.ufpel.edu.br\/24framesdeliteratura\/files\/2014\/10\/contrabandista-212x76.jpg 212w, https:\/\/wp.ufpel.edu.br\/24framesdeliteratura\/files\/2014\/10\/contrabandista-424x153.jpg 424w\" sizes=\"auto, (max-width: 809px) 100vw, 809px\" \/><\/p>\n<p><img loading=\"lazy\" decoding=\"async\" data-attachment-id=\"295\" data-permalink=\"https:\/\/wp.ufpel.edu.br\/24framesdeliteratura\/contos-gauchescos-joao-simoes-em-serie\/no-manantial\/\" data-orig-file=\"https:\/\/wp.ufpel.edu.br\/24framesdeliteratura\/files\/2014\/10\/no-manantial.jpg\" data-orig-size=\"1147,414\" data-comments-opened=\"0\" data-image-meta=\"{&quot;aperture&quot;:&quot;0&quot;,&quot;credit&quot;:&quot;&quot;,&quot;camera&quot;:&quot;&quot;,&quot;caption&quot;:&quot;&quot;,&quot;created_timestamp&quot;:&quot;0&quot;,&quot;copyright&quot;:&quot;&quot;,&quot;focal_length&quot;:&quot;0&quot;,&quot;iso&quot;:&quot;0&quot;,&quot;shutter_speed&quot;:&quot;0&quot;,&quot;title&quot;:&quot;&quot;}\" data-image-title=\"no manantial\" data-image-description=\"\" data-image-caption=\"\" data-medium-file=\"https:\/\/wp.ufpel.edu.br\/24framesdeliteratura\/files\/2014\/10\/no-manantial-424x153.jpg\" data-large-file=\"https:\/\/wp.ufpel.edu.br\/24framesdeliteratura\/files\/2014\/10\/no-manantial-984x220.jpg\" class=\"alignnone wp-image-295\" src=\"https:\/\/wp.ufpel.edu.br\/24framesdeliteratura\/files\/2014\/10\/no-manantial.jpg\" alt=\"no manantial\" width=\"808\" height=\"292\" srcset=\"https:\/\/wp.ufpel.edu.br\/24framesdeliteratura\/files\/2014\/10\/no-manantial.jpg 1147w, https:\/\/wp.ufpel.edu.br\/24framesdeliteratura\/files\/2014\/10\/no-manantial-212x76.jpg 212w, https:\/\/wp.ufpel.edu.br\/24framesdeliteratura\/files\/2014\/10\/no-manantial-424x153.jpg 424w\" sizes=\"auto, (max-width: 808px) 100vw, 808px\" \/><\/p>\n<p>As p\u00e1ginas que n\u00e3o estiverem dispon\u00edveis est\u00e3o em constru\u00e7\u00e3o.<\/p>\n","protected":false},"excerpt":{"rendered":"<p>O 24 Frames de Literatura chega em sua terceira temporada, levando \u00e0 Portugal a s\u00e9rie televisiva Contos Gauchescos: Sim\u00f5es Lopes Neto nas telas, em parceria com a Cinematogr\u00e1fica Pampeana, na pessoa do diretor de cinema Henrique de Freitas Lima. Essa edi\u00e7\u00e3o ser\u00e1 realizada na Faculdade de Letras da Universidade de Coimbra (FLUC), pelo Centro de [&hellip;]<\/p>\n","protected":false},"author":355,"featured_media":0,"parent":0,"menu_order":0,"comment_status":"closed","ping_status":"closed","template":"","meta":{"jetpack_post_was_ever_published":false,"footnotes":""},"class_list":["post-276","page","type-page","status-publish","hentry"],"jetpack_sharing_enabled":true,"jetpack_shortlink":"https:\/\/wp.me\/P6QAvF-4s","_links":{"self":[{"href":"https:\/\/wp.ufpel.edu.br\/24framesdeliteratura\/wp-json\/wp\/v2\/pages\/276","targetHints":{"allow":["GET"]}}],"collection":[{"href":"https:\/\/wp.ufpel.edu.br\/24framesdeliteratura\/wp-json\/wp\/v2\/pages"}],"about":[{"href":"https:\/\/wp.ufpel.edu.br\/24framesdeliteratura\/wp-json\/wp\/v2\/types\/page"}],"author":[{"embeddable":true,"href":"https:\/\/wp.ufpel.edu.br\/24framesdeliteratura\/wp-json\/wp\/v2\/users\/355"}],"replies":[{"embeddable":true,"href":"https:\/\/wp.ufpel.edu.br\/24framesdeliteratura\/wp-json\/wp\/v2\/comments?post=276"}],"version-history":[{"count":16,"href":"https:\/\/wp.ufpel.edu.br\/24framesdeliteratura\/wp-json\/wp\/v2\/pages\/276\/revisions"}],"predecessor-version":[{"id":327,"href":"https:\/\/wp.ufpel.edu.br\/24framesdeliteratura\/wp-json\/wp\/v2\/pages\/276\/revisions\/327"}],"wp:attachment":[{"href":"https:\/\/wp.ufpel.edu.br\/24framesdeliteratura\/wp-json\/wp\/v2\/media?parent=276"}],"curies":[{"name":"wp","href":"https:\/\/api.w.org\/{rel}","templated":true}]}}