{"id":972,"date":"2024-12-16T12:48:49","date_gmt":"2024-12-16T15:48:49","guid":{"rendered":"https:\/\/wp.ufpel.edu.br\/100imagens\/?page_id=972"},"modified":"2024-12-18T08:37:04","modified_gmt":"2024-12-18T11:37:04","slug":"e-depois-da-i","status":"publish","type":"page","link":"https:\/\/wp.ufpel.edu.br\/100imagens\/e-depois-da-i\/","title":{"rendered":"\u2026e depois dA.I."},"content":{"rendered":"<p>Coordena\u00e7\u00e3o: Ricardo Brod. Bolsista de Extens\u00e3o UCPel: Victor Irigoite.<\/p>\n<p><img loading=\"lazy\" decoding=\"async\" class=\"alignnone size-medium wp-image-977\" src=\"https:\/\/wp.ufpel.edu.br\/100imagens\/files\/2024\/12\/Patrimo\u0302nio-100IMG-na-era-da-IA-400x225.jpg\" alt=\"\" width=\"400\" height=\"225\" srcset=\"https:\/\/wp.ufpel.edu.br\/100imagens\/files\/2024\/12\/Patrimo\u0302nio-100IMG-na-era-da-IA-400x225.jpg 400w, https:\/\/wp.ufpel.edu.br\/100imagens\/files\/2024\/12\/Patrimo\u0302nio-100IMG-na-era-da-IA-1024x576.jpg 1024w, https:\/\/wp.ufpel.edu.br\/100imagens\/files\/2024\/12\/Patrimo\u0302nio-100IMG-na-era-da-IA-768x432.jpg 768w, https:\/\/wp.ufpel.edu.br\/100imagens\/files\/2024\/12\/Patrimo\u0302nio-100IMG-na-era-da-IA.jpg 1280w\" sizes=\"auto, (max-width: 400px) 100vw, 400px\" \/><\/p>\n<p><strong>1. Livro Falado<\/strong><\/p>\n<div style=\"width: 300px;\" class=\"wp-video\"><video class=\"wp-video-shortcode\" id=\"video-972-1\" width=\"300\" height=\"300\" preload=\"metadata\" controls=\"controls\"><source type=\"video\/mp4\" src=\"https:\/\/wp.ufpel.edu.br\/100imagens\/files\/2024\/12\/gotuzzo-1.mp4?_=1\" \/><a href=\"https:\/\/wp.ufpel.edu.br\/100imagens\/files\/2024\/12\/gotuzzo-1.mp4\">https:\/\/wp.ufpel.edu.br\/100imagens\/files\/2024\/12\/gotuzzo-1.mp4<\/a><\/video><\/div>\n<div style=\"width: 300px;\" class=\"wp-video\"><video class=\"wp-video-shortcode\" id=\"video-972-2\" width=\"300\" height=\"300\" preload=\"metadata\" controls=\"controls\"><source type=\"video\/mp4\" src=\"https:\/\/wp.ufpel.edu.br\/100imagens\/files\/2024\/12\/zola-1.mp4?_=2\" \/><a href=\"https:\/\/wp.ufpel.edu.br\/100imagens\/files\/2024\/12\/zola-1.mp4\">https:\/\/wp.ufpel.edu.br\/100imagens\/files\/2024\/12\/zola-1.mp4<\/a><\/video><\/div>\n<div style=\"width: 300px;\" class=\"wp-video\"><video class=\"wp-video-shortcode\" id=\"video-972-3\" width=\"300\" height=\"300\" preload=\"metadata\" controls=\"controls\"><source type=\"video\/mp4\" src=\"https:\/\/wp.ufpel.edu.br\/100imagens\/files\/2024\/12\/zattera-2.mp4?_=3\" \/><a href=\"https:\/\/wp.ufpel.edu.br\/100imagens\/files\/2024\/12\/zattera-2.mp4\">https:\/\/wp.ufpel.edu.br\/100imagens\/files\/2024\/12\/zattera-2.mp4<\/a><\/video><\/div>\n<div style=\"width: 300px;\" class=\"wp-video\"><video class=\"wp-video-shortcode\" id=\"video-972-4\" width=\"300\" height=\"300\" preload=\"metadata\" controls=\"controls\"><source type=\"video\/mp4\" src=\"https:\/\/wp.ufpel.edu.br\/100imagens\/files\/2024\/12\/dom-pedro-1.mp4?_=4\" \/><a href=\"https:\/\/wp.ufpel.edu.br\/100imagens\/files\/2024\/12\/dom-pedro-1.mp4\">https:\/\/wp.ufpel.edu.br\/100imagens\/files\/2024\/12\/dom-pedro-1.mp4<\/a><\/video><\/div>\n<div style=\"width: 300px;\" class=\"wp-video\"><video class=\"wp-video-shortcode\" id=\"video-972-5\" width=\"300\" height=\"300\" preload=\"metadata\" controls=\"controls\"><source type=\"video\/mp4\" src=\"https:\/\/wp.ufpel.edu.br\/100imagens\/files\/2024\/12\/pedro-osorio-1.mp4?_=5\" \/><a href=\"https:\/\/wp.ufpel.edu.br\/100imagens\/files\/2024\/12\/pedro-osorio-1.mp4\">https:\/\/wp.ufpel.edu.br\/100imagens\/files\/2024\/12\/pedro-osorio-1.mp4<\/a><\/video><\/div>\n<p><strong>2. Antes e Hoje<\/strong><\/p>\n<div style=\"width: 300px;\" class=\"wp-video\"><video class=\"wp-video-shortcode\" id=\"video-972-6\" width=\"300\" height=\"300\" preload=\"metadata\" controls=\"controls\"><source type=\"video\/mp4\" src=\"https:\/\/wp.ufpel.edu.br\/100imagens\/files\/2024\/12\/SANTA-CASA-Antes-e-hoje.mp4?_=6\" \/><a href=\"https:\/\/wp.ufpel.edu.br\/100imagens\/files\/2024\/12\/SANTA-CASA-Antes-e-hoje.mp4\">https:\/\/wp.ufpel.edu.br\/100imagens\/files\/2024\/12\/SANTA-CASA-Antes-e-hoje.mp4<\/a><\/video><\/div>\n<p><strong>3. Futuro do Patrim\u00f4nio<\/strong><\/p>\n\n\t\t<style type=\"text\/css\">\n\t\t\t#gallery-1 {\n\t\t\t\tmargin: auto;\n\t\t\t}\n\t\t\t#gallery-1 .gallery-item {\n\t\t\t\tfloat: left;\n\t\t\t\tmargin-top: 10px;\n\t\t\t\ttext-align: center;\n\t\t\t\twidth: 14%;\n\t\t\t}\n\t\t\t#gallery-1 img {\n\t\t\t\tborder: 2px solid #cfcfcf;\n\t\t\t}\n\t\t\t#gallery-1 .gallery-caption {\n\t\t\t\tmargin-left: 0;\n\t\t\t}\n\t\t\t\/* see gallery_shortcode() in wp-includes\/media.php *\/\n\t\t<\/style>\n\t\t<div id='gallery-1' class='gallery galleryid-972 gallery-columns-7 gallery-size-thumbnail'><dl class='gallery-item'>\n\t\t\t<dt class='gallery-icon landscape'>\n\t\t\t\t<a href='https:\/\/wp.ufpel.edu.br\/100imagens\/e-depois-da-i\/bpp-ia01\/#main'><img loading=\"lazy\" decoding=\"async\" width=\"200\" height=\"200\" src=\"https:\/\/wp.ufpel.edu.br\/100imagens\/files\/2024\/12\/BPP-IA01-200x200.jpg\" class=\"attachment-thumbnail size-thumbnail\" alt=\"\" \/><\/a>\n\t\t\t<\/dt><\/dl><dl class='gallery-item'>\n\t\t\t<dt class='gallery-icon landscape'>\n\t\t\t\t<a href='https:\/\/wp.ufpel.edu.br\/100imagens\/e-depois-da-i\/bpp-ia01b\/#main'><img loading=\"lazy\" decoding=\"async\" width=\"200\" height=\"200\" src=\"https:\/\/wp.ufpel.edu.br\/100imagens\/files\/2024\/12\/BPP-IA01b-200x200.png\" class=\"attachment-thumbnail size-thumbnail\" alt=\"\" \/><\/a>\n\t\t\t<\/dt><\/dl><dl class='gallery-item'>\n\t\t\t<dt class='gallery-icon landscape'>\n\t\t\t\t<a href='https:\/\/wp.ufpel.edu.br\/100imagens\/e-depois-da-i\/bpp-ia02\/#main'><img loading=\"lazy\" decoding=\"async\" width=\"200\" height=\"200\" src=\"https:\/\/wp.ufpel.edu.br\/100imagens\/files\/2024\/12\/BPP-IA02-200x200.png\" class=\"attachment-thumbnail size-thumbnail\" alt=\"\" \/><\/a>\n\t\t\t<\/dt><\/dl><dl class='gallery-item'>\n\t\t\t<dt class='gallery-icon landscape'>\n\t\t\t\t<a href='https:\/\/wp.ufpel.edu.br\/100imagens\/e-depois-da-i\/ccx-ia01\/#main'><img loading=\"lazy\" decoding=\"async\" width=\"200\" height=\"200\" src=\"https:\/\/wp.ufpel.edu.br\/100imagens\/files\/2024\/12\/CCX-IA01-200x200.png\" class=\"attachment-thumbnail size-thumbnail\" alt=\"\" \/><\/a>\n\t\t\t<\/dt><\/dl><dl class='gallery-item'>\n\t\t\t<dt class='gallery-icon landscape'>\n\t\t\t\t<a href='https:\/\/wp.ufpel.edu.br\/100imagens\/e-depois-da-i\/ccx-ia02\/#main'><img loading=\"lazy\" decoding=\"async\" width=\"200\" height=\"200\" src=\"https:\/\/wp.ufpel.edu.br\/100imagens\/files\/2024\/12\/CCX-IA02-200x200.png\" class=\"attachment-thumbnail size-thumbnail\" alt=\"\" \/><\/a>\n\t\t\t<\/dt><\/dl><dl class='gallery-item'>\n\t\t\t<dt class='gallery-icon landscape'>\n\t\t\t\t<a href='https:\/\/wp.ufpel.edu.br\/100imagens\/e-depois-da-i\/cs2-ia01\/#main'><img loading=\"lazy\" decoding=\"async\" width=\"200\" height=\"200\" src=\"https:\/\/wp.ufpel.edu.br\/100imagens\/files\/2024\/12\/CS2-IA01-200x200.png\" class=\"attachment-thumbnail size-thumbnail\" alt=\"\" \/><\/a>\n\t\t\t<\/dt><\/dl><dl class='gallery-item'>\n\t\t\t<dt class='gallery-icon landscape'>\n\t\t\t\t<a href='https:\/\/wp.ufpel.edu.br\/100imagens\/e-depois-da-i\/cs2-ia02\/#main'><img loading=\"lazy\" decoding=\"async\" width=\"200\" height=\"200\" src=\"https:\/\/wp.ufpel.edu.br\/100imagens\/files\/2024\/12\/CS2-IA02-200x200.png\" class=\"attachment-thumbnail size-thumbnail\" alt=\"\" \/><\/a>\n\t\t\t<\/dt><\/dl><br style=\"clear: both\" \/><dl class='gallery-item'>\n\t\t\t<dt class='gallery-icon landscape'>\n\t\t\t\t<a href='https:\/\/wp.ufpel.edu.br\/100imagens\/e-depois-da-i\/cs6-ia01\/#main'><img loading=\"lazy\" decoding=\"async\" width=\"200\" height=\"200\" src=\"https:\/\/wp.ufpel.edu.br\/100imagens\/files\/2024\/12\/CS6-IA01-200x200.png\" class=\"attachment-thumbnail size-thumbnail\" alt=\"\" \/><\/a>\n\t\t\t<\/dt><\/dl><dl class='gallery-item'>\n\t\t\t<dt class='gallery-icon landscape'>\n\t\t\t\t<a href='https:\/\/wp.ufpel.edu.br\/100imagens\/e-depois-da-i\/cs6-ia02\/#main'><img loading=\"lazy\" decoding=\"async\" width=\"200\" height=\"200\" src=\"https:\/\/wp.ufpel.edu.br\/100imagens\/files\/2024\/12\/CS6-IA02-200x200.png\" class=\"attachment-thumbnail size-thumbnail\" alt=\"\" \/><\/a>\n\t\t\t<\/dt><\/dl><dl class='gallery-item'>\n\t\t\t<dt class='gallery-icon landscape'>\n\t\t\t\t<a href='https:\/\/wp.ufpel.edu.br\/100imagens\/e-depois-da-i\/cs8-ia01\/#main'><img loading=\"lazy\" decoding=\"async\" width=\"200\" height=\"200\" src=\"https:\/\/wp.ufpel.edu.br\/100imagens\/files\/2024\/12\/CS8-IA01-200x200.png\" class=\"attachment-thumbnail size-thumbnail\" alt=\"\" \/><\/a>\n\t\t\t<\/dt><\/dl><dl class='gallery-item'>\n\t\t\t<dt class='gallery-icon landscape'>\n\t\t\t\t<a href='https:\/\/wp.ufpel.edu.br\/100imagens\/e-depois-da-i\/cs8-ia02\/#main'><img loading=\"lazy\" decoding=\"async\" width=\"200\" height=\"200\" src=\"https:\/\/wp.ufpel.edu.br\/100imagens\/files\/2024\/12\/CS8-IA02-200x200.png\" class=\"attachment-thumbnail size-thumbnail\" alt=\"\" \/><\/a>\n\t\t\t<\/dt><\/dl><dl class='gallery-item'>\n\t\t\t<dt class='gallery-icon landscape'>\n\t\t\t\t<a href='https:\/\/wp.ufpel.edu.br\/100imagens\/e-depois-da-i\/malg-ia01\/#main'><img loading=\"lazy\" decoding=\"async\" width=\"200\" height=\"200\" src=\"https:\/\/wp.ufpel.edu.br\/100imagens\/files\/2024\/12\/MALG-IA01-200x200.png\" class=\"attachment-thumbnail size-thumbnail\" alt=\"\" \/><\/a>\n\t\t\t<\/dt><\/dl><dl class='gallery-item'>\n\t\t\t<dt class='gallery-icon landscape'>\n\t\t\t\t<a href='https:\/\/wp.ufpel.edu.br\/100imagens\/e-depois-da-i\/malg-ia02\/#main'><img loading=\"lazy\" decoding=\"async\" width=\"200\" height=\"200\" src=\"https:\/\/wp.ufpel.edu.br\/100imagens\/files\/2024\/12\/MALG-IA02-200x200.png\" class=\"attachment-thumbnail size-thumbnail\" alt=\"\" \/><\/a>\n\t\t\t<\/dt><\/dl><dl class='gallery-item'>\n\t\t\t<dt class='gallery-icon landscape'>\n\t\t\t\t<a href='https:\/\/wp.ufpel.edu.br\/100imagens\/e-depois-da-i\/mpp-ia01\/#main'><img loading=\"lazy\" decoding=\"async\" width=\"200\" height=\"200\" src=\"https:\/\/wp.ufpel.edu.br\/100imagens\/files\/2024\/12\/MPP-IA01-200x200.png\" class=\"attachment-thumbnail size-thumbnail\" alt=\"\" \/><\/a>\n\t\t\t<\/dt><\/dl><br style=\"clear: both\" \/><dl class='gallery-item'>\n\t\t\t<dt class='gallery-icon landscape'>\n\t\t\t\t<a href='https:\/\/wp.ufpel.edu.br\/100imagens\/e-depois-da-i\/mpp-ia02\/#main'><img loading=\"lazy\" decoding=\"async\" width=\"200\" height=\"200\" src=\"https:\/\/wp.ufpel.edu.br\/100imagens\/files\/2024\/12\/MPP-IA02-200x200.png\" class=\"attachment-thumbnail size-thumbnail\" alt=\"\" \/><\/a>\n\t\t\t<\/dt><\/dl><dl class='gallery-item'>\n\t\t\t<dt class='gallery-icon landscape'>\n\t\t\t\t<a href='https:\/\/wp.ufpel.edu.br\/100imagens\/e-depois-da-i\/pmp-ia01\/#main'><img loading=\"lazy\" decoding=\"async\" width=\"200\" height=\"200\" src=\"https:\/\/wp.ufpel.edu.br\/100imagens\/files\/2024\/12\/PMP-IA01-200x200.png\" class=\"attachment-thumbnail size-thumbnail\" alt=\"\" \/><\/a>\n\t\t\t<\/dt><\/dl><dl class='gallery-item'>\n\t\t\t<dt class='gallery-icon landscape'>\n\t\t\t\t<a href='https:\/\/wp.ufpel.edu.br\/100imagens\/e-depois-da-i\/pmp-ia02\/#main'><img loading=\"lazy\" decoding=\"async\" width=\"200\" height=\"200\" src=\"https:\/\/wp.ufpel.edu.br\/100imagens\/files\/2024\/12\/PMP-IA02-200x200.png\" class=\"attachment-thumbnail size-thumbnail\" alt=\"\" \/><\/a>\n\t\t\t<\/dt><\/dl><dl class='gallery-item'>\n\t\t\t<dt class='gallery-icon landscape'>\n\t\t\t\t<a href='https:\/\/wp.ufpel.edu.br\/100imagens\/e-depois-da-i\/sfp-ia01\/#main'><img loading=\"lazy\" decoding=\"async\" width=\"200\" height=\"200\" src=\"https:\/\/wp.ufpel.edu.br\/100imagens\/files\/2024\/12\/SFP-IA01-200x200.png\" class=\"attachment-thumbnail size-thumbnail\" alt=\"\" \/><\/a>\n\t\t\t<\/dt><\/dl><dl class='gallery-item'>\n\t\t\t<dt class='gallery-icon landscape'>\n\t\t\t\t<a href='https:\/\/wp.ufpel.edu.br\/100imagens\/e-depois-da-i\/sfp-ia02\/#main'><img loading=\"lazy\" decoding=\"async\" width=\"200\" height=\"200\" src=\"https:\/\/wp.ufpel.edu.br\/100imagens\/files\/2024\/12\/SFP-IA02-200x200.png\" class=\"attachment-thumbnail size-thumbnail\" alt=\"\" \/><\/a>\n\t\t\t<\/dt><\/dl><dl class='gallery-item'>\n\t\t\t<dt class='gallery-icon landscape'>\n\t\t\t\t<a href='https:\/\/wp.ufpel.edu.br\/100imagens\/e-depois-da-i\/tsa-ia01\/#main'><img loading=\"lazy\" decoding=\"async\" width=\"200\" height=\"200\" src=\"https:\/\/wp.ufpel.edu.br\/100imagens\/files\/2024\/12\/TSA-IA01-200x200.png\" class=\"attachment-thumbnail size-thumbnail\" alt=\"\" \/><\/a>\n\t\t\t<\/dt><\/dl><dl class='gallery-item'>\n\t\t\t<dt class='gallery-icon landscape'>\n\t\t\t\t<a href='https:\/\/wp.ufpel.edu.br\/100imagens\/e-depois-da-i\/tsa-ia02\/#main'><img loading=\"lazy\" decoding=\"async\" width=\"200\" height=\"200\" src=\"https:\/\/wp.ufpel.edu.br\/100imagens\/files\/2024\/12\/TSA-IA02-200x200.png\" class=\"attachment-thumbnail size-thumbnail\" alt=\"\" \/><\/a>\n\t\t\t<\/dt><\/dl><br style=\"clear: both\" \/>\n\t\t<\/div>\n\n<p><strong>4. Visita Interativa<\/strong><\/p>\n<p><a href=\"https:\/\/www.spatial.io\/s\/CSF-Catedral-S-Fco-de-Paula-64e8eaaa47b83665de82e00d?share=8953832262125318797\"><img loading=\"lazy\" decoding=\"async\" class=\"alignnone wp-image-1055 size-thumbnail\" src=\"https:\/\/wp.ufpel.edu.br\/100imagens\/files\/2024\/12\/CSF-_-EXT01-200x200.jpg\" alt=\"\" width=\"200\" height=\"200\" \/><\/a><\/p>\n<p><span style=\"font-weight: 400;\">LINK PARA ACESSO: <\/span><\/p>\n<p><a href=\"https:\/\/www.spatial.io\/s\/CSF-Catedral-S-Fco-de-Paula-64e8eaaa47b83665de82e00d?share=8953832262125318797\">https:\/\/www.spatial.io\/s\/CSF-Catedral-S-Fco-de-Paula-64e8eaaa47b83665de82e00d?share=8953832262125318797<\/a><\/p>\n<p><strong>5. Nuvem GS<\/strong><\/p>\n<p><a href=\"https:\/\/lumalabs.ai\/embed\/1554bf4b-858f-4006-9f5d-8154622f3300?mode=sparkles&amp;background=%23ffffff&amp;color=%23000000&amp;showTitle=true&amp;loadBg=true&amp;logoPosition=bottom-left&amp;infoPosition=bottom-right&amp;cinematicVideo=undefined&amp;showMenu=false\"><img loading=\"lazy\" decoding=\"async\" class=\"alignnone wp-image-1057 size-thumbnail\" src=\"https:\/\/wp.ufpel.edu.br\/100imagens\/files\/2024\/12\/WhatsApp-Image-2024-12-16-at-15.41.32-200x200.jpeg\" alt=\"\" width=\"200\" height=\"200\" \/><\/a><\/p>\n<p><span style=\"font-weight: 400;\">LINK PARA ACESSO:<\/span><\/p>\n<p><a href=\"https:\/\/lumalabs.ai\/embed\/1554bf4b-858f-4006-9f5d-8154622f3300?mode=sparkles&amp;background=%23ffffff&amp;color=%23000000&amp;showTitle=true&amp;loadBg=true&amp;logoPosition=bottom-left&amp;infoPosition=bottom-right&amp;cinematicVideo=undefined&amp;showMenu=false\">https:\/\/lumalabs.ai\/embed\/1554bf4b-858f-4006-9f5d-8154622f3300?mode=sparkles&amp;background=%23ffffff&amp;color=%23000000&amp;showTitle=true&amp;loadBg=true&amp;logoPosition=bottom-left&amp;infoPosition=bottom-right&amp;cinematicVideo=undefined&amp;showMenu=false<\/a><\/p>\n<p>&nbsp;<\/p>\n<p>&nbsp;<\/p>\n","protected":false},"excerpt":{"rendered":"<p>Coordena\u00e7\u00e3o: Ricardo Brod. Bolsista de Extens\u00e3o UCPel: Victor Irigoite. 1. Livro Falado 2. Antes e Hoje 3. Futuro do Patrim\u00f4nio 4. Visita Interativa LINK PARA ACESSO: https:\/\/www.spatial.io\/s\/CSF-Catedral-S-Fco-de-Paula-64e8eaaa47b83665de82e00d?share=8953832262125318797 5. Nuvem GS LINK PARA ACESSO: https:\/\/lumalabs.ai\/embed\/1554bf4b-858f-4006-9f5d-8154622f3300?mode=sparkles&amp;background=%23ffffff&amp;color=%23000000&amp;showTitle=true&amp;loadBg=true&amp;logoPosition=bottom-left&amp;infoPosition=bottom-right&amp;cinematicVideo=undefined&amp;showMenu=false &nbsp; &nbsp;<\/p>\n","protected":false},"author":716,"featured_media":0,"parent":0,"menu_order":0,"comment_status":"closed","ping_status":"closed","template":"","meta":{"footnotes":""},"class_list":["post-972","page","type-page","status-publish","hentry","post"],"_links":{"self":[{"href":"https:\/\/wp.ufpel.edu.br\/100imagens\/wp-json\/wp\/v2\/pages\/972","targetHints":{"allow":["GET"]}}],"collection":[{"href":"https:\/\/wp.ufpel.edu.br\/100imagens\/wp-json\/wp\/v2\/pages"}],"about":[{"href":"https:\/\/wp.ufpel.edu.br\/100imagens\/wp-json\/wp\/v2\/types\/page"}],"author":[{"embeddable":true,"href":"https:\/\/wp.ufpel.edu.br\/100imagens\/wp-json\/wp\/v2\/users\/716"}],"replies":[{"embeddable":true,"href":"https:\/\/wp.ufpel.edu.br\/100imagens\/wp-json\/wp\/v2\/comments?post=972"}],"version-history":[{"count":30,"href":"https:\/\/wp.ufpel.edu.br\/100imagens\/wp-json\/wp\/v2\/pages\/972\/revisions"}],"predecessor-version":[{"id":1062,"href":"https:\/\/wp.ufpel.edu.br\/100imagens\/wp-json\/wp\/v2\/pages\/972\/revisions\/1062"}],"wp:attachment":[{"href":"https:\/\/wp.ufpel.edu.br\/100imagens\/wp-json\/wp\/v2\/media?parent=972"}],"curies":[{"name":"wp","href":"https:\/\/api.w.org\/{rel}","templated":true}]}}