{"id":907,"date":"2024-12-09T15:35:05","date_gmt":"2024-12-09T18:35:05","guid":{"rendered":"https:\/\/wp.ufpel.edu.br\/100imagens\/?page_id=907"},"modified":"2024-12-19T13:20:10","modified_gmt":"2024-12-19T16:20:10","slug":"publicacoes","status":"publish","type":"page","link":"https:\/\/wp.ufpel.edu.br\/100imagens\/publicacoes\/","title":{"rendered":"publica\u00e7\u00f5es"},"content":{"rendered":"<p style=\"text-align: left;\"><span style=\"font-family: helvetica, arial, sans-serif; background-color: #ffffff; font-size: 18pt;\"><b>Jornal<\/b><\/span><\/p>\n<p style=\"text-align: left;\"><span style=\"font-family: helvetica, arial, sans-serif;\">INTEGRANTES de projeto de extens\u00e3o da UFPel recriam fotografias de obra refer\u00eancia. <strong>A Hora do Sul<\/strong>, Pelotas, 18 dez. 2024. Dispon\u00edvel em: <a href=\"https:\/\/ahoradosul.com.br\/conteudos\/2024\/12\/18\/integrantes-de-projeto-de-extensao-da-ufpel-recriam-fotografias-de-obra-referencia\/\" target=\"_new\" rel=\"noopener\">https:\/\/ahoradosul.com.br\/conteudos\/2024\/12\/18\/integrantes-de-projeto-de-extensao-da-ufpel-recriam-fotografias-de-obra-referencia\/<\/a>. Acesso em: 19 dez. 2024.<\/span><\/p>\n<p style=\"text-align: left;\">\n<p style=\"text-align: left;\"><span style=\"font-family: helvetica, arial, sans-serif; background-color: #ffffff; font-size: 18pt;\"><b>Artigos<\/b><\/span><\/p>\n<p style=\"text-align: left;\"><span style=\"font-family: helvetica, arial, sans-serif;\">TOMIELLO, F.; DELANOY POLIDORI, M.; MAGALH\u00c3ES FALC\u00c3O, C. 100 IMAGENS OU SEM IMAGENS: 25 anos depois das 100 imagens da arquitetura pelotense.\u00a0<b>PIXO &#8211; Revista de Arquitetura, Cidade e Contemporaneidade<\/b>, v. 7, n. 26, p. 232-245, 30 out. 2023. <a href=\"https:\/\/periodicos.ufpel.edu.br\/index.php\/pixo\/article\/view\/25491\">https:\/\/periodicos.ufpel.edu.br\/index.php\/pixo\/article\/view\/25491<\/a><\/span><\/p>\n<p style=\"text-align: left;\"><span style=\"font-family: helvetica, arial, sans-serif;\">ROCHA, E., GIGANTE VIANA, O., BELTRAME DOS SANTOS, T., TOMIELLO, F., CARDOSO VOLTZ, V., &amp; BEHLING LUCKOW, D. A caminhografia urbana a partir das 100 imagens da arquitetura pelotense. <strong>Revista Est\u00e9tica e Semi\u00f3tica<\/strong>,\u00a014(1), 87\u201398. https:\/\/doi.org\/10.18830\/issn2238-362X.v14.n1.2024.06. (Original work published 1\u00ba de agosto de 2024). <a href=\"https:\/\/periodicos.unb.br\/index.php\/esteticaesemiotica\/article\/view\/55115\">https:\/\/periodicos.unb.br\/index.php\/esteticaesemiotica\/article\/view\/55115<\/a><\/span><\/p>\n<p style=\"text-align: left;\">\n<p style=\"text-align: left;\"><span style=\"font-family: helvetica, arial, sans-serif; background-color: #ffffff; font-size: 18pt;\"><b>Eventos<\/b><\/span><\/p>\n<p style=\"text-align: left;\"><span style=\"font-family: helvetica, arial, sans-serif;\">LUCKOW, Daniele Behling et al.. 10\/100 IMAGENS DA ARQUITETURA PELOTENSE: UMA ABORDAGEM VOLTADA \u00c0 EDUCA\u00c7\u00c3O PARA O PATRIM\u00d4NIO ARQUITET\u00d4NICO.. In: <strong>Anais Graphica 2024: XV International Conference on Graphics Engineering for Arts and Design<\/strong>. Anais&#8230;Pelotas(RS) Universidade Federal de Pelotas (UFPel) e Instituto Federal de Educa\u00e7\u00e3o, Ci\u00eancia e Tecnologia Sul-rio-grandense (IFSul) | C\u00e2mpus Pelotas, 2024. Dispon\u00edvel em: https\/\/www.even3.com.br\/anais\/graphica-430628\/830679-10100-IMAGENS-DA-ARQUITETURA-PELOTENSE&#8211;UMA-ABORDAGEM-VOLTADA-A-EDUCACAO-PARA-O-PATRIMONIO-ARQUITETONICO. Acesso em: 10\/12\/2024. <a href=\"https:\/\/www.even3.com.br\/anais\/graphica-430628\/830679-10100-imagens-da-arquitetura-pelotense--uma-abordagem-voltada-a-educacao-para-o-patrimonio-arquitetonico\/\">https:\/\/www.even3.com.br\/anais\/graphica-430628\/830679-10100-imagens-da-arquitetura-pelotense&#8211;uma-abordagem-voltada-a-educacao-para-o-patrimonio-arquitetonico\/\u00a0<\/a><\/span><\/p>\n<p style=\"text-align: left;\"><span style=\"font-family: helvetica, arial, sans-serif;\">ROCHA, Eduardo et al.. 25 Anos depois das 100 Imagens da Arquitetura Pelotense: fotografar, filmar e narr DEPOIS DAS 100 IMAGENS DA ARQUITETURA PELOTENSE: FOTOGRAFAR, FILMAR E NARRAR.. In: <strong>Anais Graphica 2024: XV International Conference on Graphics Engineering for Arts and Design.<\/strong> Anais&#8230;Pelotas(RS) Universidade Federal de Pelotas (UFPel) e Instituto Federal de Educa\u00e7\u00e3o, Ci\u00eancia e Tecnologia Sul-rio-grandense (IFSul) | C\u00e2mpus Pelotas, 2024. Dispon\u00edvel em: https\/\/www.even3.com.br\/anais\/graphica-430628\/831809-25-ANOS-DEPOIS-DAS-100-IMAGENS-DA-ARQUITETURA-PELOTENSE&#8211;FOTOGRAFAR-FILMAR-E-NARRAR. Acesso em: 08\/12\/2024. <a href=\"https:\/\/www.even3.com.br\/anais\/graphica-430628\/831809-25-anos-depois-das-100-imagens-da-arquitetura-pelotense--fotografar-filmar-e-narrar\/\">https:\/\/www.even3.com.br\/anais\/graphica-430628\/831809-25-anos-depois-das-100-imagens-da-arquitetura-pelotense&#8211;fotografar-filmar-e-narrar\/<\/a><\/span><\/p>\n<p style=\"text-align: left;\"><span style=\"font-family: helvetica, arial, sans-serif;\">ROSA PEDROSO LEITZKE, S.; CARDOSO VOLTZ, V.; DA SILVA E SILVA, E.; GIGANTE VIANA, O.; FERNANDA TOMIELLO, F.; ROCHA, E. Revisitando a Arquitetura Pelotense: 25 anos das 100 imagens atrav\u00e9s de caminhografias e reflex\u00f5es. In: <strong>Anais do XI CEC\/UFPel<\/strong>, 2024. <a href=\"https:\/\/www.google.com\/url?q=http:\/\/cti.ufpel.edu.br\/siepe\/arquivos\/2024\/XU_04407.pdf?ver%3D1729707300&amp;sa=D&amp;source=editors&amp;ust=1733664685748026&amp;usg=AOvVaw2H_dNMvDb_-iFpCjpg88IR\">https:\/\/www.google.com\/url?q=http:\/\/cti.ufpel.edu.br\/siepe\/arquivos\/2024\/XU_04407.pdf?ver%3D1729707300&amp;sa=D&amp;source=editors&amp;ust=1733664685748026&amp;usg=AOvVaw2H_dNMvDb_-iFpCjpg88IR<\/a>\u00a0<\/span><\/p>\n<p class=\"p1\" style=\"text-align: left;\"><span style=\"font-family: helvetica, arial, sans-serif;\">SCHAEFER BATISTA, M.; DANIELA MORAES DA SILVA, T.;\u00a0 TOMIELLO, F.; BEHLING LUCKOW, D. 10\/100: 25 anos depois das 100 imagens da arquitetura pelotenseDEPOIS DAS 100 IMAGENS DA ARQUITETURA <span class=\"s2\">PELOTENSE. In:<b><strong>Anais do X CEC\/UFPel<\/strong>, 2023. <\/b><a href=\"https:\/\/wp.ufpel.edu.br\/congressoextensao\/anais-2023\/#:~:text=COMUNICA%C3%87%C3%83O-,CULTURA,-DIREITOS%20HUMANOS%20E\">https:\/\/wp.ufpel.edu.br\/congressoextensao\/anais-2023\/#:~:text=COMUNICA%C3%87%C3%83O-,CULTURA,-DIREITOS%20HUMANOS%20E<\/a><\/span><\/span><\/p>\n<p style=\"text-align: left;\">\n","protected":false},"excerpt":{"rendered":"<p>Jornal INTEGRANTES de projeto de extens\u00e3o da UFPel recriam fotografias de obra refer\u00eancia. A Hora do Sul, Pelotas, 18 dez. 2024. Dispon\u00edvel em: https:\/\/ahoradosul.com.br\/conteudos\/2024\/12\/18\/integrantes-de-projeto-de-extensao-da-ufpel-recriam-fotografias-de-obra-referencia\/. Acesso em: 19 dez. 2024. Artigos TOMIELLO, F.; DELANOY POLIDORI, M.; MAGALH\u00c3ES FALC\u00c3O, C. 100 IMAGENS OU SEM IMAGENS: 25 anos depois das 100 imagens da arquitetura pelotense.\u00a0PIXO &#8211; Revista de [&hellip;]<\/p>\n","protected":false},"author":716,"featured_media":0,"parent":0,"menu_order":0,"comment_status":"closed","ping_status":"closed","template":"","meta":{"footnotes":""},"class_list":["post-907","page","type-page","status-publish","hentry","post"],"_links":{"self":[{"href":"https:\/\/wp.ufpel.edu.br\/100imagens\/wp-json\/wp\/v2\/pages\/907","targetHints":{"allow":["GET"]}}],"collection":[{"href":"https:\/\/wp.ufpel.edu.br\/100imagens\/wp-json\/wp\/v2\/pages"}],"about":[{"href":"https:\/\/wp.ufpel.edu.br\/100imagens\/wp-json\/wp\/v2\/types\/page"}],"author":[{"embeddable":true,"href":"https:\/\/wp.ufpel.edu.br\/100imagens\/wp-json\/wp\/v2\/users\/716"}],"replies":[{"embeddable":true,"href":"https:\/\/wp.ufpel.edu.br\/100imagens\/wp-json\/wp\/v2\/comments?post=907"}],"version-history":[{"count":8,"href":"https:\/\/wp.ufpel.edu.br\/100imagens\/wp-json\/wp\/v2\/pages\/907\/revisions"}],"predecessor-version":[{"id":1101,"href":"https:\/\/wp.ufpel.edu.br\/100imagens\/wp-json\/wp\/v2\/pages\/907\/revisions\/1101"}],"wp:attachment":[{"href":"https:\/\/wp.ufpel.edu.br\/100imagens\/wp-json\/wp\/v2\/media?parent=907"}],"curies":[{"name":"wp","href":"https:\/\/api.w.org\/{rel}","templated":true}]}}