{"id":352,"date":"2024-10-17T16:40:53","date_gmt":"2024-10-17T19:40:53","guid":{"rendered":"https:\/\/wp.ufpel.edu.br\/100imagens\/?page_id=352"},"modified":"2024-12-10T08:49:52","modified_gmt":"2024-12-10T11:49:52","slug":"100imagens","status":"publish","type":"page","link":"https:\/\/wp.ufpel.edu.br\/100imagens\/","title":{"rendered":"100 imagens"},"content":{"rendered":"<p style=\"text-align: justify;\"><span style=\"font-family: helvetica, arial, sans-serif; font-size: 12pt;\"><strong>25 anos depois das 100 Imagens da Arquitetura Pelotense<\/strong> \u00e9 um <strong>projeto de extens\u00e3o<\/strong>, realizado em comemora\u00e7\u00e3o aos <strong>50 anos da FAUrb\/UFPel<\/strong>, que tem como objetivo reunir estudantes, professores, pesquisadores e a comunidade para realizar caminhadas e refotografar as edifica\u00e7\u00f5es registradas no livro \u201c100 Imagens da Arquitetura Pelotense\u201d (MOURA, SCHLEE, 1998). A partir dessa atividade, o projeto visa organizar uma exposi\u00e7\u00e3o digital e f\u00edsica, promovendo debates sobre a preserva\u00e7\u00e3o do patrim\u00f4nio cultural de Pelotas e repensando as pol\u00edticas p\u00fablicas voltadas \u00e0 arquitetura e \u00e0 cidade.<\/span><\/p>\n<p style=\"text-align: justify;\"><span style=\"font-family: helvetica, arial, sans-serif; font-size: 12pt;\">A justificativa do projeto est\u00e1 na import\u00e2ncia do livro como <strong>refer\u00eancia para a preserva\u00e7\u00e3o do patrim\u00f4nio da cidade<\/strong>. No entanto, muitas das edifica\u00e7\u00f5es registradas na obra foram descaracterizadas ou demolidas, o que refor\u00e7a a necessidade de refletir sobre as pol\u00edticas de prote\u00e7\u00e3o ao patrim\u00f4nio arquitet\u00f4nico. A metodologia \u00e9 baseada em <strong>caminhografias urbanas<\/strong> e no <strong>di\u00e1logo<\/strong> entre acad\u00eamicos, o poder p\u00fablico e a comunidade, visando um <strong>diagn\u00f3stico participativo<\/strong> e a <strong>avalia\u00e7\u00e3o dos resultados<\/strong>.<\/span><\/p>\n<p><span style=\"font-size: 14pt; font-family: helvetica, arial, sans-serif;\"><strong>Os autores<\/strong><\/span><\/p>\n<p><span style=\"font-family: helvetica, arial, sans-serif;\"><img loading=\"lazy\" decoding=\"async\" class=\"wp-image-168 size-thumbnail alignnone\" src=\"https:\/\/wp.ufpel.edu.br\/100imagens\/files\/2022\/12\/Design-sem-nome-200x200.png\" alt=\"\" width=\"200\" height=\"200\" srcset=\"https:\/\/wp.ufpel.edu.br\/100imagens\/files\/2022\/12\/Design-sem-nome-200x200.png 200w, https:\/\/wp.ufpel.edu.br\/100imagens\/files\/2022\/12\/Design-sem-nome-400x400.png 400w, https:\/\/wp.ufpel.edu.br\/100imagens\/files\/2022\/12\/Design-sem-nome-150x150.png 150w, https:\/\/wp.ufpel.edu.br\/100imagens\/files\/2022\/12\/Design-sem-nome.png 512w\" sizes=\"auto, (max-width: 200px) 100vw, 200px\" \/>\u00a0 \u00a0<\/span><\/p>\n<table style=\"height: 104px; width: 74.4556%; border-collapse: collapse;\" border=\"0\">\n<tbody>\n<tr style=\"height: 56px;\">\n<td style=\"width: 37.6601%; height: 56px;\"><span style=\"font-family: helvetica, arial, sans-serif; font-size: 12pt;\"><strong>Rosa Maria Garcia Rolim de Moura<\/strong><\/span><\/td>\n<\/tr>\n<tr style=\"height: 24px;\">\n<td style=\"width: 37.6601%; height: 24px;\"><span style=\"font-family: helvetica, arial, sans-serif; font-size: 12pt;\"><em>(In memoriam)<\/em><\/span><\/td>\n<\/tr>\n<tr style=\"height: 24px;\">\n<td style=\"width: 37.6601%; height: 24px;\"><span style=\"font-family: helvetica, arial, sans-serif; font-size: 12pt;\"><a href=\"http:\/\/lattes.cnpq.br\/8873737298027016\">Lattes<\/a><\/span><\/td>\n<\/tr>\n<\/tbody>\n<\/table>\n<p><span style=\"font-family: helvetica, arial, sans-serif;\"><img loading=\"lazy\" decoding=\"async\" class=\"wp-image-140 size-thumbnail alignnone\" src=\"https:\/\/wp.ufpel.edu.br\/100imagens\/files\/2022\/11\/Design-sem-nome-2-200x200.png\" alt=\"\" width=\"200\" height=\"200\" srcset=\"https:\/\/wp.ufpel.edu.br\/100imagens\/files\/2022\/11\/Design-sem-nome-2-200x200.png 200w, https:\/\/wp.ufpel.edu.br\/100imagens\/files\/2022\/11\/Design-sem-nome-2-400x400.png 400w, https:\/\/wp.ufpel.edu.br\/100imagens\/files\/2022\/11\/Design-sem-nome-2-150x150.png 150w, https:\/\/wp.ufpel.edu.br\/100imagens\/files\/2022\/11\/Design-sem-nome-2.png 512w\" sizes=\"auto, (max-width: 200px) 100vw, 200px\" \/><\/span><\/p>\n<table style=\"height: 104px; width: 74.4556%; border-collapse: collapse;\" border=\"0\">\n<tbody>\n<tr style=\"height: 56px;\">\n<td style=\"width: 42.1701%; height: 56px;\"><span style=\"font-family: helvetica, arial, sans-serif; font-size: 12pt;\"><strong>Andrey Rosenthal Schlee<\/strong><\/span><\/td>\n<\/tr>\n<tr style=\"height: 24px;\">\n<td style=\"width: 42.1701%; height: 24px;\"><\/td>\n<\/tr>\n<tr style=\"height: 24px;\">\n<td style=\"width: 42.1701%; height: 24px;\"><span style=\"font-family: helvetica, arial, sans-serif; font-size: 12pt;\"><a href=\"http:\/\/lattes.cnpq.br\/1945244512534177\">Lattes<\/a><\/span><\/td>\n<\/tr>\n<\/tbody>\n<\/table>\n<p>&nbsp;<\/p>\n","protected":false},"excerpt":{"rendered":"<p>25 anos depois das 100 Imagens da Arquitetura Pelotense \u00e9 um projeto de extens\u00e3o, realizado em comemora\u00e7\u00e3o aos 50 anos da FAUrb\/UFPel, que tem como objetivo reunir estudantes, professores, pesquisadores e a comunidade para realizar caminhadas e refotografar as edifica\u00e7\u00f5es registradas no livro \u201c100 Imagens da Arquitetura Pelotense\u201d (MOURA, SCHLEE, 1998). A partir dessa atividade, [&hellip;]<\/p>\n","protected":false},"author":716,"featured_media":0,"parent":0,"menu_order":0,"comment_status":"closed","ping_status":"closed","template":"","meta":{"footnotes":""},"class_list":["post-352","page","type-page","status-publish","hentry","post"],"_links":{"self":[{"href":"https:\/\/wp.ufpel.edu.br\/100imagens\/wp-json\/wp\/v2\/pages\/352","targetHints":{"allow":["GET"]}}],"collection":[{"href":"https:\/\/wp.ufpel.edu.br\/100imagens\/wp-json\/wp\/v2\/pages"}],"about":[{"href":"https:\/\/wp.ufpel.edu.br\/100imagens\/wp-json\/wp\/v2\/types\/page"}],"author":[{"embeddable":true,"href":"https:\/\/wp.ufpel.edu.br\/100imagens\/wp-json\/wp\/v2\/users\/716"}],"replies":[{"embeddable":true,"href":"https:\/\/wp.ufpel.edu.br\/100imagens\/wp-json\/wp\/v2\/comments?post=352"}],"version-history":[{"count":9,"href":"https:\/\/wp.ufpel.edu.br\/100imagens\/wp-json\/wp\/v2\/pages\/352\/revisions"}],"predecessor-version":[{"id":957,"href":"https:\/\/wp.ufpel.edu.br\/100imagens\/wp-json\/wp\/v2\/pages\/352\/revisions\/957"}],"wp:attachment":[{"href":"https:\/\/wp.ufpel.edu.br\/100imagens\/wp-json\/wp\/v2\/media?parent=352"}],"curies":[{"name":"wp","href":"https:\/\/api.w.org\/{rel}","templated":true}]}}