{"id":238,"date":"2023-02-20T09:11:09","date_gmt":"2023-02-20T12:11:09","guid":{"rendered":"https:\/\/wp.ufpel.edu.br\/100imagens\/?page_id=238"},"modified":"2024-12-10T08:51:13","modified_gmt":"2024-12-10T11:51:13","slug":"roteiros","status":"publish","type":"page","link":"https:\/\/wp.ufpel.edu.br\/100imagens\/roteiros\/","title":{"rendered":"roteiros"},"content":{"rendered":"<p><span style=\"background-color: #ffffff; font-family: helvetica, arial, sans-serif; font-size: 14pt;\"><strong>por proximidade<\/strong><\/span><\/p>\n<p style=\"text-align: justify; padding-left: 40px;\"><span style=\"font-size: 12pt; font-family: helvetica, arial, sans-serif;\">Apresenta os roteiros considerados caminh\u00e1veis e uso de ve\u00edculos, com as imagens agrupadas por proximidade, originais da 1a. edi\u00e7\u00e3o do livro.<\/span><\/p>\n<p><iframe loading=\"lazy\" src=\"https:\/\/www.google.com\/maps\/d\/u\/1\/embed?mid=1vX-1CKH4QTJvDYi_KJcEPZBjvf0HXBM&amp;ehbc=2E312F\" width=\"640\" height=\"480\"><\/iframe><\/p>\n<p><span style=\"background-color: #ffffff; font-family: helvetica, arial, sans-serif; font-size: 14pt;\"><strong>por cronologia<\/strong><\/span><\/p>\n<p style=\"text-align: justify; padding-left: 40px;\"><span style=\"font-size: 12pt; font-family: helvetica, arial, sans-serif;\">Apresenta os roteiros divididos por 6 per\u00edodos cronol\u00f3gicos agrupados conforme a organizac\u00e3o da 1a. edi\u00e7\u00e3o do livro.<\/span><\/p>\n<p><iframe loading=\"lazy\" src=\"https:\/\/www.google.com\/maps\/d\/u\/1\/embed?mid=1lNK0cb2n0n8LVNV191PlYoc5z2Ov8YM&amp;ehbc=2E312F\" width=\"640\" height=\"480\"><\/iframe><\/p>\n","protected":false},"excerpt":{"rendered":"<p>por proximidade Apresenta os roteiros considerados caminh\u00e1veis e uso de ve\u00edculos, com as imagens agrupadas por proximidade, originais da 1a. edi\u00e7\u00e3o do livro. por cronologia Apresenta os roteiros divididos por 6 per\u00edodos cronol\u00f3gicos agrupados conforme a organizac\u00e3o da 1a. edi\u00e7\u00e3o do livro.<\/p>\n","protected":false},"author":716,"featured_media":0,"parent":0,"menu_order":0,"comment_status":"closed","ping_status":"closed","template":"","meta":{"footnotes":""},"class_list":["post-238","page","type-page","status-publish","hentry","post"],"_links":{"self":[{"href":"https:\/\/wp.ufpel.edu.br\/100imagens\/wp-json\/wp\/v2\/pages\/238","targetHints":{"allow":["GET"]}}],"collection":[{"href":"https:\/\/wp.ufpel.edu.br\/100imagens\/wp-json\/wp\/v2\/pages"}],"about":[{"href":"https:\/\/wp.ufpel.edu.br\/100imagens\/wp-json\/wp\/v2\/types\/page"}],"author":[{"embeddable":true,"href":"https:\/\/wp.ufpel.edu.br\/100imagens\/wp-json\/wp\/v2\/users\/716"}],"replies":[{"embeddable":true,"href":"https:\/\/wp.ufpel.edu.br\/100imagens\/wp-json\/wp\/v2\/comments?post=238"}],"version-history":[{"count":15,"href":"https:\/\/wp.ufpel.edu.br\/100imagens\/wp-json\/wp\/v2\/pages\/238\/revisions"}],"predecessor-version":[{"id":958,"href":"https:\/\/wp.ufpel.edu.br\/100imagens\/wp-json\/wp\/v2\/pages\/238\/revisions\/958"}],"wp:attachment":[{"href":"https:\/\/wp.ufpel.edu.br\/100imagens\/wp-json\/wp\/v2\/media?parent=238"}],"curies":[{"name":"wp","href":"https:\/\/api.w.org\/{rel}","templated":true}]}}