{"id":17,"date":"2022-11-20T10:15:16","date_gmt":"2022-11-20T13:15:16","guid":{"rendered":"https:\/\/wp.ufpel.edu.br\/100imagens\/?page_id=17"},"modified":"2024-12-10T08:21:28","modified_gmt":"2024-12-10T11:21:28","slug":"o-projeto","status":"publish","type":"page","link":"https:\/\/wp.ufpel.edu.br\/100imagens\/o-projeto\/","title":{"rendered":"o projeto"},"content":{"rendered":"<p><span style=\"font-size: 14pt; font-family: helvetica, arial, sans-serif; background-color: #ffffff;\"><strong>Resumo<\/strong><\/span><\/p>\n<p style=\"padding-left: 40px; text-align: justify;\"><span style=\"font-size: 12pt; font-family: helvetica, arial, sans-serif;\">O projeto de extens\u00e3o, comemorativo aos 50 anos da FAUrb\/UFPel, pretende reunir estudantes, professores, pesquisadores e cidad\u00e3os, com o objetivo de: criar e praticar roteiros de caminhadas pelas 100 imagens da arquitetura pelotense, refotografando as \u201c100 Imagens da Arquitetura Pelotense\u201d (MOURA, SCHLEE, 1998) e organizar exposi\u00e7\u00e3o digital e anal\u00f3gica sobre o projeto; a fim de repensar o patrim\u00f4nio e as pol\u00edticas culturais na cidade.<\/span><\/p>\n<p><span style=\"font-size: 14pt; font-family: helvetica, arial, sans-serif; background-color: #ffffff;\"><strong>Objetivo Geral<\/strong><\/span><\/p>\n<p style=\"padding-left: 40px; text-align: justify;\"><span style=\"font-size: 12pt; font-family: helvetica, arial, sans-serif;\">Realizar caminhadas e discuss\u00f5es, a partir do ato de (re)fotografar as \u201c100 Imagens da Arquitetura Pelotense\u201d (MOURA, SCHLEE, 1998), para repensar as pol\u00edticas p\u00fablicas de preserva\u00e7\u00e3o do patrim\u00f4nio cultural, a arquitetura e a cidade.<\/span><\/p>\n<p><span style=\"font-size: 14pt; font-family: helvetica, arial, sans-serif; background-color: #ffffff;\"><strong>Justificativa<\/strong><\/span><\/p>\n<p style=\"padding-left: 40px; text-align: justify;\"><span style=\"font-size: 12pt; font-family: helvetica, arial, sans-serif;\">O livro \u201c100 Imagens da Arquitetura Pelotense\u201d, de autoria dos professores Rosa Maria Garcia Rolim de Moura e Andrey Rosenthal Schlee, \u00e9 considerado ic\u00f4nico e fundamental para a constitui\u00e7\u00e3o de pol\u00edticas p\u00fablicas de preserva\u00e7\u00e3o do patrim\u00f4nio cultural na cidade de Pelotas. A partir da constata\u00e7\u00e3o de que parte desse patrim\u00f4nio, registrado nas \u201c100 imagens\u201d, tendo sua primeira edi\u00e7\u00e3o lan\u00e7ada em 1998 (MOURA, SCHLEE, 1998), atualmente apresentam-se descaracterizados ou at\u00e9 mesmo foram demolidos, se faz necess\u00e1ria a reflex\u00e3o e a atualiza\u00e7\u00e3o de a\u00e7\u00f5es e pol\u00edticas de prote\u00e7\u00e3o do patrim\u00f4nio arquitet\u00f4nico e urbano na cidade de Pelotas, al\u00e9m de compreender por que e como alguns est\u00e3o sendo preservados e outros n\u00e3o.<\/span><\/p>\n<p><span style=\"font-size: 14pt; font-family: helvetica, arial, sans-serif; background-color: #ffffff;\"><strong>Metodologia<\/strong><\/span><\/p>\n<p class=\"p1\" style=\"padding-left: 40px; text-align: justify;\"><span style=\"font-size: 12pt; font-family: helvetica, arial, sans-serif;\">As a\u00e7\u00f5es previstas no projeto de extens\u00e3o s\u00e3o de cunho dial\u00f3gico &#8211; freiriano &#8211; estabelecendo di\u00e1logos entre acad\u00eamicos, poder p\u00fablico e comunidade em geral , utilizando as caminhografias urbanas (caminhar e cartografar), como diagn\u00f3stico, participa\u00e7\u00e3o e avalia\u00e7\u00e3o de resultados.<\/span><\/p>\n<p><span style=\"font-size: 14pt; font-family: helvetica, arial, sans-serif; background-color: #ffffff;\"><strong>Indicadores, Metas e Resultados<\/strong><\/span><\/p>\n<p class=\"p1\" style=\"padding-left: 40px;\"><span style=\"font-size: 12pt; font-family: helvetica, arial, sans-serif;\"><strong>Ano 1<\/strong><\/span><\/p>\n<p class=\"p1\" style=\"padding-left: 40px;\"><span style=\"font-size: 12pt; font-family: helvetica, arial, sans-serif;\">1- Implementa\u00e7\u00e3o de website na plataforma wordpress da UFPel.<\/span><\/p>\n<p class=\"p1\" style=\"padding-left: 40px;\"><span style=\"font-size: 12pt; font-family: helvetica, arial, sans-serif;\">2 &#8211; Levantamentos e escaneamento de materiais pr\u00e9-existentes nas duas edi\u00e7\u00f5es do livro \u201c100 Imagens da Arquitetura Pelotense&#8221; e arquivos do <\/span><span style=\"font-size: 12pt; font-family: helvetica, arial, sans-serif;\">NEAB\/FAUrb\/UFPel.<\/span><\/p>\n<p class=\"p1\" style=\"padding-left: 40px;\"><span style=\"font-size: 12pt; font-family: helvetica, arial, sans-serif;\">3 &#8211; Encontro\/Entrevista com o Prof. Andrey Rosenthal Schlee.<\/span><\/p>\n<p class=\"p1\" style=\"padding-left: 40px;\"><span style=\"font-size: 12pt; font-family: helvetica, arial, sans-serif;\">4 &#8211; Mapeamento das 100 edifica\u00e7\u00f5es e estudo de roteiros para as caminhografias urbanas.<\/span><\/p>\n<p class=\"p1\" style=\"padding-left: 40px;\"><span style=\"font-size: 12pt; font-family: helvetica, arial, sans-serif;\"><strong>Ano 2<\/strong><\/span><\/p>\n<p class=\"p1\" style=\"padding-left: 40px;\"><span style=\"font-size: 12pt; font-family: helvetica, arial, sans-serif;\">5 &#8211; Caminhografias pelas \u201c100 Imagens da Arquitetura Pelotense\u201d, (re)fotografando.<\/span><\/p>\n<p class=\"p1\" style=\"padding-left: 40px;\"><span style=\"font-size: 12pt; font-family: helvetica, arial, sans-serif;\">6 &#8211; Organiza\u00e7\u00e3o do material coletado nas caminhografias.<\/span><\/p>\n<p class=\"p1\" style=\"padding-left: 40px;\"><span style=\"font-size: 12pt; font-family: helvetica, arial, sans-serif;\">7 &#8211; Organiza\u00e7\u00e3o de exposi\u00e7\u00e3o virtual e anal\u00f3gica.<\/span><\/p>\n<p class=\"p1\" style=\"padding-left: 40px;\"><span style=\"font-size: 12pt; font-family: helvetica, arial, sans-serif;\">8 &#8211; Evento: Semin\u00e1rio \u201c25 ANOS DEPOIS DAS 100 IMAGENS DA ARQUITETURA DE PELOTENSE\u201d.<\/span><\/p>\n<p class=\"p1\" style=\"padding-left: 40px;\"><span style=\"font-size: 12pt; font-family: helvetica, arial, sans-serif;\">9 &#8211; Abertura de exposi\u00e7\u00e3o na FAUrb\/UFPel.<\/span><\/p>\n<p class=\"p1\" style=\"padding-left: 40px;\"><span style=\"font-size: 12pt; font-family: helvetica, arial, sans-serif;\">10 &#8211; Reuni\u00e3o final de avalia\u00e7\u00e3o do projeto.<\/span><\/p>\n<p><span style=\"font-size: 14pt; font-family: helvetica, arial, sans-serif; background-color: #ffffff;\"><strong>Refer\u00eancias<\/strong><\/span><\/p>\n<p style=\"padding-left: 40px;\"><span style=\"font-size: 12pt; font-family: helvetica, arial, sans-serif;\">MOURA, Rosa Maria Garcia Rolim; SCHLEE, Andrey Rosenthal. <em>100 Imagens da Arquitetura Pelotense<\/em>. 1a. edi\u00e7\u00e3o. Pelotas: Pallotti, 1988.<\/span><\/p>\n<p style=\"padding-left: 40px;\"><span style=\"font-size: 12pt; font-family: helvetica, arial, sans-serif;\">MOURA, Rosa Maria Garcia Rolim; SCHLEE, Andrey Rosenthal. <em>100 Imagens da Arquitetura Pelotense<\/em>. 2a. edi\u00e7\u00e3o. Pelotas: Pallotti, 2002.<\/span><\/p>\n","protected":false},"excerpt":{"rendered":"<p>Resumo O projeto de extens\u00e3o, comemorativo aos 50 anos da FAUrb\/UFPel, pretende reunir estudantes, professores, pesquisadores e cidad\u00e3os, com o objetivo de: criar e praticar roteiros de caminhadas pelas 100 imagens da arquitetura pelotense, refotografando as \u201c100 Imagens da Arquitetura Pelotense\u201d (MOURA, SCHLEE, 1998) e organizar exposi\u00e7\u00e3o digital e anal\u00f3gica sobre o projeto; a fim [&hellip;]<\/p>\n","protected":false},"author":716,"featured_media":0,"parent":0,"menu_order":0,"comment_status":"closed","ping_status":"closed","template":"","meta":{"footnotes":""},"class_list":["post-17","page","type-page","status-publish","hentry","post"],"_links":{"self":[{"href":"https:\/\/wp.ufpel.edu.br\/100imagens\/wp-json\/wp\/v2\/pages\/17","targetHints":{"allow":["GET"]}}],"collection":[{"href":"https:\/\/wp.ufpel.edu.br\/100imagens\/wp-json\/wp\/v2\/pages"}],"about":[{"href":"https:\/\/wp.ufpel.edu.br\/100imagens\/wp-json\/wp\/v2\/types\/page"}],"author":[{"embeddable":true,"href":"https:\/\/wp.ufpel.edu.br\/100imagens\/wp-json\/wp\/v2\/users\/716"}],"replies":[{"embeddable":true,"href":"https:\/\/wp.ufpel.edu.br\/100imagens\/wp-json\/wp\/v2\/comments?post=17"}],"version-history":[{"count":20,"href":"https:\/\/wp.ufpel.edu.br\/100imagens\/wp-json\/wp\/v2\/pages\/17\/revisions"}],"predecessor-version":[{"id":955,"href":"https:\/\/wp.ufpel.edu.br\/100imagens\/wp-json\/wp\/v2\/pages\/17\/revisions\/955"}],"wp:attachment":[{"href":"https:\/\/wp.ufpel.edu.br\/100imagens\/wp-json\/wp\/v2\/media?parent=17"}],"curies":[{"name":"wp","href":"https:\/\/api.w.org\/{rel}","templated":true}]}}